{"id":7643,"date":"2026-02-24T14:36:21","date_gmt":"2026-02-24T13:36:21","guid":{"rendered":"https:\/\/dairytop.eu\/kaelberhaltung\/"},"modified":"2026-04-14T11:11:42","modified_gmt":"2026-04-14T09:11:42","slug":"kaelberhaltung","status":"publish","type":"page","link":"https:\/\/dairytop.eu\/de\/kaelberhaltung\/","title":{"rendered":"K\u00e4lberhaltung"},"content":{"rendered":"\t\t<div data-elementor-type=\"wp-page\" data-elementor-id=\"7643\" class=\"elementor elementor-7643 elementor-7555\" data-elementor-post-type=\"page\">\n\t\t\t\t\t\t<section class=\"elementor-section elementor-top-section elementor-element elementor-element-04472a6 elementor-section-height-min-height elementor-section-content-top elementor-section-boxed elementor-section-height-default elementor-section-items-middle\" data-id=\"04472a6\" data-element_type=\"section\" data-e-type=\"section\" data-settings=\"{&quot;background_background&quot;:&quot;classic&quot;}\">\n\t\t\t\t\t\t\t<div class=\"elementor-background-overlay\"><\/div>\n\t\t\t\t\t\t\t<div class=\"elementor-container elementor-column-gap-no\">\n\t\t\t\t\t<div class=\"elementor-column elementor-col-100 elementor-top-column elementor-element elementor-element-8145248\" data-id=\"8145248\" data-element_type=\"column\" data-e-type=\"column\" data-settings=\"{&quot;background_background&quot;:&quot;classic&quot;}\">\n\t\t\t<div class=\"elementor-widget-wrap elementor-element-populated\">\n\t\t\t\t\t\t<div class=\"elementor-element elementor-element-a936b3a elementor-widget elementor-widget-heading\" data-id=\"a936b3a\" data-element_type=\"widget\" data-e-type=\"widget\" data-widget_type=\"heading.default\">\n\t\t\t\t<div class=\"elementor-widget-container\">\n\t\t\t\t\t<h1 class=\"elementor-heading-title elementor-size-default\">K\u00e4lberhaltung<\/h1>\t\t\t\t<\/div>\n\t\t\t\t<\/div>\n\t\t\t\t\t<\/div>\n\t\t<\/div>\n\t\t\t\t\t<\/div>\n\t\t<\/section>\n\t\t\t\t<section class=\"elementor-section elementor-top-section elementor-element elementor-element-50576a2 elementor-section-boxed elementor-section-height-default elementor-section-height-default\" data-id=\"50576a2\" data-element_type=\"section\" data-e-type=\"section\">\n\t\t\t\t\t\t<div class=\"elementor-container elementor-column-gap-default\">\n\t\t\t\t\t<div class=\"elementor-column elementor-col-100 elementor-top-column elementor-element elementor-element-c18e2a9\" data-id=\"c18e2a9\" data-element_type=\"column\" data-e-type=\"column\">\n\t\t\t<div class=\"elementor-widget-wrap elementor-element-populated\">\n\t\t\t\t\t\t<div class=\"elementor-element elementor-element-c7d1950 elementor-widget elementor-widget-text-editor\" data-id=\"c7d1950\" data-element_type=\"widget\" data-e-type=\"widget\" data-widget_type=\"text-editor.default\">\n\t\t\t\t<div class=\"elementor-widget-container\">\n\t\t\t\t\t\t\t\t\t<p>DairyTop bietet eine gro\u00dfe Auswahl an K\u00e4lberst\u00e4llen f\u00fcr neugeborene K\u00e4lber und K\u00e4lber, die bereits in Gruppen gehalten werden k\u00f6nnen. Alles, was Sie f\u00fcr eine gesunde und tierfreundliche Aufzucht Ihrer K\u00e4lber ben\u00f6tigen. <\/p><p><strong>Mass angefertigt!<br><\/strong>DairyTop ist spezialisiert auf ma\u00dfgefertigte Projekte im Innen- und Au\u00dfenbereich. Wir statten nahezu jeden Raum mit Kunststoff aus und realisieren so Ihren Wunsch-K\u00e4lberstall! Unsere Projektspezialisten besuchen Sie gerne, um Ihre Anforderungen zu besprechen.  <\/p><p><strong>Zu fragen?<br><\/strong>Wenn Sie Fragen zur optimalen K\u00e4lberhaltung \u2013 ob Einzel- oder Gruppenhaltung \u2013 f\u00fcr Ihren Betrieb haben, z\u00f6gern Sie bitte nicht, uns zu kontaktieren. Wir beraten Sie gerne unabh\u00e4ngig zu allen Systemen. <\/p>\t\t\t\t\t\t\t\t<\/div>\n\t\t\t\t<\/div>\n\t\t\t\t<div class=\"elementor-element elementor-element-3abf91a elementor-position-left elementor-vertical-align-top elementor-widget elementor-widget-image-box\" data-id=\"3abf91a\" data-element_type=\"widget\" data-e-type=\"widget\" data-widget_type=\"image-box.default\">\n\t\t\t\t<div class=\"elementor-widget-container\">\n\t\t\t\t\t<div class=\"elementor-image-box-wrapper\"><figure class=\"elementor-image-box-img\"><a href=\"https:\/\/dairytop.eu\/de\/Produktkategorie\/kaelberhaltung\/einzelhaltung\/\" tabindex=\"-1\"><img decoding=\"async\" src=\"https:\/\/dairytop.eu\/wp-content\/uploads\/elementor\/thumbs\/492f6dba-bd6e-4b2c-ae1a-d17661dcf3f0-rk3spetp7mydwgmo0w4pzeotxtnwycobjpejey6o5s.png\" title=\"492f6dba-bd6e-4b2c-ae1a-d17661dcf3f0\" alt=\"492f6dba-bd6e-4b2c-ae1a-d17661dcf3f0\" loading=\"lazy\" \/><\/a><\/figure><div class=\"elementor-image-box-content\"><h3 class=\"elementor-image-box-title\"><a href=\"https:\/\/dairytop.eu\/de\/Produktkategorie\/kaelberhaltung\/einzelhaltung\/\">Einzelhaltung<\/a><\/h3><p class=\"elementor-image-box-description\">\nK\u00e4lber haben in den ersten Lebenswochen noch kein starkes Immunsystem und werden daher isoliert gehalten. Unsere Einzelk\u00e4lberhaltung erf\u00fcllt alle Anforderungen der Tierschutzverordnung.   <\/p><\/div><\/div>\t\t\t\t<\/div>\n\t\t\t\t<\/div>\n\t\t\t\t<div class=\"elementor-element elementor-element-cf80c9b elementor-position-left elementor-vertical-align-top elementor-widget elementor-widget-image-box\" data-id=\"cf80c9b\" data-element_type=\"widget\" data-e-type=\"widget\" data-widget_type=\"image-box.default\">\n\t\t\t\t<div class=\"elementor-widget-container\">\n\t\t\t\t\t<div class=\"elementor-image-box-wrapper\"><figure class=\"elementor-image-box-img\"><a href=\"https:\/\/dairytop.eu\/de\/Produktkategorie\/kalberstalle\/gruppenunterkunft\/\" tabindex=\"-1\"><img decoding=\"async\" src=\"https:\/\/dairytop.eu\/wp-content\/uploads\/elementor\/thumbs\/PagHVGroepshuisvesting-rjmkxlp36vrqlxrzbhnf0pr3xdqc0ac8mi4xag4kpc.jpg\" title=\"PagHVGroup-Unterk\u00fcnfte\" alt=\"PagHVGroup-Unterk\u00fcnfte\" loading=\"lazy\" \/><\/a><\/figure><div class=\"elementor-image-box-content\"><h3 class=\"elementor-image-box-title\"><a href=\"https:\/\/dairytop.eu\/de\/Produktkategorie\/kalberstalle\/gruppenunterkunft\/\">Gruppenunterkunft<\/a><\/h3><p class=\"elementor-image-box-description\">Ab der dritten Lebenswoche k\u00f6nnen K\u00e4lber in kleinen, altersgerechten Gruppen gehalten werden. Dies f\u00f6rdert ihr Wohlbefinden und ihr Sozialverhalten als Herdentiere. Bei optimaler Umsetzung f\u00fchrt dies zudem in der Regel zu einer h\u00f6heren Futteraufnahme.  <\/p><\/div><\/div>\t\t\t\t<\/div>\n\t\t\t\t<\/div>\n\t\t\t\t<div class=\"elementor-element elementor-element-d7ffd35 elementor-position-left elementor-vertical-align-top elementor-widget elementor-widget-image-box\" data-id=\"d7ffd35\" data-element_type=\"widget\" data-e-type=\"widget\" data-widget_type=\"image-box.default\">\n\t\t\t\t<div class=\"elementor-widget-container\">\n\t\t\t\t\t<div class=\"elementor-image-box-wrapper\"><figure class=\"elementor-image-box-img\"><a href=\"https:\/\/dairytop.eu\/de\/Produktkategorie\/kalberstalle\/optima-klima-kalberstall\/\" tabindex=\"-1\"><img decoding=\"async\" src=\"https:\/\/dairytop.eu\/wp-content\/uploads\/elementor\/thumbs\/PagHVOptimaClima-rjmkxf47v1iqco1jdwt119evromriem49lkixiebww.jpg\" title=\"PagHVOptimaClima\" alt=\"PagHVOptimaClima\" loading=\"lazy\" \/><\/a><\/figure><div class=\"elementor-image-box-content\"><h3 class=\"elementor-image-box-title\"><a href=\"https:\/\/dairytop.eu\/de\/Produktkategorie\/kalberstalle\/optima-klima-kalberstall\/\">Optima Klima Stall (OKS)<\/a><\/h3><p class=\"elementor-image-box-description\">\nDer Optima Klima Stall bietet Ihren K\u00e4lbern optimale Wachstumsbedingungen. Sie profitieren von perfekter Luftqualit\u00e4t und haben jederzeit problemlos Zugang zu Futter und Wasser. Die St\u00e4lle bestehen aus stabilen, UV- und s\u00e4urebest\u00e4ndigen Kunststoffpaneelen. Die 5 cm dicken W\u00e4nde sind mit Edelstahl-U-Profilen am Betonfundament befestigt. F\u00fcr ein ganzj\u00e4hrig optimales Klima ist das Dach mit Sandwichpaneelen perfekt isoliert.    <\/p><\/div><\/div>\t\t\t\t<\/div>\n\t\t\t\t<\/div>\n\t\t\t\t<div class=\"elementor-element elementor-element-cf28c5a elementor-position-left elementor-vertical-align-top elementor-widget elementor-widget-image-box\" data-id=\"cf28c5a\" data-element_type=\"widget\" data-e-type=\"widget\" data-widget_type=\"image-box.default\">\n\t\t\t\t<div class=\"elementor-widget-container\">\n\t\t\t\t\t<div class=\"elementor-image-box-wrapper\"><figure class=\"elementor-image-box-img\"><a href=\"https:\/\/dairytop.eu\/de\/Produktkategorie\/kalberstalle\/calfotel\/\" tabindex=\"-1\"><img decoding=\"async\" src=\"https:\/\/dairytop.eu\/wp-content\/uploads\/elementor\/thumbs\/PagHVCalfOtel-rjmkx3u5l13ahchx7rxi7c9cn26cy1dc81qp66v1zk.png\" title=\"PagHVCalfOtel\" alt=\"PagHVCalfOtel\" loading=\"lazy\" \/><\/a><\/figure><div class=\"elementor-image-box-content\"><h3 class=\"elementor-image-box-title\"><a href=\"https:\/\/dairytop.eu\/de\/Produktkategorie\/kalberstalle\/calfotel\/\">CalfOtel<\/a><\/h3><p class=\"elementor-image-box-description\">DairyTop bietet eine gro\u00dfe Auswahl an hochwertigen K\u00e4lberboxen in verschiedenen Ausf\u00fchrungen und Modellen. Diese Boxen zeichnen sich durch ein optimales Klima und geringen Arbeitsaufwand aus. Mit ihnen schaffen Sie optimale Haltungsbedingungen f\u00fcr Ihre K\u00e4lber.  <\/p><\/div><\/div>\t\t\t\t<\/div>\n\t\t\t\t<\/div>\n\t\t\t\t\t<\/div>\n\t\t<\/div>\n\t\t\t\t\t<\/div>\n\t\t<\/section>\n\t\t\t\t<\/div>\n\t\t","protected":false},"excerpt":{"rendered":"<p>K\u00e4lberhaltung DairyTop bietet eine gro\u00dfe Auswahl an K\u00e4lberst\u00e4llen f\u00fcr neugeborene K\u00e4lber und K\u00e4lber, die bereits in Gruppen gehalten werden k\u00f6nnen. Alles, was Sie f\u00fcr eine gesunde und tierfreundliche Aufzucht Ihrer K\u00e4lber ben\u00f6tigen. Mass angefertigt!DairyTop ist spezialisiert auf ma\u00dfgefertigte Projekte im Innen- und Au\u00dfenbereich. Wir statten nahezu jeden Raum mit Kunststoff aus und realisieren so Ihren [&hellip;]<\/p>\n","protected":false},"author":4,"featured_media":0,"parent":0,"menu_order":0,"comment_status":"closed","ping_status":"closed","template":"","meta":{"site-sidebar-layout":"no-sidebar","site-content-layout":"page-builder","ast-site-content-layout":"full-width-container","site-content-style":"default","site-sidebar-style":"default","ast-global-header-display":"","ast-banner-title-visibility":"","ast-main-header-display":"","ast-hfb-above-header-display":"","ast-hfb-below-header-display":"","ast-hfb-mobile-header-display":"","site-post-title":"","ast-breadcrumbs-content":"","ast-featured-img":"disabled","footer-sml-layout":"","ast-disable-related-posts":"","theme-transparent-header-meta":"","adv-header-id-meta":"","stick-header-meta":"","header-above-stick-meta":"","header-main-stick-meta":"","header-below-stick-meta":"","astra-migrate-meta-layouts":"default","ast-page-background-enabled":"default","ast-page-background-meta":{"desktop":{"background-color":"var(--ast-global-color-4)","background-image":"","background-repeat":"repeat","background-position":"center center","background-size":"auto","background-attachment":"scroll","background-type":"","background-media":"","overlay-type":"","overlay-color":"","overlay-opacity":"","overlay-gradient":""},"tablet":{"background-color":"","background-image":"","background-repeat":"repeat","background-position":"center center","background-size":"auto","background-attachment":"scroll","background-type":"","background-media":"","overlay-type":"","overlay-color":"","overlay-opacity":"","overlay-gradient":""},"mobile":{"background-color":"","background-image":"","background-repeat":"repeat","background-position":"center center","background-size":"auto","background-attachment":"scroll","background-type":"","background-media":"","overlay-type":"","overlay-color":"","overlay-opacity":"","overlay-gradient":""}},"ast-content-background-meta":{"desktop":{"background-color":"var(--ast-global-color-5)","background-image":"","background-repeat":"repeat","background-position":"center center","background-size":"auto","background-attachment":"scroll","background-type":"","background-media":"","overlay-type":"","overlay-color":"","overlay-opacity":"","overlay-gradient":""},"tablet":{"background-color":"var(--ast-global-color-5)","background-image":"","background-repeat":"repeat","background-position":"center center","background-size":"auto","background-attachment":"scroll","background-type":"","background-media":"","overlay-type":"","overlay-color":"","overlay-opacity":"","overlay-gradient":""},"mobile":{"background-color":"var(--ast-global-color-5)","background-image":"","background-repeat":"repeat","background-position":"center center","background-size":"auto","background-attachment":"scroll","background-type":"","background-media":"","overlay-type":"","overlay-color":"","overlay-opacity":"","overlay-gradient":""}},"footnotes":""},"class_list":["post-7643","page","type-page","status-publish","hentry"],"_links":{"self":[{"href":"https:\/\/dairytop.eu\/de\/wp-json\/wp\/v2\/pages\/7643","targetHints":{"allow":["GET"]}}],"collection":[{"href":"https:\/\/dairytop.eu\/de\/wp-json\/wp\/v2\/pages"}],"about":[{"href":"https:\/\/dairytop.eu\/de\/wp-json\/wp\/v2\/types\/page"}],"author":[{"embeddable":true,"href":"https:\/\/dairytop.eu\/de\/wp-json\/wp\/v2\/users\/4"}],"replies":[{"embeddable":true,"href":"https:\/\/dairytop.eu\/de\/wp-json\/wp\/v2\/comments?post=7643"}],"version-history":[{"count":10,"href":"https:\/\/dairytop.eu\/de\/wp-json\/wp\/v2\/pages\/7643\/revisions"}],"predecessor-version":[{"id":9371,"href":"https:\/\/dairytop.eu\/de\/wp-json\/wp\/v2\/pages\/7643\/revisions\/9371"}],"wp:attachment":[{"href":"https:\/\/dairytop.eu\/de\/wp-json\/wp\/v2\/media?parent=7643"}],"curies":[{"name":"wp","href":"https:\/\/api.w.org\/{rel}","templated":true}]}}