{"id":10393,"date":"2026-04-20T11:47:25","date_gmt":"2026-04-20T09:47:25","guid":{"rendered":"https:\/\/dairytop.eu\/product\/dairytop-quattro-kaelberbox-xl-mit-klappbarem-boden\/"},"modified":"2026-04-20T11:47:25","modified_gmt":"2026-04-20T09:47:25","slug":"dairytop-quattro-kaelberbox-xl-mit-klappbarem-boden","status":"publish","type":"product","link":"https:\/\/dairytop.eu\/de\/product\/dairytop-quattro-kaelberbox-xl-mit-klappbarem-boden\/","title":{"rendered":"Dairytop Quattro K\u00e4lberbox XL mit klappbarem Boden"},"content":{"rendered":"","protected":false},"excerpt":{"rendered":"<p>Der DairyTop Quattro XL mit klappbarem Boden kann als Einzelbox und als Gruppenbox f\u00fcr bis zu vier K\u00e4lber genutzt werden.<br \/>\n<strong>Abmessungen:<br \/>\n<\/strong> Innenma\u00dfe: 2000 mm tief x 1100 mm breit<br \/>\n \u00c4u\u00dfere Abmessungen des Ger\u00e4ts: Breite = 4650 mm, Tiefe = 2100 mm<br \/>\n Dach: Breite = 5000 x 3000 mm<br \/>\n<strong>Wandst\u00e4rke der Au\u00dfen- und Trennw\u00e4nde ca. 50 mm, Polypropylen-Kunststoffplatten<\/p>\n<p> Der Boden ist mit einem manuell bedienbaren Klappboden ausgestattet, der f\u00fcr jeweils zwei Schlafpl\u00e4tze gekippt werden kann.<\/strong><br \/>\n Dach: Sandwich-Dachpaneel 40\/75 mm, Farbe Anthrazit. L\u00e4nge = 3000 mm <\/p>\n<p>Das Vordertor besteht aus zwei Teilen, einem mit einer F\u00fctterungs\u00f6ffnung und dem anderen mit einem Halter f\u00fcr einen Zitzeneimer.<br \/>\n Durch das Entfernen der Trennw\u00e4nde mit einer L\u00e4nge von ca. 2150 mm entsteht ein Duohok mit einer Oberfl\u00e4che von 4,5 m\u00b2.<\/p>\n<p><strong>Pro K\u00e4lberbox wird folgendes Zubeh\u00f6r mitgeliefert:<\/strong><br \/>\n Doppelter Eimerring, 2x Futternapf 8L, Saugeimerhalter und Hiko K\u00e4lbertr\u00e4nkeeimer TK9<\/p>\n","protected":false},"featured_media":10381,"template":"","meta":{"site-sidebar-layout":"default","site-content-layout":"","ast-site-content-layout":"default","site-content-style":"default","site-sidebar-style":"default","ast-global-header-display":"","ast-banner-title-visibility":"","ast-main-header-display":"","ast-hfb-above-header-display":"","ast-hfb-below-header-display":"","ast-hfb-mobile-header-display":"","site-post-title":"","ast-breadcrumbs-content":"","ast-featured-img":"","footer-sml-layout":"","ast-disable-related-posts":"","theme-transparent-header-meta":"default","adv-header-id-meta":"","stick-header-meta":"default","header-above-stick-meta":"","header-main-stick-meta":"","header-below-stick-meta":"","astra-migrate-meta-layouts":"default","ast-page-background-enabled":"default","ast-page-background-meta":{"desktop":{"background-color":"var(--ast-global-color-4)","background-image":"","background-repeat":"repeat","background-position":"center center","background-size":"auto","background-attachment":"scroll","background-type":"","background-media":"","overlay-type":"","overlay-color":"","overlay-opacity":"","overlay-gradient":""},"tablet":{"background-color":"","background-image":"","background-repeat":"repeat","background-position":"center center","background-size":"auto","background-attachment":"scroll","background-type":"","background-media":"","overlay-type":"","overlay-color":"","overlay-opacity":"","overlay-gradient":""},"mobile":{"background-color":"","background-image":"","background-repeat":"repeat","background-position":"center center","background-size":"auto","background-attachment":"scroll","background-type":"","background-media":"","overlay-type":"","overlay-color":"","overlay-opacity":"","overlay-gradient":""}},"ast-content-background-meta":{"desktop":{"background-color":"var(--ast-global-color-5)","background-image":"","background-repeat":"repeat","background-position":"center center","background-size":"auto","background-attachment":"scroll","background-type":"","background-media":"","overlay-type":"","overlay-color":"","overlay-opacity":"","overlay-gradient":""},"tablet":{"background-color":"var(--ast-global-color-5)","background-image":"","background-repeat":"repeat","background-position":"center center","background-size":"auto","background-attachment":"scroll","background-type":"","background-media":"","overlay-type":"","overlay-color":"","overlay-opacity":"","overlay-gradient":""},"mobile":{"background-color":"var(--ast-global-color-5)","background-image":"","background-repeat":"repeat","background-position":"center center","background-size":"auto","background-attachment":"scroll","background-type":"","background-media":"","overlay-type":"","overlay-color":"","overlay-opacity":"","overlay-gradient":""}}},"product_brand":[],"product_cat":[256,240,295],"product_tag":[],"class_list":{"0":"post-10393","1":"product","2":"type-product","3":"status-publish","4":"has-post-thumbnail","6":"product_cat-alle-produkten-3","7":"product_cat-gruppenbuchten","8":"product_cat-gruppenunterkunft","9":"desktop-align-center","10":"tablet-align-left","11":"mobile-align-left","12":"ast-product-gallery-layout-horizontal","13":"ast-product-tabs-layout-horizontal","15":"first","16":"instock","17":"taxable","18":"shipping-taxable","19":"product-type-simple"},"_links":{"self":[{"href":"https:\/\/dairytop.eu\/de\/wp-json\/wp\/v2\/product\/10393","targetHints":{"allow":["GET"]}}],"collection":[{"href":"https:\/\/dairytop.eu\/de\/wp-json\/wp\/v2\/product"}],"about":[{"href":"https:\/\/dairytop.eu\/de\/wp-json\/wp\/v2\/types\/product"}],"version-history":[{"count":0,"href":"https:\/\/dairytop.eu\/de\/wp-json\/wp\/v2\/product\/10393\/revisions"}],"wp:featuredmedia":[{"embeddable":true,"href":"https:\/\/dairytop.eu\/de\/wp-json\/wp\/v2\/media\/10381"}],"wp:attachment":[{"href":"https:\/\/dairytop.eu\/de\/wp-json\/wp\/v2\/media?parent=10393"}],"wp:term":[{"taxonomy":"product_brand","embeddable":true,"href":"https:\/\/dairytop.eu\/de\/wp-json\/wp\/v2\/product_brand?post=10393"},{"taxonomy":"product_cat","embeddable":true,"href":"https:\/\/dairytop.eu\/de\/wp-json\/wp\/v2\/product_cat?post=10393"},{"taxonomy":"product_tag","embeddable":true,"href":"https:\/\/dairytop.eu\/de\/wp-json\/wp\/v2\/product_tag?post=10393"}],"curies":[{"name":"wp","href":"https:\/\/api.w.org\/{rel}","templated":true}]}}