{"id":10404,"date":"2026-04-20T11:56:19","date_gmt":"2026-04-20T09:56:19","guid":{"rendered":"https:\/\/dairytop.eu\/product\/optima-climate-stable-next-gen\/"},"modified":"2026-04-21T15:03:16","modified_gmt":"2026-04-21T13:03:16","slug":"optima-climate-stable-next-gen","status":"publish","type":"product","link":"https:\/\/dairytop.eu\/de\/product\/optima-climate-stable-next-gen\/","title":{"rendered":"Optima Climate Stable Next Gen"},"content":{"rendered":"","protected":false},"excerpt":{"rendered":"<p>Der Optima Klima Kalverstal Next Gen ist ein K\u00e4lberstall, der f\u00fcr 4 bis 8 K\u00e4lber pro Abteil geeignet ist.<\/p>\n<p>Der Optima Klima Stable Next Gen bietet Ihren K\u00e4lbern dank perfekter Luftqualit\u00e4t und einfachem Zugang zu Futter und Wasser optimale Wachstumsbedingungen. Mit dem OKS k\u00f6nnen Sie Ihre K\u00e4lber einfach und effizient aufziehen.<\/p>\n<p>Die OKS-St\u00e4lle bestehen aus komplett geschlossenen, stabilen, UV- und s\u00e4urebest\u00e4ndigen Kunststoffpaneelen. Die Wandst\u00e4rke betr\u00e4gt 5 cm, die mit Edelstahl-U-Profilen auf Beton befestigt werden. Durch die einfache Bauweise l\u00e4sst sich das System endlos erweitern.  <\/p>\n<p>Perfekt isolierte Sandwichpaneele bilden das Dach des OKS, die im Sommer wie im Winter ein optimales Klima in den Abteilen garantieren.<\/p>\n<p><strong>Optimale Tierkontrolle:<\/strong><br \/>\n Kleine K\u00e4lbergruppen erm\u00f6glichen eine optimale Tierkontrolle, und die T\u00fcr im Vordertor bietet schnellen Zugang zu Ihren Tieren. Der OKS bietet Platz f\u00fcr 6\u20138 K\u00e4lber. Das Vordertor l\u00e4sst sich leicht abnehmen, sodass Sie die Buchten problemlos reinigen k\u00f6nnen.  <\/p>\n<p><strong>Einfache F\u00fctterung<\/strong> :<\/p>\n<p>Durch die Verwendung der Milkbar und eines Futtertrogs k\u00f6nnen Sie sehr einfach und effizient f\u00fcttern.<br \/>\nWasser ist \u00fcber eine Tr\u00e4nke verf\u00fcgbar, die an die Wasserleitung angeschlossen ist.<\/p>\n<p>Optional sind in der OKS-Abteilung Einzelboxen, Doppelboxen oder eine Doppelt\u00fcr f\u00fcr Lager\/Futterk\u00fcche erh\u00e4ltlich.<\/p>\n<p><strong>ABMESSUNGEN:<br \/>\n<\/strong> Innenraum pro Stall: L = 5100 mm x B = 3000 mm x H1 = 1960 mm x H2 = 2400 mm.<br \/>\n Fl\u00e4che pro Abteilung 15,3 m\u00b2<br \/>\n Dachpaneele 6500 mm<br \/>\n Haupteingang (einschlie\u00dflich Fu\u00dfg\u00e4ngerdurchgang): 3000 mm<\/p>\n","protected":false},"featured_media":10405,"template":"","meta":{"site-sidebar-layout":"default","site-content-layout":"","ast-site-content-layout":"default","site-content-style":"default","site-sidebar-style":"default","ast-global-header-display":"","ast-banner-title-visibility":"","ast-main-header-display":"","ast-hfb-above-header-display":"","ast-hfb-below-header-display":"","ast-hfb-mobile-header-display":"","site-post-title":"","ast-breadcrumbs-content":"","ast-featured-img":"","footer-sml-layout":"","ast-disable-related-posts":"","theme-transparent-header-meta":"default","adv-header-id-meta":"","stick-header-meta":"default","header-above-stick-meta":"","header-main-stick-meta":"","header-below-stick-meta":"","astra-migrate-meta-layouts":"default","ast-page-background-enabled":"default","ast-page-background-meta":{"desktop":{"background-color":"var(--ast-global-color-4)","background-image":"","background-repeat":"repeat","background-position":"center center","background-size":"auto","background-attachment":"scroll","background-type":"","background-media":"","overlay-type":"","overlay-color":"","overlay-opacity":"","overlay-gradient":""},"tablet":{"background-color":"","background-image":"","background-repeat":"repeat","background-position":"center center","background-size":"auto","background-attachment":"scroll","background-type":"","background-media":"","overlay-type":"","overlay-color":"","overlay-opacity":"","overlay-gradient":""},"mobile":{"background-color":"","background-image":"","background-repeat":"repeat","background-position":"center center","background-size":"auto","background-attachment":"scroll","background-type":"","background-media":"","overlay-type":"","overlay-color":"","overlay-opacity":"","overlay-gradient":""}},"ast-content-background-meta":{"desktop":{"background-color":"var(--ast-global-color-5)","background-image":"","background-repeat":"repeat","background-position":"center center","background-size":"auto","background-attachment":"scroll","background-type":"","background-media":"","overlay-type":"","overlay-color":"","overlay-opacity":"","overlay-gradient":""},"tablet":{"background-color":"var(--ast-global-color-5)","background-image":"","background-repeat":"repeat","background-position":"center center","background-size":"auto","background-attachment":"scroll","background-type":"","background-media":"","overlay-type":"","overlay-color":"","overlay-opacity":"","overlay-gradient":""},"mobile":{"background-color":"var(--ast-global-color-5)","background-image":"","background-repeat":"repeat","background-position":"center center","background-size":"auto","background-attachment":"scroll","background-type":"","background-media":"","overlay-type":"","overlay-color":"","overlay-opacity":"","overlay-gradient":""}}},"product_brand":[],"product_cat":[295,267,253],"product_tag":[],"class_list":{"0":"post-10404","1":"product","2":"type-product","3":"status-publish","4":"has-post-thumbnail","6":"product_cat-gruppenunterkunft","7":"product_cat-kalberstalle","8":"product_cat-optima-klima-kalberstall","9":"desktop-align-center","10":"tablet-align-left","11":"mobile-align-left","12":"ast-product-gallery-layout-horizontal","13":"ast-product-gallery-with-no-image","14":"ast-product-tabs-layout-horizontal","16":"first","17":"instock","18":"taxable","19":"shipping-taxable","20":"product-type-simple"},"_links":{"self":[{"href":"https:\/\/dairytop.eu\/de\/wp-json\/wp\/v2\/product\/10404","targetHints":{"allow":["GET"]}}],"collection":[{"href":"https:\/\/dairytop.eu\/de\/wp-json\/wp\/v2\/product"}],"about":[{"href":"https:\/\/dairytop.eu\/de\/wp-json\/wp\/v2\/types\/product"}],"version-history":[{"count":3,"href":"https:\/\/dairytop.eu\/de\/wp-json\/wp\/v2\/product\/10404\/revisions"}],"predecessor-version":[{"id":10548,"href":"https:\/\/dairytop.eu\/de\/wp-json\/wp\/v2\/product\/10404\/revisions\/10548"}],"wp:featuredmedia":[{"embeddable":true,"href":"https:\/\/dairytop.eu\/de\/wp-json\/wp\/v2\/media\/10405"}],"wp:attachment":[{"href":"https:\/\/dairytop.eu\/de\/wp-json\/wp\/v2\/media?parent=10404"}],"wp:term":[{"taxonomy":"product_brand","embeddable":true,"href":"https:\/\/dairytop.eu\/de\/wp-json\/wp\/v2\/product_brand?post=10404"},{"taxonomy":"product_cat","embeddable":true,"href":"https:\/\/dairytop.eu\/de\/wp-json\/wp\/v2\/product_cat?post=10404"},{"taxonomy":"product_tag","embeddable":true,"href":"https:\/\/dairytop.eu\/de\/wp-json\/wp\/v2\/product_tag?post=10404"}],"curies":[{"name":"wp","href":"https:\/\/api.w.org\/{rel}","templated":true}]}}