{"id":10421,"date":"2026-04-20T15:19:50","date_gmt":"2026-04-20T13:19:50","guid":{"rendered":"https:\/\/dairytop.eu\/product\/gemuetlicher-kaelberstall\/"},"modified":"2026-04-20T23:02:15","modified_gmt":"2026-04-20T21:02:15","slug":"gemuetlicher-kaelberstall","status":"publish","type":"product","link":"https:\/\/dairytop.eu\/de\/product\/gemuetlicher-kaelberstall\/","title":{"rendered":"Gem\u00fctlicher K\u00e4lberstall"},"content":{"rendered":"","protected":false},"excerpt":{"rendered":"<p>Der Cosy Calf Barn ist ein K\u00e4lberstall, der sowohl als Einzelbox als auch als Gruppenstall f\u00fcr bis zu 4 K\u00e4lber genutzt werden kann.<br \/>\n Abmessungen:<br \/>\n Innenma\u00dfe: 2200 mm tief x 1000 mm breit.<br \/>\n \u00c4u\u00dfere Abmessungen pro Abschnitt von 4 einzelnen Kartons:<br \/>\n Durch das Entfernen der Trennw\u00e4nde mit einer L\u00e4nge von ca. 2350 mm entsteht ein Duohok mit einer Oberfl\u00e4che von 4,5 m\u00b2.<\/p>\n<p><strong>Wandst\u00e4rke der Au\u00dfen- und Trennw\u00e4nde ca. 50 mm, Polypropylen-Kunststoffplatten<\/p>\n<p><\/strong> Dach: Sandwich-Dachpaneel 40\/75 mm, Farbe Anthrazit. L\u00e4nge = 3000 mm <strong><\/p>\n<p><\/strong>Pro K\u00e4lberbox wird folgendes Zubeh\u00f6r mitgeliefert:<br \/>\n Doppelter Eimerring, 2x Futternapf 8L, Saugeimerhalter und Hiko K\u00e4lbertr\u00e4nkeeimer TK9<strong><br \/>\n<\/strong><\/p>\n","protected":false},"featured_media":10410,"template":"","meta":{"site-sidebar-layout":"default","site-content-layout":"","ast-site-content-layout":"default","site-content-style":"default","site-sidebar-style":"default","ast-global-header-display":"","ast-banner-title-visibility":"","ast-main-header-display":"","ast-hfb-above-header-display":"","ast-hfb-below-header-display":"","ast-hfb-mobile-header-display":"","site-post-title":"","ast-breadcrumbs-content":"","ast-featured-img":"","footer-sml-layout":"","ast-disable-related-posts":"","theme-transparent-header-meta":"default","adv-header-id-meta":"","stick-header-meta":"default","header-above-stick-meta":"","header-main-stick-meta":"","header-below-stick-meta":"","astra-migrate-meta-layouts":"default","ast-page-background-enabled":"default","ast-page-background-meta":{"desktop":{"background-color":"var(--ast-global-color-4)","background-image":"","background-repeat":"repeat","background-position":"center center","background-size":"auto","background-attachment":"scroll","background-type":"","background-media":"","overlay-type":"","overlay-color":"","overlay-opacity":"","overlay-gradient":""},"tablet":{"background-color":"","background-image":"","background-repeat":"repeat","background-position":"center center","background-size":"auto","background-attachment":"scroll","background-type":"","background-media":"","overlay-type":"","overlay-color":"","overlay-opacity":"","overlay-gradient":""},"mobile":{"background-color":"","background-image":"","background-repeat":"repeat","background-position":"center center","background-size":"auto","background-attachment":"scroll","background-type":"","background-media":"","overlay-type":"","overlay-color":"","overlay-opacity":"","overlay-gradient":""}},"ast-content-background-meta":{"desktop":{"background-color":"var(--ast-global-color-5)","background-image":"","background-repeat":"repeat","background-position":"center center","background-size":"auto","background-attachment":"scroll","background-type":"","background-media":"","overlay-type":"","overlay-color":"","overlay-opacity":"","overlay-gradient":""},"tablet":{"background-color":"var(--ast-global-color-5)","background-image":"","background-repeat":"repeat","background-position":"center center","background-size":"auto","background-attachment":"scroll","background-type":"","background-media":"","overlay-type":"","overlay-color":"","overlay-opacity":"","overlay-gradient":""},"mobile":{"background-color":"var(--ast-global-color-5)","background-image":"","background-repeat":"repeat","background-position":"center center","background-size":"auto","background-attachment":"scroll","background-type":"","background-media":"","overlay-type":"","overlay-color":"","overlay-opacity":"","overlay-gradient":""}}},"product_brand":[],"product_cat":[240,295,267],"product_tag":[],"class_list":{"0":"post-10421","1":"product","2":"type-product","3":"status-publish","4":"has-post-thumbnail","6":"product_cat-gruppenbuchten","7":"product_cat-gruppenunterkunft","8":"product_cat-kalberstalle","9":"desktop-align-center","10":"tablet-align-left","11":"mobile-align-left","12":"ast-product-gallery-layout-horizontal","13":"ast-product-tabs-layout-horizontal","15":"first","16":"instock","17":"taxable","18":"shipping-taxable","19":"product-type-simple"},"_links":{"self":[{"href":"https:\/\/dairytop.eu\/de\/wp-json\/wp\/v2\/product\/10421","targetHints":{"allow":["GET"]}}],"collection":[{"href":"https:\/\/dairytop.eu\/de\/wp-json\/wp\/v2\/product"}],"about":[{"href":"https:\/\/dairytop.eu\/de\/wp-json\/wp\/v2\/types\/product"}],"version-history":[{"count":1,"href":"https:\/\/dairytop.eu\/de\/wp-json\/wp\/v2\/product\/10421\/revisions"}],"predecessor-version":[{"id":10433,"href":"https:\/\/dairytop.eu\/de\/wp-json\/wp\/v2\/product\/10421\/revisions\/10433"}],"wp:featuredmedia":[{"embeddable":true,"href":"https:\/\/dairytop.eu\/de\/wp-json\/wp\/v2\/media\/10410"}],"wp:attachment":[{"href":"https:\/\/dairytop.eu\/de\/wp-json\/wp\/v2\/media?parent=10421"}],"wp:term":[{"taxonomy":"product_brand","embeddable":true,"href":"https:\/\/dairytop.eu\/de\/wp-json\/wp\/v2\/product_brand?post=10421"},{"taxonomy":"product_cat","embeddable":true,"href":"https:\/\/dairytop.eu\/de\/wp-json\/wp\/v2\/product_cat?post=10421"},{"taxonomy":"product_tag","embeddable":true,"href":"https:\/\/dairytop.eu\/de\/wp-json\/wp\/v2\/product_tag?post=10421"}],"curies":[{"name":"wp","href":"https:\/\/api.w.org\/{rel}","templated":true}]}}