{"id":10437,"date":"2026-04-20T15:43:59","date_gmt":"2026-04-20T13:43:59","guid":{"rendered":"https:\/\/dairytop.eu\/product\/optima-climate-stable-xl\/"},"modified":"2026-04-20T15:44:18","modified_gmt":"2026-04-20T13:44:18","slug":"optima-climate-stable-xl","status":"publish","type":"product","link":"https:\/\/dairytop.eu\/de\/product\/optima-climate-stable-xl\/","title":{"rendered":"Optima Climate Stable XL"},"content":{"rendered":"","protected":false},"excerpt":{"rendered":"<p>Der OKS XL (Optima Klima Stal XL) bietet Ihren K\u00e4lbern durch optimale Luftqualit\u00e4t und einfachen Zugang zu Futter und Wasser ein hervorragendes Umfeld f\u00fcr bestes Wachstum. Mit dem OKS k\u00f6nnen Sie Ihre K\u00e4lber einfach und effizient aufziehen.<br \/>\n Die OKS XL K\u00e4lberst\u00e4lle bestehen aus vollst\u00e4ndig geschlossenen, formstabilen, UV- und s\u00e4urebest\u00e4ndigen Kunststoffpaneelen. Die 5 cm dicken W\u00e4nde sind mit U-Profilen aus Edelstahl auf Beton befestigt. Dank der einfachen Konstruktion l\u00e4sst sich das System beliebig erweitern.<br \/>\n Perfekt isolierte Sandwichpaneele mit einer L\u00e4nge von 7500 mm bilden das Dach des OKS und garantieren sowohl im Sommer als auch im Winter ein optimales Raumklima.   <\/p>\n<p><strong>ABMESSUNGEN:<br \/>\n<\/strong> Innenraum pro Stall: L = 6100 mm x B = 3000 mm x H1 = 1960 mm x H2 = 2400 mm.<br \/>\n Fl\u00e4che pro Abteilung 18,10 m\u00b2.<\/p>\n<p><strong>Optimale Tierkontrolle:<\/strong><br \/>\n Kleine K\u00e4lbergruppen erm\u00f6glichen eine optimale Tierkontrolle, und die T\u00fcr im Vordertor bietet schnellen Zugang zu Ihren Tieren. Der OKS XL bietet Platz f\u00fcr 6\u20138 K\u00e4lber. Das 3000 mm breite Vordertor ist an einem IPE-160-Pfosten befestigt und verf\u00fcgt \u00fcber ein verstellbares Futterrohr sowie einen Fu\u00dfg\u00e4ngerzugang. Es l\u00e4sst sich leicht aufklappen, sodass Sie die Buchten problemlos reinigen k\u00f6nnen.  <\/p>\n<p><strong>EINFACHES F\u00dcTTERN:<br \/>\n<\/strong> Mit der Milkbar und einem Futtertrog k\u00f6nnen Sie sehr einfach und effizient f\u00fcttern.<br \/>\n Wasser steht \u00fcber einen an die Wasserleitung angeschlossenen Tr\u00e4nkebeh\u00e4lter zur Verf\u00fcgung <strong>.<br \/>\n<\/strong><\/p>\n","protected":false},"featured_media":10400,"template":"","meta":{"site-sidebar-layout":"default","site-content-layout":"","ast-site-content-layout":"default","site-content-style":"default","site-sidebar-style":"default","ast-global-header-display":"","ast-banner-title-visibility":"","ast-main-header-display":"","ast-hfb-above-header-display":"","ast-hfb-below-header-display":"","ast-hfb-mobile-header-display":"","site-post-title":"","ast-breadcrumbs-content":"","ast-featured-img":"","footer-sml-layout":"","ast-disable-related-posts":"","theme-transparent-header-meta":"default","adv-header-id-meta":"","stick-header-meta":"default","header-above-stick-meta":"","header-main-stick-meta":"","header-below-stick-meta":"","astra-migrate-meta-layouts":"default","ast-page-background-enabled":"default","ast-page-background-meta":{"desktop":{"background-color":"var(--ast-global-color-4)","background-image":"","background-repeat":"repeat","background-position":"center center","background-size":"auto","background-attachment":"scroll","background-type":"","background-media":"","overlay-type":"","overlay-color":"","overlay-opacity":"","overlay-gradient":""},"tablet":{"background-color":"","background-image":"","background-repeat":"repeat","background-position":"center center","background-size":"auto","background-attachment":"scroll","background-type":"","background-media":"","overlay-type":"","overlay-color":"","overlay-opacity":"","overlay-gradient":""},"mobile":{"background-color":"","background-image":"","background-repeat":"repeat","background-position":"center center","background-size":"auto","background-attachment":"scroll","background-type":"","background-media":"","overlay-type":"","overlay-color":"","overlay-opacity":"","overlay-gradient":""}},"ast-content-background-meta":{"desktop":{"background-color":"var(--ast-global-color-5)","background-image":"","background-repeat":"repeat","background-position":"center center","background-size":"auto","background-attachment":"scroll","background-type":"","background-media":"","overlay-type":"","overlay-color":"","overlay-opacity":"","overlay-gradient":""},"tablet":{"background-color":"var(--ast-global-color-5)","background-image":"","background-repeat":"repeat","background-position":"center center","background-size":"auto","background-attachment":"scroll","background-type":"","background-media":"","overlay-type":"","overlay-color":"","overlay-opacity":"","overlay-gradient":""},"mobile":{"background-color":"var(--ast-global-color-5)","background-image":"","background-repeat":"repeat","background-position":"center center","background-size":"auto","background-attachment":"scroll","background-type":"","background-media":"","overlay-type":"","overlay-color":"","overlay-opacity":"","overlay-gradient":""}}},"product_brand":[],"product_cat":[267,253],"product_tag":[],"class_list":{"0":"post-10437","1":"product","2":"type-product","3":"status-publish","4":"has-post-thumbnail","6":"product_cat-kalberstalle","7":"product_cat-optima-klima-kalberstall","8":"desktop-align-center","9":"tablet-align-left","10":"mobile-align-left","11":"ast-product-gallery-layout-horizontal","12":"ast-product-gallery-with-no-image","13":"ast-product-tabs-layout-horizontal","15":"first","16":"instock","17":"taxable","18":"shipping-taxable","19":"product-type-simple"},"_links":{"self":[{"href":"https:\/\/dairytop.eu\/de\/wp-json\/wp\/v2\/product\/10437","targetHints":{"allow":["GET"]}}],"collection":[{"href":"https:\/\/dairytop.eu\/de\/wp-json\/wp\/v2\/product"}],"about":[{"href":"https:\/\/dairytop.eu\/de\/wp-json\/wp\/v2\/types\/product"}],"version-history":[{"count":1,"href":"https:\/\/dairytop.eu\/de\/wp-json\/wp\/v2\/product\/10437\/revisions"}],"predecessor-version":[{"id":10438,"href":"https:\/\/dairytop.eu\/de\/wp-json\/wp\/v2\/product\/10437\/revisions\/10438"}],"wp:featuredmedia":[{"embeddable":true,"href":"https:\/\/dairytop.eu\/de\/wp-json\/wp\/v2\/media\/10400"}],"wp:attachment":[{"href":"https:\/\/dairytop.eu\/de\/wp-json\/wp\/v2\/media?parent=10437"}],"wp:term":[{"taxonomy":"product_brand","embeddable":true,"href":"https:\/\/dairytop.eu\/de\/wp-json\/wp\/v2\/product_brand?post=10437"},{"taxonomy":"product_cat","embeddable":true,"href":"https:\/\/dairytop.eu\/de\/wp-json\/wp\/v2\/product_cat?post=10437"},{"taxonomy":"product_tag","embeddable":true,"href":"https:\/\/dairytop.eu\/de\/wp-json\/wp\/v2\/product_tag?post=10437"}],"curies":[{"name":"wp","href":"https:\/\/api.w.org\/{rel}","templated":true}]}}