{"id":4110,"date":"2026-02-13T14:08:01","date_gmt":"2026-02-13T13:08:01","guid":{"rendered":"https:\/\/new.dairytop.eu\/?post_type=product&#038;p=4110"},"modified":"2026-03-18T10:01:22","modified_gmt":"2026-03-18T09:01:22","slug":"milben-ex-spritzmittelkonzentrat-gegen-die-rote-vogelmilbe","status":"publish","type":"product","link":"https:\/\/dairytop.eu\/de\/product\/milben-ex-spritzmittelkonzentrat-gegen-die-rote-vogelmilbe\/","title":{"rendered":"Milben Ex, Spritzmittelkonzentrat gegen die rote Vogelmilbe"},"content":{"rendered":"","protected":false},"excerpt":{"rendered":"<div>\n<h3>Spritzmittelkonzentrat gegen die rote Vogelmilbe<\/h3>\n<p><strong>Eigenschaften:<\/strong><\/p>\n<ul>\n<li>zur Bek\u00e4mpfung der roten Vogelmilben in Gefl\u00fcgelst\u00e4llen<\/li>\n<li>mit neuen Aktivstoffen<\/li>\n<li>wirkt schnell und anhaltend gegen Fl\u00f6he, Haar- und Federlinge in St\u00e4llen<\/li>\n<li>durch Kontakt des Ungeziefers mit der Gebrauchsl\u00f6sung tritt sofort die abt\u00f6tende Wirkung in Kraft.<\/li>\n<li>keine Wartezeit<\/li>\n<\/ul>\n<p><strong>Anwendung:<\/strong><br \/>\n1 Liter Milben Ex auf 50 Liter Wasser verd\u00fcnnen. Die gebrauchsfertige L\u00f6sung an die Milben besetzten Fl\u00e4chen fein bespr\u00fchen. Behandlung nach 5-6 Tagen wiederholen.<\/p>\n<\/div>\n<p>Milben Ex ist ein Spr\u00fchkonzentrat zur Bek\u00e4mpfung der roten Vogelmilbe sowie der Haar- und Federlinge, Zecken und Grasmilben, insbesondere in Gefl\u00fcgelstallungen<\/p>\n<p>1 l Konzentrat = 40 Liter Anwendungsl\u00f6sung = bis zu 1200 m<sup>2<\/sup> Stallfl\u00e4che<\/p>\n<p>Inhalt flasche: 1 Liter<\/p>\n","protected":false},"featured_media":4132,"template":"","meta":{"site-sidebar-layout":"default","site-content-layout":"","ast-site-content-layout":"default","site-content-style":"default","site-sidebar-style":"default","ast-global-header-display":"","ast-banner-title-visibility":"","ast-main-header-display":"","ast-hfb-above-header-display":"","ast-hfb-below-header-display":"","ast-hfb-mobile-header-display":"","site-post-title":"","ast-breadcrumbs-content":"","ast-featured-img":"","footer-sml-layout":"","ast-disable-related-posts":"","theme-transparent-header-meta":"","adv-header-id-meta":"","stick-header-meta":"","header-above-stick-meta":"","header-main-stick-meta":"","header-below-stick-meta":"","astra-migrate-meta-layouts":"default","ast-page-background-enabled":"default","ast-page-background-meta":{"desktop":{"background-color":"var(--ast-global-color-4)","background-image":"","background-repeat":"repeat","background-position":"center center","background-size":"auto","background-attachment":"scroll","background-type":"","background-media":"","overlay-type":"","overlay-color":"","overlay-opacity":"","overlay-gradient":""},"tablet":{"background-color":"","background-image":"","background-repeat":"repeat","background-position":"center center","background-size":"auto","background-attachment":"scroll","background-type":"","background-media":"","overlay-type":"","overlay-color":"","overlay-opacity":"","overlay-gradient":""},"mobile":{"background-color":"","background-image":"","background-repeat":"repeat","background-position":"center center","background-size":"auto","background-attachment":"scroll","background-type":"","background-media":"","overlay-type":"","overlay-color":"","overlay-opacity":"","overlay-gradient":""}},"ast-content-background-meta":{"desktop":{"background-color":"var(--ast-global-color-5)","background-image":"","background-repeat":"repeat","background-position":"center center","background-size":"auto","background-attachment":"scroll","background-type":"","background-media":"","overlay-type":"","overlay-color":"","overlay-opacity":"","overlay-gradient":""},"tablet":{"background-color":"var(--ast-global-color-5)","background-image":"","background-repeat":"repeat","background-position":"center center","background-size":"auto","background-attachment":"scroll","background-type":"","background-media":"","overlay-type":"","overlay-color":"","overlay-opacity":"","overlay-gradient":""},"mobile":{"background-color":"var(--ast-global-color-5)","background-image":"","background-repeat":"repeat","background-position":"center center","background-size":"auto","background-attachment":"scroll","background-type":"","background-media":"","overlay-type":"","overlay-color":"","overlay-opacity":"","overlay-gradient":""}}},"product_brand":[],"product_cat":[130,141],"product_tag":[],"class_list":{"0":"post-4110","1":"product","2":"type-product","3":"status-publish","4":"has-post-thumbnail","6":"product_cat-alle-produkten","7":"product_cat-milbenbekaempfungsmittel","8":"desktop-align-center","9":"tablet-align-left","10":"mobile-align-left","11":"ast-product-gallery-layout-horizontal","12":"ast-product-gallery-with-no-image","13":"ast-product-tabs-layout-horizontal","15":"first","16":"instock","17":"taxable","18":"shipping-taxable","19":"purchasable","20":"product-type-simple"},"_links":{"self":[{"href":"https:\/\/dairytop.eu\/de\/wp-json\/wp\/v2\/product\/4110","targetHints":{"allow":["GET"]}}],"collection":[{"href":"https:\/\/dairytop.eu\/de\/wp-json\/wp\/v2\/product"}],"about":[{"href":"https:\/\/dairytop.eu\/de\/wp-json\/wp\/v2\/types\/product"}],"version-history":[{"count":1,"href":"https:\/\/dairytop.eu\/de\/wp-json\/wp\/v2\/product\/4110\/revisions"}],"predecessor-version":[{"id":4133,"href":"https:\/\/dairytop.eu\/de\/wp-json\/wp\/v2\/product\/4110\/revisions\/4133"}],"wp:featuredmedia":[{"embeddable":true,"href":"https:\/\/dairytop.eu\/de\/wp-json\/wp\/v2\/media\/4132"}],"wp:attachment":[{"href":"https:\/\/dairytop.eu\/de\/wp-json\/wp\/v2\/media?parent=4110"}],"wp:term":[{"taxonomy":"product_brand","embeddable":true,"href":"https:\/\/dairytop.eu\/de\/wp-json\/wp\/v2\/product_brand?post=4110"},{"taxonomy":"product_cat","embeddable":true,"href":"https:\/\/dairytop.eu\/de\/wp-json\/wp\/v2\/product_cat?post=4110"},{"taxonomy":"product_tag","embeddable":true,"href":"https:\/\/dairytop.eu\/de\/wp-json\/wp\/v2\/product_tag?post=4110"}],"curies":[{"name":"wp","href":"https:\/\/api.w.org\/{rel}","templated":true}]}}