{"id":4198,"date":"2026-02-13T14:09:56","date_gmt":"2026-02-13T13:09:56","guid":{"rendered":"https:\/\/new.dairytop.eu\/?post_type=product&#038;p=4198"},"modified":"2026-03-18T10:01:18","modified_gmt":"2026-03-18T09:01:18","slug":"ics-10-micro-gebrauchfertiges-stallfliegenbekaemfungsmittel-fuer-feinvernebler","status":"publish","type":"product","link":"https:\/\/dairytop.eu\/de\/product\/ics-10-micro-gebrauchfertiges-stallfliegenbekaemfungsmittel-fuer-feinvernebler\/","title":{"rendered":"ICS 10 micro, Gebrauchfertiges Stallfliegenbek\u00e4mfungsmittel f\u00fcr feinvernebler"},"content":{"rendered":"","protected":false},"excerpt":{"rendered":"<p class=\"csc-firstHeader\">Gebrauchsfertiges Stallfliegenbek\u00e4mpfungsmittel f\u00fcr Micro-Feinvernebler und Lackierpistolen<\/p>\n<p class=\"csc-firstHeader\"><b>Eigenschaften:<br \/>\n<\/b>ICS 10 micro ist eine hervorragende Wirkstoffkombination gegen resistente Stallfliegen. ICS 10 micro wirkt durch hochwirksame pflanzliche sowie synthetische Pyrethroide sofort und gew\u00e4hrt eine hohe Abt\u00f6tungsrate.<br \/>\nDer Immunkreis der resistenten Fliegenst\u00e4mme muss durchbrochen werden. Es kann nach Abschluss einer 4-5 w\u00f6chigen Behandlungsdauer ausgegangen werden, dass sich wieder verschiedene Wirkstoffe in Ihrer Wirkung deutlich verbessern.<br \/>\n<b><\/b><\/p>\n<p><strong>Anwendung:<\/strong><br \/>\ngebrauchsfertig.<br \/>\nICS 10 micro gebrauchsfertige L\u00f6sung in die Flasche f\u00fcr ein Mikrofein-Verteilungsger\u00e4t f\u00fcllen. Danach in den von Fliegen besetzten St\u00e4llen die L\u00f6sung ausbringen. Die Ausbringung wird durch Raumvernebelung vorgenommen.<br \/>\nEs sollte jedoch auch auf den Fl\u00e4chen gespr\u00fcht werden, wo sich Fliegen zurzeit vermehrt aufhalten.<br \/>\nUm eine optimale Bek\u00e4mpfungsma\u00dfnahme gegen die aufgebauten Resistenzen zu bekommen, muss ICS 10 micro im Abstand von 3-4 Tagen angewandt werden. Bei starken Zuflug von drau\u00dfen, m\u00fcssen auch diese Fliegen sofort bek\u00e4mpft werden.<br \/>\n<b><br \/>\nAnwendungsempfehlung:<\/b><br \/>\nICS 10 micro kann auch mit einer Farbpistole auf feinstem Spr\u00fchstrahl im Stall ausgebracht werden.<\/p>\n<p>Inhalt: 1000ml<\/p>\n<p><em><b>Biozide sicher verwenden. Vor Gebrauch stets Kennzeichnung und Produktinformation lesen.<\/b><\/em><\/p>\n","protected":false},"featured_media":4209,"template":"","meta":{"site-sidebar-layout":"default","site-content-layout":"","ast-site-content-layout":"default","site-content-style":"default","site-sidebar-style":"default","ast-global-header-display":"","ast-banner-title-visibility":"","ast-main-header-display":"","ast-hfb-above-header-display":"","ast-hfb-below-header-display":"","ast-hfb-mobile-header-display":"","site-post-title":"","ast-breadcrumbs-content":"","ast-featured-img":"","footer-sml-layout":"","ast-disable-related-posts":"","theme-transparent-header-meta":"","adv-header-id-meta":"","stick-header-meta":"","header-above-stick-meta":"","header-main-stick-meta":"","header-below-stick-meta":"","astra-migrate-meta-layouts":"default","ast-page-background-enabled":"default","ast-page-background-meta":{"desktop":{"background-color":"var(--ast-global-color-4)","background-image":"","background-repeat":"repeat","background-position":"center center","background-size":"auto","background-attachment":"scroll","background-type":"","background-media":"","overlay-type":"","overlay-color":"","overlay-opacity":"","overlay-gradient":""},"tablet":{"background-color":"","background-image":"","background-repeat":"repeat","background-position":"center center","background-size":"auto","background-attachment":"scroll","background-type":"","background-media":"","overlay-type":"","overlay-color":"","overlay-opacity":"","overlay-gradient":""},"mobile":{"background-color":"","background-image":"","background-repeat":"repeat","background-position":"center center","background-size":"auto","background-attachment":"scroll","background-type":"","background-media":"","overlay-type":"","overlay-color":"","overlay-opacity":"","overlay-gradient":""}},"ast-content-background-meta":{"desktop":{"background-color":"var(--ast-global-color-5)","background-image":"","background-repeat":"repeat","background-position":"center center","background-size":"auto","background-attachment":"scroll","background-type":"","background-media":"","overlay-type":"","overlay-color":"","overlay-opacity":"","overlay-gradient":""},"tablet":{"background-color":"var(--ast-global-color-5)","background-image":"","background-repeat":"repeat","background-position":"center center","background-size":"auto","background-attachment":"scroll","background-type":"","background-media":"","overlay-type":"","overlay-color":"","overlay-opacity":"","overlay-gradient":""},"mobile":{"background-color":"var(--ast-global-color-5)","background-image":"","background-repeat":"repeat","background-position":"center center","background-size":"auto","background-attachment":"scroll","background-type":"","background-media":"","overlay-type":"","overlay-color":"","overlay-opacity":"","overlay-gradient":""}}},"product_brand":[],"product_cat":[130,142],"product_tag":[],"class_list":{"0":"post-4198","1":"product","2":"type-product","3":"status-publish","4":"has-post-thumbnail","6":"product_cat-alle-produkten","7":"product_cat-fliegenbekaempfungsmittel","8":"desktop-align-center","9":"tablet-align-left","10":"mobile-align-left","11":"ast-product-gallery-layout-horizontal","12":"ast-product-gallery-with-no-image","13":"ast-product-tabs-layout-horizontal","15":"first","16":"instock","17":"taxable","18":"shipping-taxable","19":"purchasable","20":"product-type-simple"},"_links":{"self":[{"href":"https:\/\/dairytop.eu\/de\/wp-json\/wp\/v2\/product\/4198","targetHints":{"allow":["GET"]}}],"collection":[{"href":"https:\/\/dairytop.eu\/de\/wp-json\/wp\/v2\/product"}],"about":[{"href":"https:\/\/dairytop.eu\/de\/wp-json\/wp\/v2\/types\/product"}],"version-history":[{"count":1,"href":"https:\/\/dairytop.eu\/de\/wp-json\/wp\/v2\/product\/4198\/revisions"}],"predecessor-version":[{"id":4210,"href":"https:\/\/dairytop.eu\/de\/wp-json\/wp\/v2\/product\/4198\/revisions\/4210"}],"wp:featuredmedia":[{"embeddable":true,"href":"https:\/\/dairytop.eu\/de\/wp-json\/wp\/v2\/media\/4209"}],"wp:attachment":[{"href":"https:\/\/dairytop.eu\/de\/wp-json\/wp\/v2\/media?parent=4198"}],"wp:term":[{"taxonomy":"product_brand","embeddable":true,"href":"https:\/\/dairytop.eu\/de\/wp-json\/wp\/v2\/product_brand?post=4198"},{"taxonomy":"product_cat","embeddable":true,"href":"https:\/\/dairytop.eu\/de\/wp-json\/wp\/v2\/product_cat?post=4198"},{"taxonomy":"product_tag","embeddable":true,"href":"https:\/\/dairytop.eu\/de\/wp-json\/wp\/v2\/product_tag?post=4198"}],"curies":[{"name":"wp","href":"https:\/\/api.w.org\/{rel}","templated":true}]}}