{"id":4582,"date":"2026-02-13T14:17:00","date_gmt":"2026-02-13T13:17:00","guid":{"rendered":"https:\/\/new.dairytop.eu\/?post_type=product&#038;p=4582"},"modified":"2026-03-18T10:00:07","modified_gmt":"2026-03-18T09:00:07","slug":"techmix-calf-renova","status":"publish","type":"product","link":"https:\/\/dairytop.eu\/de\/product\/techmix-calf-renova\/","title":{"rendered":"Techmix Calf Renova"},"content":{"rendered":"","protected":false},"excerpt":{"rendered":"<p><strong>Kapsel zur einfachen Anwendung, die eine Quelle nat\u00fcrlich vorkommender Probiotika und antimikrobiell wirksamer Stoffe zur Unterst\u00fctzung der Darmgesundheit darstellt <\/strong><\/p>\n<p>Sch\u00fctzen Sie die Zukunft Ihrer Herde mit Calf Renova\u00ae. Wenn K\u00e4lber empf\u00e4nglich f\u00fcr Durchfall sind oder erste Anzeichen aufweisen, ist eine Hilfe oberste Priorit\u00e4t, den Fl\u00fcssigkeitshaushalt zu stabilisieren und ihre Fresslust f\u00fcr kontinuierliches Wachstum wiederherzustellen. Calf Renova hilft, sch\u00e4dliche Bakterien zu verringern und das Darm-Mikrobiom wiederherzustellen. Bei Darm-Gesundheitsfragen ist Calf Renova erste Wahl und hilft die Genesung zu unterst\u00fctzen, weil es die Darmflora st\u00e4rkt und die Trockenmassenaufnahme bei jedweder St\u00f6rung der normalen Darmgesundheit verbessert<\/p>\n<p><strong>Wesentliche funktionale bestandteile:<br \/>\n<\/strong> Essentielle \u00d6le, MOS (MannoseOligosaccharide) und Probiotik<\/p>\n<p><strong>Besonderheiten und Mehrwert:<\/strong><br \/>\n\u2022 Hilft, den Darm von Bakterien zu reinigen, die Durchfall verursachen<br \/>\n\u2022 Wirksames Anitoxidationsmittel zur St\u00e4rkung des Immunsystems<br \/>\n\u2022 Sorgt f\u00fcr einen gesunden Verdauungsapparat und beschr\u00e4nkt potenzielle Schadwirkungen durch Krankheitserreger<br \/>\n\u2022 MOS hilft, Pathogene zu binden<br \/>\n\u2022 Versorgt mit n\u00fctzlichen Bakterien und erleichtert die Bindung von Krankheitserregern und deren Ausscheidung<br \/>\n\u2022 Eine nicht-antibiotische Alternative f\u00fcr enterale Gesundheits- und Durchfallprobleme<\/p>\n<p>Inhalt: 36 st.<\/p>\n","protected":false},"featured_media":4610,"template":"","meta":{"site-sidebar-layout":"default","site-content-layout":"","ast-site-content-layout":"default","site-content-style":"default","site-sidebar-style":"default","ast-global-header-display":"","ast-banner-title-visibility":"","ast-main-header-display":"","ast-hfb-above-header-display":"","ast-hfb-below-header-display":"","ast-hfb-mobile-header-display":"","site-post-title":"","ast-breadcrumbs-content":"","ast-featured-img":"","footer-sml-layout":"","ast-disable-related-posts":"","theme-transparent-header-meta":"","adv-header-id-meta":"","stick-header-meta":"","header-above-stick-meta":"","header-main-stick-meta":"","header-below-stick-meta":"","astra-migrate-meta-layouts":"default","ast-page-background-enabled":"default","ast-page-background-meta":{"desktop":{"background-color":"var(--ast-global-color-4)","background-image":"","background-repeat":"repeat","background-position":"center center","background-size":"auto","background-attachment":"scroll","background-type":"","background-media":"","overlay-type":"","overlay-color":"","overlay-opacity":"","overlay-gradient":""},"tablet":{"background-color":"","background-image":"","background-repeat":"repeat","background-position":"center center","background-size":"auto","background-attachment":"scroll","background-type":"","background-media":"","overlay-type":"","overlay-color":"","overlay-opacity":"","overlay-gradient":""},"mobile":{"background-color":"","background-image":"","background-repeat":"repeat","background-position":"center center","background-size":"auto","background-attachment":"scroll","background-type":"","background-media":"","overlay-type":"","overlay-color":"","overlay-opacity":"","overlay-gradient":""}},"ast-content-background-meta":{"desktop":{"background-color":"var(--ast-global-color-5)","background-image":"","background-repeat":"repeat","background-position":"center center","background-size":"auto","background-attachment":"scroll","background-type":"","background-media":"","overlay-type":"","overlay-color":"","overlay-opacity":"","overlay-gradient":""},"tablet":{"background-color":"var(--ast-global-color-5)","background-image":"","background-repeat":"repeat","background-position":"center center","background-size":"auto","background-attachment":"scroll","background-type":"","background-media":"","overlay-type":"","overlay-color":"","overlay-opacity":"","overlay-gradient":""},"mobile":{"background-color":"var(--ast-global-color-5)","background-image":"","background-repeat":"repeat","background-position":"center center","background-size":"auto","background-attachment":"scroll","background-type":"","background-media":"","overlay-type":"","overlay-color":"","overlay-opacity":"","overlay-gradient":""}}},"product_brand":[],"product_cat":[130,117],"product_tag":[],"class_list":{"0":"post-4582","1":"product","2":"type-product","3":"status-publish","4":"has-post-thumbnail","6":"product_cat-alle-produkten","7":"product_cat-ergaenzungsfuttermittel","8":"desktop-align-center","9":"tablet-align-left","10":"mobile-align-left","11":"ast-product-gallery-layout-horizontal","12":"ast-product-gallery-with-no-image","13":"ast-product-tabs-layout-horizontal","15":"first","16":"instock","17":"taxable","18":"shipping-taxable","19":"purchasable","20":"product-type-simple"},"_links":{"self":[{"href":"https:\/\/dairytop.eu\/de\/wp-json\/wp\/v2\/product\/4582","targetHints":{"allow":["GET"]}}],"collection":[{"href":"https:\/\/dairytop.eu\/de\/wp-json\/wp\/v2\/product"}],"about":[{"href":"https:\/\/dairytop.eu\/de\/wp-json\/wp\/v2\/types\/product"}],"version-history":[{"count":1,"href":"https:\/\/dairytop.eu\/de\/wp-json\/wp\/v2\/product\/4582\/revisions"}],"predecessor-version":[{"id":4611,"href":"https:\/\/dairytop.eu\/de\/wp-json\/wp\/v2\/product\/4582\/revisions\/4611"}],"wp:featuredmedia":[{"embeddable":true,"href":"https:\/\/dairytop.eu\/de\/wp-json\/wp\/v2\/media\/4610"}],"wp:attachment":[{"href":"https:\/\/dairytop.eu\/de\/wp-json\/wp\/v2\/media?parent=4582"}],"wp:term":[{"taxonomy":"product_brand","embeddable":true,"href":"https:\/\/dairytop.eu\/de\/wp-json\/wp\/v2\/product_brand?post=4582"},{"taxonomy":"product_cat","embeddable":true,"href":"https:\/\/dairytop.eu\/de\/wp-json\/wp\/v2\/product_cat?post=4582"},{"taxonomy":"product_tag","embeddable":true,"href":"https:\/\/dairytop.eu\/de\/wp-json\/wp\/v2\/product_tag?post=4582"}],"curies":[{"name":"wp","href":"https:\/\/api.w.org\/{rel}","templated":true}]}}