{"id":4583,"date":"2026-02-13T14:17:01","date_gmt":"2026-02-13T13:17:01","guid":{"rendered":"https:\/\/new.dairytop.eu\/?post_type=product&#038;p=4583"},"modified":"2026-03-18T10:00:06","modified_gmt":"2026-03-18T09:00:06","slug":"bluelite-c-hydratabs","status":"publish","type":"product","link":"https:\/\/dairytop.eu\/de\/product\/bluelite-c-hydratabs\/","title":{"rendered":"Bluelite C Hydratabs"},"content":{"rendered":"","protected":false},"excerpt":{"rendered":"<p><strong>Schmackhafte orale Rehydration f\u00fcr junge K\u00e4lber in Form einer Brausetablette. Die richtige Dosierung ohne Messen, Wiegen oder Mischen<\/strong><\/p>\n<p>Die ersten Lebenswochen eines Kalbes sind voller Herausforderungen, die zu leichtem oder sogar schwerem Durchfall f\u00fchren k\u00f6nnen. Rehydration und Wiederherstellung des Elektrolythaushalts, sind dann f\u00fcr die Gesundheit der K\u00e4lber unerl\u00e4sslich. BlueLite C HydraTabs\u00ae lassen sich leicht zu Wasser, Milch oder Milchaustauscher geben und stellen eine Energie- und Elektrolytquelle dar, um den Wasserhaushalt von dehydrierten K\u00e4lbern wiederherzustellen. Dar\u00fcber hinaus enthalten die BlueLite C HydraTabs Substanzen, die die nat\u00fcrliche Funktion des Magens unterst\u00fctzen. Die innovativen Brausetabletten wurden f\u00fcr eine optimale Benutzerfreundlichkeit entwickelt. Mischen ist nicht erforderlich. BlueLite C HydraTabs ist ein Produkt, das sich in effizienter Weise als schnell hydratisierend erwiesen hat.<\/p>\n<p>&nbsp;<\/p>\n<p>Inhalt: 20st. Pro Eimer<\/p>\n","protected":false},"featured_media":4612,"template":"","meta":{"site-sidebar-layout":"default","site-content-layout":"","ast-site-content-layout":"default","site-content-style":"default","site-sidebar-style":"default","ast-global-header-display":"","ast-banner-title-visibility":"","ast-main-header-display":"","ast-hfb-above-header-display":"","ast-hfb-below-header-display":"","ast-hfb-mobile-header-display":"","site-post-title":"","ast-breadcrumbs-content":"","ast-featured-img":"","footer-sml-layout":"","ast-disable-related-posts":"","theme-transparent-header-meta":"","adv-header-id-meta":"","stick-header-meta":"","header-above-stick-meta":"","header-main-stick-meta":"","header-below-stick-meta":"","astra-migrate-meta-layouts":"default","ast-page-background-enabled":"default","ast-page-background-meta":{"desktop":{"background-color":"var(--ast-global-color-4)","background-image":"","background-repeat":"repeat","background-position":"center center","background-size":"auto","background-attachment":"scroll","background-type":"","background-media":"","overlay-type":"","overlay-color":"","overlay-opacity":"","overlay-gradient":""},"tablet":{"background-color":"","background-image":"","background-repeat":"repeat","background-position":"center center","background-size":"auto","background-attachment":"scroll","background-type":"","background-media":"","overlay-type":"","overlay-color":"","overlay-opacity":"","overlay-gradient":""},"mobile":{"background-color":"","background-image":"","background-repeat":"repeat","background-position":"center center","background-size":"auto","background-attachment":"scroll","background-type":"","background-media":"","overlay-type":"","overlay-color":"","overlay-opacity":"","overlay-gradient":""}},"ast-content-background-meta":{"desktop":{"background-color":"var(--ast-global-color-5)","background-image":"","background-repeat":"repeat","background-position":"center center","background-size":"auto","background-attachment":"scroll","background-type":"","background-media":"","overlay-type":"","overlay-color":"","overlay-opacity":"","overlay-gradient":""},"tablet":{"background-color":"var(--ast-global-color-5)","background-image":"","background-repeat":"repeat","background-position":"center center","background-size":"auto","background-attachment":"scroll","background-type":"","background-media":"","overlay-type":"","overlay-color":"","overlay-opacity":"","overlay-gradient":""},"mobile":{"background-color":"var(--ast-global-color-5)","background-image":"","background-repeat":"repeat","background-position":"center center","background-size":"auto","background-attachment":"scroll","background-type":"","background-media":"","overlay-type":"","overlay-color":"","overlay-opacity":"","overlay-gradient":""}}},"product_brand":[],"product_cat":[130,117],"product_tag":[],"class_list":{"0":"post-4583","1":"product","2":"type-product","3":"status-publish","4":"has-post-thumbnail","6":"product_cat-alle-produkten","7":"product_cat-ergaenzungsfuttermittel","8":"desktop-align-center","9":"tablet-align-left","10":"mobile-align-left","11":"ast-product-gallery-layout-horizontal","12":"ast-product-gallery-with-no-image","13":"ast-product-tabs-layout-horizontal","15":"first","16":"instock","17":"taxable","18":"shipping-taxable","19":"purchasable","20":"product-type-simple"},"_links":{"self":[{"href":"https:\/\/dairytop.eu\/de\/wp-json\/wp\/v2\/product\/4583","targetHints":{"allow":["GET"]}}],"collection":[{"href":"https:\/\/dairytop.eu\/de\/wp-json\/wp\/v2\/product"}],"about":[{"href":"https:\/\/dairytop.eu\/de\/wp-json\/wp\/v2\/types\/product"}],"version-history":[{"count":1,"href":"https:\/\/dairytop.eu\/de\/wp-json\/wp\/v2\/product\/4583\/revisions"}],"predecessor-version":[{"id":4613,"href":"https:\/\/dairytop.eu\/de\/wp-json\/wp\/v2\/product\/4583\/revisions\/4613"}],"wp:featuredmedia":[{"embeddable":true,"href":"https:\/\/dairytop.eu\/de\/wp-json\/wp\/v2\/media\/4612"}],"wp:attachment":[{"href":"https:\/\/dairytop.eu\/de\/wp-json\/wp\/v2\/media?parent=4583"}],"wp:term":[{"taxonomy":"product_brand","embeddable":true,"href":"https:\/\/dairytop.eu\/de\/wp-json\/wp\/v2\/product_brand?post=4583"},{"taxonomy":"product_cat","embeddable":true,"href":"https:\/\/dairytop.eu\/de\/wp-json\/wp\/v2\/product_cat?post=4583"},{"taxonomy":"product_tag","embeddable":true,"href":"https:\/\/dairytop.eu\/de\/wp-json\/wp\/v2\/product_tag?post=4583"}],"curies":[{"name":"wp","href":"https:\/\/api.w.org\/{rel}","templated":true}]}}