{"id":4646,"date":"2026-02-13T14:18:26","date_gmt":"2026-02-13T13:18:26","guid":{"rendered":"https:\/\/new.dairytop.eu\/?post_type=product&#038;p=4646"},"modified":"2026-03-18T10:00:04","modified_gmt":"2026-03-18T09:00:04","slug":"soft-drencher-ohne-nuckel","status":"publish","type":"product","link":"https:\/\/dairytop.eu\/de\/product\/soft-drencher-ohne-nuckel\/","title":{"rendered":"Soft Drencher ohne Nuckel"},"content":{"rendered":"","protected":false},"excerpt":{"rendered":"<p>\u00c4u\u00dferst weicher und robuster Soft-Drencher, der sich von seinen Namensvettern deutlich durch den d\u00fcnnen und flexiblen Schlauch unterscheidet. Der neuentwickelte Schlauch ist an keiner Stelle starr und hat eine optimierte Nase, die von au\u00dfen gut an der linken Halsseite zu sp\u00fcren ist.<\/p>\n<p>Der Soft Drencher ohne Nuckel passt auf viele Drenchflaschen und -Systeme.<\/p>\n<p>Passend f\u00fcr:<\/p>\n<p>\u2013\u00a0 \u00a0 \u00a0<a href=\"https:\/\/server2.webdesignhq.shockmedia.nl\/~dairytop\/product-categorie\/perfect-udder\/beutel-kits\/\"> Perfect Udder Beutel von DairyTechInc (2l,3l,4l)<\/a><br \/>\n\u2013\u00a0 \u00a0 \u00a0 Trusti Tuber Flasche<br \/>\n\u2013\u00a0 \u00a0 \u00a0 Dairymac Flasche 5l<br \/>\n\u2013\u00a0 \u00a0 \u00a0 F\u00f6rster Biestmilchflasche 3l (Hiko)<\/p>\n<p>Die Biestmilch kann in den Flaschen gek\u00fchlt oder eingefroren werden. Sobald die Kuh Kalbt werden Flasche und Drencher in Warmwasser gelegt und bei K\u00f6rpertemperatur vertr\u00e4nkt. Das Kalb schluckt die etwas h\u00e4rtere Spitze mit den 2 L\u00f6chern m\u00fchelos runter und mit einem Kontrollgriff auf der linken Halsseite testet man sehr einfach, ob man den Schlauch in der Speiser\u00f6hre platziert hat. Durch den weichen Schlauch wehrt sich das Kalb kaum merklich und macht es f\u00fcr Mensch und Tier deutlich angenehmer. Die Schlauchoberfl\u00e4che ist sehr robust, sodass in der Regel eine h\u00f6here Anzahl an K\u00e4lbern gedrencht werden k\u00f6nnen, ohne dass der Schlauch eine raue Oberfl\u00e4che bekommt.<\/p>\n<p>Dieser Softk\u00e4lberdrencher hat einen Durchmesser von 12mm und eine L\u00e4nge von 150cm. Das Ende des Schlauchs ist geschlossen und abgerundet.<\/p>\n<p>Der Schlauch kann auch zum Abgasen von K\u00e4lbern oder zum Sp\u00fclen benutzt werden (Bitte Fragen Sie Ihren Tierarzt nach genauen Anweisungen!)<\/p>\n","protected":false},"featured_media":4703,"template":"","meta":{"site-sidebar-layout":"default","site-content-layout":"","ast-site-content-layout":"default","site-content-style":"default","site-sidebar-style":"default","ast-global-header-display":"","ast-banner-title-visibility":"","ast-main-header-display":"","ast-hfb-above-header-display":"","ast-hfb-below-header-display":"","ast-hfb-mobile-header-display":"","site-post-title":"","ast-breadcrumbs-content":"","ast-featured-img":"","footer-sml-layout":"","ast-disable-related-posts":"","theme-transparent-header-meta":"","adv-header-id-meta":"","stick-header-meta":"","header-above-stick-meta":"","header-main-stick-meta":"","header-below-stick-meta":"","astra-migrate-meta-layouts":"default","ast-page-background-enabled":"default","ast-page-background-meta":{"desktop":{"background-color":"var(--ast-global-color-4)","background-image":"","background-repeat":"repeat","background-position":"center center","background-size":"auto","background-attachment":"scroll","background-type":"","background-media":"","overlay-type":"","overlay-color":"","overlay-opacity":"","overlay-gradient":""},"tablet":{"background-color":"","background-image":"","background-repeat":"repeat","background-position":"center center","background-size":"auto","background-attachment":"scroll","background-type":"","background-media":"","overlay-type":"","overlay-color":"","overlay-opacity":"","overlay-gradient":""},"mobile":{"background-color":"","background-image":"","background-repeat":"repeat","background-position":"center center","background-size":"auto","background-attachment":"scroll","background-type":"","background-media":"","overlay-type":"","overlay-color":"","overlay-opacity":"","overlay-gradient":""}},"ast-content-background-meta":{"desktop":{"background-color":"var(--ast-global-color-5)","background-image":"","background-repeat":"repeat","background-position":"center center","background-size":"auto","background-attachment":"scroll","background-type":"","background-media":"","overlay-type":"","overlay-color":"","overlay-opacity":"","overlay-gradient":""},"tablet":{"background-color":"var(--ast-global-color-5)","background-image":"","background-repeat":"repeat","background-position":"center center","background-size":"auto","background-attachment":"scroll","background-type":"","background-media":"","overlay-type":"","overlay-color":"","overlay-opacity":"","overlay-gradient":""},"mobile":{"background-color":"var(--ast-global-color-5)","background-image":"","background-repeat":"repeat","background-position":"center center","background-size":"auto","background-attachment":"scroll","background-type":"","background-media":"","overlay-type":"","overlay-color":"","overlay-opacity":"","overlay-gradient":""}}},"product_brand":[],"product_cat":[130,136],"product_tag":[],"class_list":{"0":"post-4646","1":"product","2":"type-product","3":"status-publish","4":"has-post-thumbnail","6":"product_cat-alle-produkten","7":"product_cat-flaschen-und-drencher","8":"desktop-align-center","9":"tablet-align-left","10":"mobile-align-left","11":"ast-product-gallery-layout-horizontal","12":"ast-product-single-variable","13":"ast-product-tabs-layout-horizontal","15":"first","16":"instock","17":"taxable","18":"shipping-taxable","19":"purchasable","20":"product-type-variable"},"_links":{"self":[{"href":"https:\/\/dairytop.eu\/de\/wp-json\/wp\/v2\/product\/4646","targetHints":{"allow":["GET"]}}],"collection":[{"href":"https:\/\/dairytop.eu\/de\/wp-json\/wp\/v2\/product"}],"about":[{"href":"https:\/\/dairytop.eu\/de\/wp-json\/wp\/v2\/types\/product"}],"version-history":[{"count":1,"href":"https:\/\/dairytop.eu\/de\/wp-json\/wp\/v2\/product\/4646\/revisions"}],"predecessor-version":[{"id":4704,"href":"https:\/\/dairytop.eu\/de\/wp-json\/wp\/v2\/product\/4646\/revisions\/4704"}],"wp:featuredmedia":[{"embeddable":true,"href":"https:\/\/dairytop.eu\/de\/wp-json\/wp\/v2\/media\/4703"}],"wp:attachment":[{"href":"https:\/\/dairytop.eu\/de\/wp-json\/wp\/v2\/media?parent=4646"}],"wp:term":[{"taxonomy":"product_brand","embeddable":true,"href":"https:\/\/dairytop.eu\/de\/wp-json\/wp\/v2\/product_brand?post=4646"},{"taxonomy":"product_cat","embeddable":true,"href":"https:\/\/dairytop.eu\/de\/wp-json\/wp\/v2\/product_cat?post=4646"},{"taxonomy":"product_tag","embeddable":true,"href":"https:\/\/dairytop.eu\/de\/wp-json\/wp\/v2\/product_tag?post=4646"}],"curies":[{"name":"wp","href":"https:\/\/api.w.org\/{rel}","templated":true}]}}