{"id":4658,"date":"2026-02-13T14:18:56","date_gmt":"2026-02-13T13:18:56","guid":{"rendered":"https:\/\/new.dairytop.eu\/?post_type=product&#038;p=4658"},"modified":"2026-03-18T10:00:03","modified_gmt":"2026-03-18T09:00:03","slug":"dairytop-kaelbereinzelbox-auf-raedern-100cm-breit","status":"publish","type":"product","link":"https:\/\/dairytop.eu\/de\/product\/dairytop-kaelbereinzelbox-auf-raedern-100cm-breit\/","title":{"rendered":"DairyTop K\u00e4lbereinzelbox auf R\u00e4dern 100cm Breit"},"content":{"rendered":"","protected":false},"excerpt":{"rendered":"<p>Die Kunststoffw\u00e4nde des K\u00e4lberboxen auf R\u00e4dern sind vollst\u00e4ndig geschlossen, sodass keine Abschluss- oder Begrenzungsprofile erforderlich sind, hinter denen m\u00f6glicherweise Fliegenlarven oder anderes Ungeziefer kriechen k\u00f6nnen. Dar\u00fcber hinaus sind diese Boxen sehr leicht zu reinigen. Die Boxen haben einen niedrigen Eintrag f\u00fcr Kalb und Landwirt, n\u00e4mlich ca 20 cm. Die Boxen sind mit einem Kunststoff Bodenplatte ausgestattet, damit das Kalb mehr Halt hat. Die Unterseite des Gitters kann auch leicht gereinigt werden, indem das Gitter diagonal gegen die R\u00fcckwand gelegt wird. Das Vordertor bietet eine Verriegelungsm\u00f6glichkeit f\u00fcr die Wade. Der K\u00e4lberbox steht auf 4 schwenkbaren R\u00e4dern, wodurch die Box sehr leicht zu bewegen und auf einer kleinen Fl\u00e4che leicht zu handhaben ist. Die vorderen 2 Lenkr\u00e4der sind gebremst. Zus\u00e4tzlich kann das Vordertor 20 cm zur\u00fcck zwischen den Seitenw\u00e4nden platziert werden, was mehr Schutz f\u00fcr das Kalb bietet.<\/p>\n<p><u>Abmessungen und Spezifikationen:<\/u><\/p>\n<p>Innenma\u00df: LxBxH: 1600x 1000 x 980 mm<br \/>\nAu\u00dfenma\u00df: LXBxH:1700 x 1000 x 980 mm<br \/>\nWanddicke: 53 mm<br \/>\nFarbe: Schwarz<\/p>\n<p>Geliefert inkl: Nuckeleimerhalterung comfort, Eimerring, 8L futterschale und eimerhalterungsplatte<\/p>\n","protected":false},"featured_media":4712,"template":"","meta":{"site-sidebar-layout":"default","site-content-layout":"","ast-site-content-layout":"default","site-content-style":"default","site-sidebar-style":"default","ast-global-header-display":"","ast-banner-title-visibility":"","ast-main-header-display":"","ast-hfb-above-header-display":"","ast-hfb-below-header-display":"","ast-hfb-mobile-header-display":"","site-post-title":"","ast-breadcrumbs-content":"","ast-featured-img":"","footer-sml-layout":"","ast-disable-related-posts":"","theme-transparent-header-meta":"","adv-header-id-meta":"","stick-header-meta":"","header-above-stick-meta":"","header-main-stick-meta":"","header-below-stick-meta":"","astra-migrate-meta-layouts":"default","ast-page-background-enabled":"default","ast-page-background-meta":{"desktop":{"background-color":"var(--ast-global-color-4)","background-image":"","background-repeat":"repeat","background-position":"center center","background-size":"auto","background-attachment":"scroll","background-type":"","background-media":"","overlay-type":"","overlay-color":"","overlay-opacity":"","overlay-gradient":""},"tablet":{"background-color":"","background-image":"","background-repeat":"repeat","background-position":"center center","background-size":"auto","background-attachment":"scroll","background-type":"","background-media":"","overlay-type":"","overlay-color":"","overlay-opacity":"","overlay-gradient":""},"mobile":{"background-color":"","background-image":"","background-repeat":"repeat","background-position":"center center","background-size":"auto","background-attachment":"scroll","background-type":"","background-media":"","overlay-type":"","overlay-color":"","overlay-opacity":"","overlay-gradient":""}},"ast-content-background-meta":{"desktop":{"background-color":"var(--ast-global-color-5)","background-image":"","background-repeat":"repeat","background-position":"center center","background-size":"auto","background-attachment":"scroll","background-type":"","background-media":"","overlay-type":"","overlay-color":"","overlay-opacity":"","overlay-gradient":""},"tablet":{"background-color":"var(--ast-global-color-5)","background-image":"","background-repeat":"repeat","background-position":"center center","background-size":"auto","background-attachment":"scroll","background-type":"","background-media":"","overlay-type":"","overlay-color":"","overlay-opacity":"","overlay-gradient":""},"mobile":{"background-color":"var(--ast-global-color-5)","background-image":"","background-repeat":"repeat","background-position":"center center","background-size":"auto","background-attachment":"scroll","background-type":"","background-media":"","overlay-type":"","overlay-color":"","overlay-opacity":"","overlay-gradient":""}}},"product_brand":[],"product_cat":[130,166,124],"product_tag":[],"class_list":{"0":"post-4658","1":"product","2":"type-product","3":"status-publish","4":"has-post-thumbnail","6":"product_cat-alle-produkten","7":"product_cat-einzelboxen","8":"product_cat-einzelhaltung","9":"desktop-align-center","10":"tablet-align-left","11":"mobile-align-left","12":"ast-product-gallery-layout-horizontal","13":"ast-product-single-variable","14":"ast-product-tabs-layout-horizontal","16":"first","17":"instock","18":"taxable","19":"shipping-taxable","20":"purchasable","21":"product-type-variable"},"_links":{"self":[{"href":"https:\/\/dairytop.eu\/de\/wp-json\/wp\/v2\/product\/4658","targetHints":{"allow":["GET"]}}],"collection":[{"href":"https:\/\/dairytop.eu\/de\/wp-json\/wp\/v2\/product"}],"about":[{"href":"https:\/\/dairytop.eu\/de\/wp-json\/wp\/v2\/types\/product"}],"version-history":[{"count":1,"href":"https:\/\/dairytop.eu\/de\/wp-json\/wp\/v2\/product\/4658\/revisions"}],"predecessor-version":[{"id":4713,"href":"https:\/\/dairytop.eu\/de\/wp-json\/wp\/v2\/product\/4658\/revisions\/4713"}],"wp:featuredmedia":[{"embeddable":true,"href":"https:\/\/dairytop.eu\/de\/wp-json\/wp\/v2\/media\/4712"}],"wp:attachment":[{"href":"https:\/\/dairytop.eu\/de\/wp-json\/wp\/v2\/media?parent=4658"}],"wp:term":[{"taxonomy":"product_brand","embeddable":true,"href":"https:\/\/dairytop.eu\/de\/wp-json\/wp\/v2\/product_brand?post=4658"},{"taxonomy":"product_cat","embeddable":true,"href":"https:\/\/dairytop.eu\/de\/wp-json\/wp\/v2\/product_cat?post=4658"},{"taxonomy":"product_tag","embeddable":true,"href":"https:\/\/dairytop.eu\/de\/wp-json\/wp\/v2\/product_tag?post=4658"}],"curies":[{"name":"wp","href":"https:\/\/api.w.org\/{rel}","templated":true}]}}