{"id":4663,"date":"2026-02-13T14:18:58","date_gmt":"2026-02-13T13:18:58","guid":{"rendered":"https:\/\/new.dairytop.eu\/?post_type=product&#038;p=4663"},"modified":"2026-03-18T10:00:03","modified_gmt":"2026-03-18T09:00:03","slug":"dairytop-deluxe-quattro-kaelberbox-mobil","status":"publish","type":"product","link":"https:\/\/dairytop.eu\/de\/product\/dairytop-deluxe-quattro-kaelberbox-mobil\/","title":{"rendered":"DairyTop Deluxe Quattro K\u00e4lberbox Mobil"},"content":{"rendered":"","protected":false},"excerpt":{"rendered":"<p>Nutzbar als Einzelbox, Doppelbox oder als Gruppenbox f\u00fcr 4 K\u00e4lber.<\/p>\n<p>Durch die Flexibilit\u00e4t und den geschlossenen Boden erf\u00fcllt die mobile Box alle Anforderungen der zuk\u00fcnftigen Tierhaltungsverordnung.<\/p>\n<p>Das Isoliertes Dach vermeidet Hitzestress und Tropfwasserbildung im Herbst.<\/p>\n<p>Einfaches Ausmisten der Einheit.<\/p>\n<p>Abmessungen Stall:<br \/>\n4276 mm breit x 2150mm tief x 1700mm Hoch (Hinterseite)<br \/>\nL\u00e4nge von Dachpaneele ist 300cm.<\/p>\n<p>Abmessungen pro box:<br \/>\nInnenma\u00df: 1000mm breit x 2000 mm Tief<\/p>\n<p><strong>Standardausstattung:<\/strong><\/p>\n<p>Frontgitter mit Personendurchgang<\/p>\n<p>Nuckeleimerhalterung<\/p>\n<p>Dairytop Hiko Eimer TK9<\/p>\n<p>Schalenringhalterung<\/p>\n<p>Futterschale 8 Liter<\/p>\n[video width=\"848\" height=\"480\" mp4=\"https:\/\/dairytop.eu\/wp-content\/uploads\/2022\/08\/31fac916-8a62-4c80-8005-1327574e31d5.mp4\"][\/video]\n[video width=\"848\" height=\"480\" mp4=\"https:\/\/dairytop.eu\/wp-content\/uploads\/2022\/08\/41089b21-263a-49d9-8d82-d1f5f068361a.mp4\"][\/video]\n","protected":false},"featured_media":4721,"template":"","meta":{"site-sidebar-layout":"default","site-content-layout":"","ast-site-content-layout":"default","site-content-style":"default","site-sidebar-style":"default","ast-global-header-display":"","ast-banner-title-visibility":"","ast-main-header-display":"","ast-hfb-above-header-display":"","ast-hfb-below-header-display":"","ast-hfb-mobile-header-display":"","site-post-title":"","ast-breadcrumbs-content":"","ast-featured-img":"","footer-sml-layout":"","ast-disable-related-posts":"","theme-transparent-header-meta":"","adv-header-id-meta":"","stick-header-meta":"","header-above-stick-meta":"","header-main-stick-meta":"","header-below-stick-meta":"","astra-migrate-meta-layouts":"default","ast-page-background-enabled":"default","ast-page-background-meta":{"desktop":{"background-color":"var(--ast-global-color-4)","background-image":"","background-repeat":"repeat","background-position":"center center","background-size":"auto","background-attachment":"scroll","background-type":"","background-media":"","overlay-type":"","overlay-color":"","overlay-opacity":"","overlay-gradient":""},"tablet":{"background-color":"","background-image":"","background-repeat":"repeat","background-position":"center center","background-size":"auto","background-attachment":"scroll","background-type":"","background-media":"","overlay-type":"","overlay-color":"","overlay-opacity":"","overlay-gradient":""},"mobile":{"background-color":"","background-image":"","background-repeat":"repeat","background-position":"center center","background-size":"auto","background-attachment":"scroll","background-type":"","background-media":"","overlay-type":"","overlay-color":"","overlay-opacity":"","overlay-gradient":""}},"ast-content-background-meta":{"desktop":{"background-color":"var(--ast-global-color-5)","background-image":"","background-repeat":"repeat","background-position":"center center","background-size":"auto","background-attachment":"scroll","background-type":"","background-media":"","overlay-type":"","overlay-color":"","overlay-opacity":"","overlay-gradient":""},"tablet":{"background-color":"var(--ast-global-color-5)","background-image":"","background-repeat":"repeat","background-position":"center center","background-size":"auto","background-attachment":"scroll","background-type":"","background-media":"","overlay-type":"","overlay-color":"","overlay-opacity":"","overlay-gradient":""},"mobile":{"background-color":"var(--ast-global-color-5)","background-image":"","background-repeat":"repeat","background-position":"center center","background-size":"auto","background-attachment":"scroll","background-type":"","background-media":"","overlay-type":"","overlay-color":"","overlay-opacity":"","overlay-gradient":""}}},"product_brand":[],"product_cat":[130,166,149,123],"product_tag":[],"class_list":{"0":"post-4663","1":"product","2":"type-product","3":"status-publish","4":"has-post-thumbnail","6":"product_cat-alle-produkten","7":"product_cat-einzelboxen","8":"product_cat-gruppenboxen","9":"product_cat-kaelberhaltung","10":"desktop-align-center","11":"tablet-align-left","12":"mobile-align-left","13":"ast-product-gallery-layout-horizontal","14":"ast-product-tabs-layout-horizontal","16":"first","17":"instock","18":"taxable","19":"shipping-taxable","20":"product-type-simple"},"_links":{"self":[{"href":"https:\/\/dairytop.eu\/de\/wp-json\/wp\/v2\/product\/4663","targetHints":{"allow":["GET"]}}],"collection":[{"href":"https:\/\/dairytop.eu\/de\/wp-json\/wp\/v2\/product"}],"about":[{"href":"https:\/\/dairytop.eu\/de\/wp-json\/wp\/v2\/types\/product"}],"version-history":[{"count":1,"href":"https:\/\/dairytop.eu\/de\/wp-json\/wp\/v2\/product\/4663\/revisions"}],"predecessor-version":[{"id":4722,"href":"https:\/\/dairytop.eu\/de\/wp-json\/wp\/v2\/product\/4663\/revisions\/4722"}],"wp:featuredmedia":[{"embeddable":true,"href":"https:\/\/dairytop.eu\/de\/wp-json\/wp\/v2\/media\/4721"}],"wp:attachment":[{"href":"https:\/\/dairytop.eu\/de\/wp-json\/wp\/v2\/media?parent=4663"}],"wp:term":[{"taxonomy":"product_brand","embeddable":true,"href":"https:\/\/dairytop.eu\/de\/wp-json\/wp\/v2\/product_brand?post=4663"},{"taxonomy":"product_cat","embeddable":true,"href":"https:\/\/dairytop.eu\/de\/wp-json\/wp\/v2\/product_cat?post=4663"},{"taxonomy":"product_tag","embeddable":true,"href":"https:\/\/dairytop.eu\/de\/wp-json\/wp\/v2\/product_tag?post=4663"}],"curies":[{"name":"wp","href":"https:\/\/api.w.org\/{rel}","templated":true}]}}