{"id":4679,"date":"2026-02-13T14:19:31","date_gmt":"2026-02-13T13:19:31","guid":{"rendered":"https:\/\/new.dairytop.eu\/?post_type=product&#038;p=4679"},"modified":"2026-03-18T10:00:03","modified_gmt":"2026-03-18T09:00:03","slug":"dairytop-duo-boxen-abteil-oks-3x-2-kaelber","status":"publish","type":"product","link":"https:\/\/dairytop.eu\/de\/product\/dairytop-duo-boxen-abteil-oks-3x-2-kaelber\/","title":{"rendered":"DairyTop Duo Boxen Abteil OKS (3x 2 K\u00e4lber)"},"content":{"rendered":"","protected":false},"excerpt":{"rendered":"<p>Der Optima Klima Stall in Kombination mit den Duoboxen bietet einen K\u00e4lberstall, in dem die K\u00e4lber direkt nach der Geburt bis \u00fcber das Absetzen hinaus (14 \u2013 16 Wochen) sich die ganze Zeit in demselben Stall befinden ohne jegliches Umstallen der Tiere. Arbeitswirtschaftlich einfach optimal.<\/p>\n<p>Die Duobox als Erg\u00e4nzung f\u00fcr die OKS bietet folgende Vorteile:<\/p>\n<ul>\n<li>Das Kalb kommt direkt nach der Geburt in die Duobox.<\/li>\n<li>Aufstallung von Geburt an zu zweit (Twinhaltung). Die K\u00e4lber gehen viel besser sozialisiert in die Gruppe und erfahren daher deutlich weniger Stress.<\/li>\n<li>Es besteht die M\u00f6glichkeit, eine W\u00e4rmelampe zu benutzen, damit das Kalb m\u00f6glichst wenig Energie verbraucht, um die K\u00f6rpertemperatur zu halten.<\/li>\n<li>Kein Umstallen mehr aus dem Iglu von Einzel \u2013 zu Gruppenhaltung bedeutet weniger Stress f\u00fcr das Kalb.<\/li>\n<li>Zeitlich flexible Umstellung auf Gruppenhaltung, da nur Trennw\u00e4nde entfernt werden m\u00fcssen. Es geht sehr schnell und kann von einer Person allein durchgef\u00fchrt werden.<\/li>\n<li>Das Stroh aus den Duoboxen wird in der Gruppe weiterverwendet und muss nicht entsorgt werden. Dies f\u00fchrt zu Strohersparnis.<\/li>\n<li>Es m\u00fcssen pro Einheit nur 3 Seitenw\u00e4nde und 3 Frontgitter gewaschen werden, anstatt 6 komplette Iglus zu k\u00e4rchern. Die Seitenw\u00e4nde und Frontgitter werden sofort im n\u00e4chsten OKS aufgebaut und wenn sie abgetrocknet sind, desinfiziert.<\/li>\n<li>Ein trockener und komfortabler Arbeitsplatz f\u00fcr die Mitarbeiter mit Strom, Wasser und Licht ab der Geburt des Kalbes.<\/li>\n<li>Die K\u00e4lber profitieren vom isolierten Dach (kein Hitzestress\/kein Schwitzwasser) und den 3 geschlossenen Seiten aus Kunststoff (Nestfaktor) von der Geburt an. Dies f\u00fchrt zu deutlich ges\u00fcnderen K\u00e4lbern.<\/li>\n<\/ul>\n<p><strong>Ma\u00dfe:<br \/>\n<\/strong>Innenma\u00df pro Box : LxBxH: 1900 x 1500 x 1000 mm<br \/>\nAu\u00dfenma\u00df : LXBxH p box: 2000 x 1553 x 1000 mm<br \/>\nWanddicke: 53 mm<br \/>\nFarbe: Kieselgrau<br \/>\nGeliefert pro box inkl: 2x Dairytop HIKO TK9 Eimer,<br \/>\n2x Futterschalenringe, 2x Futterschale 8L und Nuckeleimerhalterungen<\/p>\n","protected":false},"featured_media":4738,"template":"","meta":{"site-sidebar-layout":"default","site-content-layout":"","ast-site-content-layout":"default","site-content-style":"default","site-sidebar-style":"default","ast-global-header-display":"","ast-banner-title-visibility":"","ast-main-header-display":"","ast-hfb-above-header-display":"","ast-hfb-below-header-display":"","ast-hfb-mobile-header-display":"","site-post-title":"","ast-breadcrumbs-content":"","ast-featured-img":"","footer-sml-layout":"","ast-disable-related-posts":"","theme-transparent-header-meta":"","adv-header-id-meta":"","stick-header-meta":"","header-above-stick-meta":"","header-main-stick-meta":"","header-below-stick-meta":"","astra-migrate-meta-layouts":"default","ast-page-background-enabled":"default","ast-page-background-meta":{"desktop":{"background-color":"var(--ast-global-color-4)","background-image":"","background-repeat":"repeat","background-position":"center center","background-size":"auto","background-attachment":"scroll","background-type":"","background-media":"","overlay-type":"","overlay-color":"","overlay-opacity":"","overlay-gradient":""},"tablet":{"background-color":"","background-image":"","background-repeat":"repeat","background-position":"center center","background-size":"auto","background-attachment":"scroll","background-type":"","background-media":"","overlay-type":"","overlay-color":"","overlay-opacity":"","overlay-gradient":""},"mobile":{"background-color":"","background-image":"","background-repeat":"repeat","background-position":"center center","background-size":"auto","background-attachment":"scroll","background-type":"","background-media":"","overlay-type":"","overlay-color":"","overlay-opacity":"","overlay-gradient":""}},"ast-content-background-meta":{"desktop":{"background-color":"var(--ast-global-color-5)","background-image":"","background-repeat":"repeat","background-position":"center center","background-size":"auto","background-attachment":"scroll","background-type":"","background-media":"","overlay-type":"","overlay-color":"","overlay-opacity":"","overlay-gradient":""},"tablet":{"background-color":"var(--ast-global-color-5)","background-image":"","background-repeat":"repeat","background-position":"center center","background-size":"auto","background-attachment":"scroll","background-type":"","background-media":"","overlay-type":"","overlay-color":"","overlay-opacity":"","overlay-gradient":""},"mobile":{"background-color":"var(--ast-global-color-5)","background-image":"","background-repeat":"repeat","background-position":"center center","background-size":"auto","background-attachment":"scroll","background-type":"","background-media":"","overlay-type":"","overlay-color":"","overlay-opacity":"","overlay-gradient":""}}},"product_brand":[],"product_cat":[130,149,150],"product_tag":[],"class_list":{"0":"post-4679","1":"product","2":"type-product","3":"status-publish","4":"has-post-thumbnail","6":"product_cat-alle-produkten","7":"product_cat-gruppenboxen","8":"product_cat-optima-klima-staelle","9":"desktop-align-center","10":"tablet-align-left","11":"mobile-align-left","12":"ast-product-gallery-layout-horizontal","13":"ast-product-tabs-layout-horizontal","15":"first","16":"instock","17":"featured","18":"taxable","19":"shipping-taxable","20":"product-type-simple"},"_links":{"self":[{"href":"https:\/\/dairytop.eu\/de\/wp-json\/wp\/v2\/product\/4679","targetHints":{"allow":["GET"]}}],"collection":[{"href":"https:\/\/dairytop.eu\/de\/wp-json\/wp\/v2\/product"}],"about":[{"href":"https:\/\/dairytop.eu\/de\/wp-json\/wp\/v2\/types\/product"}],"version-history":[{"count":1,"href":"https:\/\/dairytop.eu\/de\/wp-json\/wp\/v2\/product\/4679\/revisions"}],"predecessor-version":[{"id":4739,"href":"https:\/\/dairytop.eu\/de\/wp-json\/wp\/v2\/product\/4679\/revisions\/4739"}],"wp:featuredmedia":[{"embeddable":true,"href":"https:\/\/dairytop.eu\/de\/wp-json\/wp\/v2\/media\/4738"}],"wp:attachment":[{"href":"https:\/\/dairytop.eu\/de\/wp-json\/wp\/v2\/media?parent=4679"}],"wp:term":[{"taxonomy":"product_brand","embeddable":true,"href":"https:\/\/dairytop.eu\/de\/wp-json\/wp\/v2\/product_brand?post=4679"},{"taxonomy":"product_cat","embeddable":true,"href":"https:\/\/dairytop.eu\/de\/wp-json\/wp\/v2\/product_cat?post=4679"},{"taxonomy":"product_tag","embeddable":true,"href":"https:\/\/dairytop.eu\/de\/wp-json\/wp\/v2\/product_tag?post=4679"}],"curies":[{"name":"wp","href":"https:\/\/api.w.org\/{rel}","templated":true}]}}