{"id":4691,"date":"2026-02-13T14:20:02","date_gmt":"2026-02-13T13:20:02","guid":{"rendered":"https:\/\/new.dairytop.eu\/?post_type=product&#038;p=4691"},"modified":"2026-03-18T10:00:02","modified_gmt":"2026-03-18T09:00:02","slug":"milk-bar-mb69b-8er-traenke","status":"publish","type":"product","link":"https:\/\/dairytop.eu\/de\/product\/milk-bar-mb69b-8er-traenke\/","title":{"rendered":"Milk Bar MB69B (8er Tr\u00e4nke)"},"content":{"rendered":"","protected":false},"excerpt":{"rendered":"<p>8er Milk Bar K\u00e4lbertr\u00e4nke: Der ideale Tr\u00e4nkeeimer f\u00fcr Gruppenst\u00e4rken von bis zu 8 K\u00e4lbern. 60 Liter Volumen. Die Befestigungshaken erm\u00f6glichen die schnelle und sichere Befestigung.<br \/>\nDank der bew\u00e4hrten Haken kann der Eimer kopf\u00fcber am Fressgitter h\u00e4ngen. Dies vermindert den Nuckelverschlei\u00df erheblich. Die Nuckel m\u00fcssen zur Reinigung nicht ausgebaut werden; einfach mit Wasser \u201eausmelken\u201c. Die K\u00e4lbertr\u00e4nken sind leicht zu transportieren, da sie ineinander passen.<\/p>\n<table>\n<tbody>\n<tr>\n<td width=\"302\">Ma\u00dfe:<\/td>\n<td width=\"302\">85 x 46 x 43\u00a0 cm (l x b x h)<\/td>\n<\/tr>\n<tr>\n<td width=\"302\">Sauger:<\/td>\n<td width=\"302\">8<\/td>\n<\/tr>\n<tr>\n<td width=\"302\">Inhalt:<\/td>\n<td width=\"302\">60L<\/td>\n<\/tr>\n<\/tbody>\n<\/table>\n","protected":false},"featured_media":4754,"template":"","meta":{"site-sidebar-layout":"default","site-content-layout":"","ast-site-content-layout":"default","site-content-style":"default","site-sidebar-style":"default","ast-global-header-display":"","ast-banner-title-visibility":"","ast-main-header-display":"","ast-hfb-above-header-display":"","ast-hfb-below-header-display":"","ast-hfb-mobile-header-display":"","site-post-title":"","ast-breadcrumbs-content":"","ast-featured-img":"","footer-sml-layout":"","ast-disable-related-posts":"","theme-transparent-header-meta":"","adv-header-id-meta":"","stick-header-meta":"","header-above-stick-meta":"","header-main-stick-meta":"","header-below-stick-meta":"","astra-migrate-meta-layouts":"default","ast-page-background-enabled":"default","ast-page-background-meta":{"desktop":{"background-color":"var(--ast-global-color-4)","background-image":"","background-repeat":"repeat","background-position":"center center","background-size":"auto","background-attachment":"scroll","background-type":"","background-media":"","overlay-type":"","overlay-color":"","overlay-opacity":"","overlay-gradient":""},"tablet":{"background-color":"","background-image":"","background-repeat":"repeat","background-position":"center center","background-size":"auto","background-attachment":"scroll","background-type":"","background-media":"","overlay-type":"","overlay-color":"","overlay-opacity":"","overlay-gradient":""},"mobile":{"background-color":"","background-image":"","background-repeat":"repeat","background-position":"center center","background-size":"auto","background-attachment":"scroll","background-type":"","background-media":"","overlay-type":"","overlay-color":"","overlay-opacity":"","overlay-gradient":""}},"ast-content-background-meta":{"desktop":{"background-color":"var(--ast-global-color-5)","background-image":"","background-repeat":"repeat","background-position":"center center","background-size":"auto","background-attachment":"scroll","background-type":"","background-media":"","overlay-type":"","overlay-color":"","overlay-opacity":"","overlay-gradient":""},"tablet":{"background-color":"var(--ast-global-color-5)","background-image":"","background-repeat":"repeat","background-position":"center center","background-size":"auto","background-attachment":"scroll","background-type":"","background-media":"","overlay-type":"","overlay-color":"","overlay-opacity":"","overlay-gradient":""},"mobile":{"background-color":"var(--ast-global-color-5)","background-image":"","background-repeat":"repeat","background-position":"center center","background-size":"auto","background-attachment":"scroll","background-type":"","background-media":"","overlay-type":"","overlay-color":"","overlay-opacity":"","overlay-gradient":""}}},"product_brand":[],"product_cat":[130,158],"product_tag":[79],"class_list":{"0":"post-4691","1":"product","2":"type-product","3":"status-publish","4":"has-post-thumbnail","6":"product_cat-alle-produkten","7":"product_cat-milkbar","8":"product_tag-dynamic","9":"desktop-align-center","10":"tablet-align-left","11":"mobile-align-left","12":"ast-product-gallery-layout-horizontal","13":"ast-product-gallery-with-no-image","14":"ast-product-tabs-layout-horizontal","16":"first","17":"instock","18":"featured","19":"taxable","20":"shipping-taxable","21":"purchasable","22":"product-type-simple"},"_links":{"self":[{"href":"https:\/\/dairytop.eu\/de\/wp-json\/wp\/v2\/product\/4691","targetHints":{"allow":["GET"]}}],"collection":[{"href":"https:\/\/dairytop.eu\/de\/wp-json\/wp\/v2\/product"}],"about":[{"href":"https:\/\/dairytop.eu\/de\/wp-json\/wp\/v2\/types\/product"}],"version-history":[{"count":1,"href":"https:\/\/dairytop.eu\/de\/wp-json\/wp\/v2\/product\/4691\/revisions"}],"predecessor-version":[{"id":4755,"href":"https:\/\/dairytop.eu\/de\/wp-json\/wp\/v2\/product\/4691\/revisions\/4755"}],"wp:featuredmedia":[{"embeddable":true,"href":"https:\/\/dairytop.eu\/de\/wp-json\/wp\/v2\/media\/4754"}],"wp:attachment":[{"href":"https:\/\/dairytop.eu\/de\/wp-json\/wp\/v2\/media?parent=4691"}],"wp:term":[{"taxonomy":"product_brand","embeddable":true,"href":"https:\/\/dairytop.eu\/de\/wp-json\/wp\/v2\/product_brand?post=4691"},{"taxonomy":"product_cat","embeddable":true,"href":"https:\/\/dairytop.eu\/de\/wp-json\/wp\/v2\/product_cat?post=4691"},{"taxonomy":"product_tag","embeddable":true,"href":"https:\/\/dairytop.eu\/de\/wp-json\/wp\/v2\/product_tag?post=4691"}],"curies":[{"name":"wp","href":"https:\/\/api.w.org\/{rel}","templated":true}]}}