{"id":4699,"date":"2026-02-13T14:20:04","date_gmt":"2026-02-13T13:20:04","guid":{"rendered":"https:\/\/new.dairytop.eu\/?post_type=product&#038;p=4699"},"modified":"2026-03-18T10:00:02","modified_gmt":"2026-03-18T09:00:02","slug":"milkbar-mb06-laemmer-kolostrum-sauger-5pk","status":"publish","type":"product","link":"https:\/\/dairytop.eu\/de\/product\/milkbar-mb06-laemmer-kolostrum-sauger-5pk\/","title":{"rendered":"Milkbar MB06 L\u00e4mmer Kolostrum Sauger (5pk.)"},"content":{"rendered":"","protected":false},"excerpt":{"rendered":"<p>Der gelbe Nuckel empfiehlt sich f\u00fcr die Kolostrumgabe bzw. den ersten Lebenstage zur Angew\u00f6hnung.<\/p>\n<p>Dieser Nuckel ist der Zitze des Schafs nachempfunden. Mit ihm wird eine Aufnahme der Milch wie bei der Mutter gew\u00e4hrleistet. Nur durch starkes Saugen kann Milch aufgenommen werden. Dies stellt eine optimale Speichelproduktion des Lammes sicher und erm\u00f6glicht eine langsame Milchaufnahme, so dass Pansentrinken verhindert wird.<br \/>\nDer starke Saugreflex des Lammes wird durch diesen Nuckel vollst\u00e4ndig gestillt, so dass kein sp\u00e4teres Besaugen an Ohren oder Nabel mehr stattfindet. (Voraussetzung: intakte Nuckel, die eine Mindestsaugdauer von 2,5 Min. pro Liter Milch sicherstellen) Au\u00dferdem wird die Produktion von Verdauungsenzymen im Labmagen durch das intensive Saugen maximiert, so dass f\u00fctterungsbedingte Durchf\u00e4lle bei guter Milchqualit\u00e4t ausgeschlossen werden k\u00f6nnen.<\/p>\n","protected":false},"featured_media":4790,"template":"","meta":{"site-sidebar-layout":"default","site-content-layout":"","ast-site-content-layout":"default","site-content-style":"default","site-sidebar-style":"default","ast-global-header-display":"","ast-banner-title-visibility":"","ast-main-header-display":"","ast-hfb-above-header-display":"","ast-hfb-below-header-display":"","ast-hfb-mobile-header-display":"","site-post-title":"","ast-breadcrumbs-content":"","ast-featured-img":"","footer-sml-layout":"","ast-disable-related-posts":"","theme-transparent-header-meta":"","adv-header-id-meta":"","stick-header-meta":"","header-above-stick-meta":"","header-main-stick-meta":"","header-below-stick-meta":"","astra-migrate-meta-layouts":"default","ast-page-background-enabled":"default","ast-page-background-meta":{"desktop":{"background-color":"var(--ast-global-color-4)","background-image":"","background-repeat":"repeat","background-position":"center center","background-size":"auto","background-attachment":"scroll","background-type":"","background-media":"","overlay-type":"","overlay-color":"","overlay-opacity":"","overlay-gradient":""},"tablet":{"background-color":"","background-image":"","background-repeat":"repeat","background-position":"center center","background-size":"auto","background-attachment":"scroll","background-type":"","background-media":"","overlay-type":"","overlay-color":"","overlay-opacity":"","overlay-gradient":""},"mobile":{"background-color":"","background-image":"","background-repeat":"repeat","background-position":"center center","background-size":"auto","background-attachment":"scroll","background-type":"","background-media":"","overlay-type":"","overlay-color":"","overlay-opacity":"","overlay-gradient":""}},"ast-content-background-meta":{"desktop":{"background-color":"var(--ast-global-color-5)","background-image":"","background-repeat":"repeat","background-position":"center center","background-size":"auto","background-attachment":"scroll","background-type":"","background-media":"","overlay-type":"","overlay-color":"","overlay-opacity":"","overlay-gradient":""},"tablet":{"background-color":"var(--ast-global-color-5)","background-image":"","background-repeat":"repeat","background-position":"center center","background-size":"auto","background-attachment":"scroll","background-type":"","background-media":"","overlay-type":"","overlay-color":"","overlay-opacity":"","overlay-gradient":""},"mobile":{"background-color":"var(--ast-global-color-5)","background-image":"","background-repeat":"repeat","background-position":"center center","background-size":"auto","background-attachment":"scroll","background-type":"","background-media":"","overlay-type":"","overlay-color":"","overlay-opacity":"","overlay-gradient":""}}},"product_brand":[],"product_cat":[130,145],"product_tag":[],"class_list":{"0":"post-4699","1":"product","2":"type-product","3":"status-publish","4":"has-post-thumbnail","6":"product_cat-alle-produkten","7":"product_cat-laemmerbedarf","8":"desktop-align-center","9":"tablet-align-left","10":"mobile-align-left","11":"ast-product-gallery-layout-horizontal","12":"ast-product-gallery-with-no-image","13":"ast-product-tabs-layout-horizontal","15":"first","16":"instock","17":"taxable","18":"shipping-taxable","19":"purchasable","20":"product-type-simple"},"_links":{"self":[{"href":"https:\/\/dairytop.eu\/de\/wp-json\/wp\/v2\/product\/4699","targetHints":{"allow":["GET"]}}],"collection":[{"href":"https:\/\/dairytop.eu\/de\/wp-json\/wp\/v2\/product"}],"about":[{"href":"https:\/\/dairytop.eu\/de\/wp-json\/wp\/v2\/types\/product"}],"version-history":[{"count":1,"href":"https:\/\/dairytop.eu\/de\/wp-json\/wp\/v2\/product\/4699\/revisions"}],"predecessor-version":[{"id":4791,"href":"https:\/\/dairytop.eu\/de\/wp-json\/wp\/v2\/product\/4699\/revisions\/4791"}],"wp:featuredmedia":[{"embeddable":true,"href":"https:\/\/dairytop.eu\/de\/wp-json\/wp\/v2\/media\/4790"}],"wp:attachment":[{"href":"https:\/\/dairytop.eu\/de\/wp-json\/wp\/v2\/media?parent=4699"}],"wp:term":[{"taxonomy":"product_brand","embeddable":true,"href":"https:\/\/dairytop.eu\/de\/wp-json\/wp\/v2\/product_brand?post=4699"},{"taxonomy":"product_cat","embeddable":true,"href":"https:\/\/dairytop.eu\/de\/wp-json\/wp\/v2\/product_cat?post=4699"},{"taxonomy":"product_tag","embeddable":true,"href":"https:\/\/dairytop.eu\/de\/wp-json\/wp\/v2\/product_tag?post=4699"}],"curies":[{"name":"wp","href":"https:\/\/api.w.org\/{rel}","templated":true}]}}