{"id":4737,"date":"2026-02-13T14:21:12","date_gmt":"2026-02-13T13:21:12","guid":{"rendered":"https:\/\/new.dairytop.eu\/?post_type=product&#038;p=4737"},"modified":"2026-03-18T10:00:01","modified_gmt":"2026-03-18T09:00:01","slug":"milkbar-traenkeautomat-sauger-10-pack","status":"publish","type":"product","link":"https:\/\/dairytop.eu\/de\/product\/milkbar-traenkeautomat-sauger-10-pack\/","title":{"rendered":"Milkbar Tr\u00e4nkeautomat Sauger (10 Pack)"},"content":{"rendered":"","protected":false},"excerpt":{"rendered":"<p>Milk Bar Nuckel f\u00fcr Tr\u00e4nkeautomaten<\/p>\n<p>&nbsp;<\/p>\n<p>Die Milkbar Nuckel f\u00fcr Tr\u00e4nkeautomaten passen in die meisten Tr\u00e4nkeautomaten mit einer Nuckelhalterung von 38mm Durchmesser.<\/p>\n<p>Die Seitenfl\u00fcgel erlauben die Kontrolle der Nuckelausrichtung, womit ein perfekter Milchfluss erm\u00f6glicht wird.<\/p>\n<p>Mit unserer speziellen Milchflusskontrolle k\u00f6nnen die K\u00e4lber mehr Speichel bilden, um das Immunsystem zu boostern und die Verdauung zu st\u00e4rken.<\/p>\n<p>Eine verbesserte Verdauung f\u00fchrt zu schwereren, robusteren K\u00e4lbern: Hierdurch werden Kosten reduziert und das Management vereinfacht.<\/p>\n<p>Durchfallerkrankungen treten weniger auf. Der kontrollierte Milchfluss befriedigt das nat\u00fcrliche Saugverhalten und verhindert damit das Besaugen anderer K\u00e4lber.<\/p>\n<p>Wir haben diese Milkbarnuckel so gestaltet, dass sie sehr lange halten, aber auch noch optimal den Bed\u00fcrfnissen des Kalbes entsprechen. F\u00fcr einen optimalen Milchfluss und die gr\u00f6\u00dftm\u00f6gliche Leistungsf\u00e4higkeit des Kalbes, sollte von einer Lebensdauer von ca. 700 Litern Durchfluss pro Milkbarnuckel ausgegangen werden.<\/p>\n","protected":false},"featured_media":4814,"template":"","meta":{"site-sidebar-layout":"default","site-content-layout":"","ast-site-content-layout":"default","site-content-style":"default","site-sidebar-style":"default","ast-global-header-display":"","ast-banner-title-visibility":"","ast-main-header-display":"","ast-hfb-above-header-display":"","ast-hfb-below-header-display":"","ast-hfb-mobile-header-display":"","site-post-title":"","ast-breadcrumbs-content":"","ast-featured-img":"","footer-sml-layout":"","ast-disable-related-posts":"","theme-transparent-header-meta":"","adv-header-id-meta":"","stick-header-meta":"","header-above-stick-meta":"","header-main-stick-meta":"","header-below-stick-meta":"","astra-migrate-meta-layouts":"default","ast-page-background-enabled":"default","ast-page-background-meta":{"desktop":{"background-color":"var(--ast-global-color-4)","background-image":"","background-repeat":"repeat","background-position":"center center","background-size":"auto","background-attachment":"scroll","background-type":"","background-media":"","overlay-type":"","overlay-color":"","overlay-opacity":"","overlay-gradient":""},"tablet":{"background-color":"","background-image":"","background-repeat":"repeat","background-position":"center center","background-size":"auto","background-attachment":"scroll","background-type":"","background-media":"","overlay-type":"","overlay-color":"","overlay-opacity":"","overlay-gradient":""},"mobile":{"background-color":"","background-image":"","background-repeat":"repeat","background-position":"center center","background-size":"auto","background-attachment":"scroll","background-type":"","background-media":"","overlay-type":"","overlay-color":"","overlay-opacity":"","overlay-gradient":""}},"ast-content-background-meta":{"desktop":{"background-color":"var(--ast-global-color-5)","background-image":"","background-repeat":"repeat","background-position":"center center","background-size":"auto","background-attachment":"scroll","background-type":"","background-media":"","overlay-type":"","overlay-color":"","overlay-opacity":"","overlay-gradient":""},"tablet":{"background-color":"var(--ast-global-color-5)","background-image":"","background-repeat":"repeat","background-position":"center center","background-size":"auto","background-attachment":"scroll","background-type":"","background-media":"","overlay-type":"","overlay-color":"","overlay-opacity":"","overlay-gradient":""},"mobile":{"background-color":"var(--ast-global-color-5)","background-image":"","background-repeat":"repeat","background-position":"center center","background-size":"auto","background-attachment":"scroll","background-type":"","background-media":"","overlay-type":"","overlay-color":"","overlay-opacity":"","overlay-gradient":""}}},"product_brand":[],"product_cat":[130,158],"product_tag":[],"class_list":{"0":"post-4737","1":"product","2":"type-product","3":"status-publish","4":"has-post-thumbnail","6":"product_cat-alle-produkten","7":"product_cat-milkbar","8":"desktop-align-center","9":"tablet-align-left","10":"mobile-align-left","11":"ast-product-gallery-layout-horizontal","12":"ast-product-gallery-with-no-image","13":"ast-product-tabs-layout-horizontal","15":"first","16":"instock","17":"taxable","18":"shipping-taxable","19":"purchasable","20":"product-type-simple"},"_links":{"self":[{"href":"https:\/\/dairytop.eu\/de\/wp-json\/wp\/v2\/product\/4737","targetHints":{"allow":["GET"]}}],"collection":[{"href":"https:\/\/dairytop.eu\/de\/wp-json\/wp\/v2\/product"}],"about":[{"href":"https:\/\/dairytop.eu\/de\/wp-json\/wp\/v2\/types\/product"}],"version-history":[{"count":1,"href":"https:\/\/dairytop.eu\/de\/wp-json\/wp\/v2\/product\/4737\/revisions"}],"predecessor-version":[{"id":4815,"href":"https:\/\/dairytop.eu\/de\/wp-json\/wp\/v2\/product\/4737\/revisions\/4815"}],"wp:featuredmedia":[{"embeddable":true,"href":"https:\/\/dairytop.eu\/de\/wp-json\/wp\/v2\/media\/4814"}],"wp:attachment":[{"href":"https:\/\/dairytop.eu\/de\/wp-json\/wp\/v2\/media?parent=4737"}],"wp:term":[{"taxonomy":"product_brand","embeddable":true,"href":"https:\/\/dairytop.eu\/de\/wp-json\/wp\/v2\/product_brand?post=4737"},{"taxonomy":"product_cat","embeddable":true,"href":"https:\/\/dairytop.eu\/de\/wp-json\/wp\/v2\/product_cat?post=4737"},{"taxonomy":"product_tag","embeddable":true,"href":"https:\/\/dairytop.eu\/de\/wp-json\/wp\/v2\/product_tag?post=4737"}],"curies":[{"name":"wp","href":"https:\/\/api.w.org\/{rel}","templated":true}]}}