{"id":4785,"date":"2026-02-13T14:22:53","date_gmt":"2026-02-13T13:22:53","guid":{"rendered":"https:\/\/new.dairytop.eu\/?post_type=product&#038;p=4785"},"modified":"2026-03-18T09:59:59","modified_gmt":"2026-03-18T08:59:59","slug":"vetericyn-plus-pink-eye-spray","status":"publish","type":"product","link":"https:\/\/dairytop.eu\/de\/product\/vetericyn-plus-pink-eye-spray\/","title":{"rendered":"Vetericyn\u00ae Plus Pink Eye Spray"},"content":{"rendered":"","protected":false},"excerpt":{"rendered":"<p>Vetericyn\u00ae Plus Pink Eye Spray ist speziell f\u00fcr gereizte Augen mit Anzeichen<br \/>\nvon Bindehautentz\u00fcndung entwickelt worden. Basierend auf fortschrittlicher<br \/>\nhypochloriger Technologie ist es pH-ausgeglichen und verursacht kein Brennen<br \/>\noder Stechen. Es lindert Irritationen, Brennen, Juckreiz, sowie Schadstoffe und<br \/>\nandere Fremdstoffe. Es w\u00e4scht auch Schleimsekrete und Ausfluss weg. Dieses<br \/>\nSpray ist hilfreich bei Symptomen von Bindehautentz\u00fcndung,<br \/>\nAugenabsch\u00fcrfungen und Augenreizungen. Der Spr\u00fchapplikator erm\u00f6glicht die<br \/>\ndirekte Anwendung am Auge und ist sicher f\u00fcr alle Tierarten jeden Alters. T\u00e4glich<br \/>\nanwenden, um zuk\u00fcnftige Probleme zu verhindern und als Fliegenabwehr um die<br \/>\nAugen herum. Von zu Hause bis zum Bauernhof, die Pflege Ihrer Tiere ist einfach<br \/>\nund unkompliziert.<\/p>\n","protected":false},"featured_media":4848,"template":"","meta":{"site-sidebar-layout":"default","site-content-layout":"","ast-site-content-layout":"default","site-content-style":"default","site-sidebar-style":"default","ast-global-header-display":"","ast-banner-title-visibility":"","ast-main-header-display":"","ast-hfb-above-header-display":"","ast-hfb-below-header-display":"","ast-hfb-mobile-header-display":"","site-post-title":"","ast-breadcrumbs-content":"","ast-featured-img":"","footer-sml-layout":"","ast-disable-related-posts":"","theme-transparent-header-meta":"","adv-header-id-meta":"","stick-header-meta":"","header-above-stick-meta":"","header-main-stick-meta":"","header-below-stick-meta":"","astra-migrate-meta-layouts":"default","ast-page-background-enabled":"default","ast-page-background-meta":{"desktop":{"background-color":"var(--ast-global-color-4)","background-image":"","background-repeat":"repeat","background-position":"center center","background-size":"auto","background-attachment":"scroll","background-type":"","background-media":"","overlay-type":"","overlay-color":"","overlay-opacity":"","overlay-gradient":""},"tablet":{"background-color":"","background-image":"","background-repeat":"repeat","background-position":"center center","background-size":"auto","background-attachment":"scroll","background-type":"","background-media":"","overlay-type":"","overlay-color":"","overlay-opacity":"","overlay-gradient":""},"mobile":{"background-color":"","background-image":"","background-repeat":"repeat","background-position":"center center","background-size":"auto","background-attachment":"scroll","background-type":"","background-media":"","overlay-type":"","overlay-color":"","overlay-opacity":"","overlay-gradient":""}},"ast-content-background-meta":{"desktop":{"background-color":"var(--ast-global-color-5)","background-image":"","background-repeat":"repeat","background-position":"center center","background-size":"auto","background-attachment":"scroll","background-type":"","background-media":"","overlay-type":"","overlay-color":"","overlay-opacity":"","overlay-gradient":""},"tablet":{"background-color":"var(--ast-global-color-5)","background-image":"","background-repeat":"repeat","background-position":"center center","background-size":"auto","background-attachment":"scroll","background-type":"","background-media":"","overlay-type":"","overlay-color":"","overlay-opacity":"","overlay-gradient":""},"mobile":{"background-color":"var(--ast-global-color-5)","background-image":"","background-repeat":"repeat","background-position":"center center","background-size":"auto","background-attachment":"scroll","background-type":"","background-media":"","overlay-type":"","overlay-color":"","overlay-opacity":"","overlay-gradient":""}}},"product_brand":[],"product_cat":[130,139],"product_tag":[],"class_list":{"0":"post-4785","1":"product","2":"type-product","3":"status-publish","4":"has-post-thumbnail","6":"product_cat-alle-produkten","7":"product_cat-desinfektionsmittel","8":"desktop-align-center","9":"tablet-align-left","10":"mobile-align-left","11":"ast-product-gallery-layout-horizontal","12":"ast-product-gallery-with-no-image","13":"ast-product-single-variable","14":"ast-product-tabs-layout-horizontal","16":"first","17":"instock","18":"taxable","19":"shipping-taxable","20":"purchasable","21":"product-type-variable"},"_links":{"self":[{"href":"https:\/\/dairytop.eu\/de\/wp-json\/wp\/v2\/product\/4785","targetHints":{"allow":["GET"]}}],"collection":[{"href":"https:\/\/dairytop.eu\/de\/wp-json\/wp\/v2\/product"}],"about":[{"href":"https:\/\/dairytop.eu\/de\/wp-json\/wp\/v2\/types\/product"}],"version-history":[{"count":1,"href":"https:\/\/dairytop.eu\/de\/wp-json\/wp\/v2\/product\/4785\/revisions"}],"predecessor-version":[{"id":4849,"href":"https:\/\/dairytop.eu\/de\/wp-json\/wp\/v2\/product\/4785\/revisions\/4849"}],"wp:featuredmedia":[{"embeddable":true,"href":"https:\/\/dairytop.eu\/de\/wp-json\/wp\/v2\/media\/4848"}],"wp:attachment":[{"href":"https:\/\/dairytop.eu\/de\/wp-json\/wp\/v2\/media?parent=4785"}],"wp:term":[{"taxonomy":"product_brand","embeddable":true,"href":"https:\/\/dairytop.eu\/de\/wp-json\/wp\/v2\/product_brand?post=4785"},{"taxonomy":"product_cat","embeddable":true,"href":"https:\/\/dairytop.eu\/de\/wp-json\/wp\/v2\/product_cat?post=4785"},{"taxonomy":"product_tag","embeddable":true,"href":"https:\/\/dairytop.eu\/de\/wp-json\/wp\/v2\/product_tag?post=4785"}],"curies":[{"name":"wp","href":"https:\/\/api.w.org\/{rel}","templated":true}]}}