{"id":4950,"date":"2025-10-16T15:09:22","date_gmt":"2025-10-16T13:09:22","guid":{"rendered":"https:\/\/new.dairytop.eu\/product\/pro-elite-24-2\/"},"modified":"2026-03-18T10:05:34","modified_gmt":"2026-03-18T09:05:34","slug":"pro-elite-24-2","status":"publish","type":"product","link":"https:\/\/dairytop.eu\/de\/product\/pro-elite-24-2\/","title":{"rendered":"Pro Elite 24"},"content":{"rendered":"","protected":false},"excerpt":{"rendered":"<p><strong>Pro Elite 24 ist der hochwertigste Milchaustauscher mit<\/strong> <strong>hohem Proteingehalt und Immunglobulinen<\/strong>. Pro Elite 24 enth\u00e4lt 24 % Protein und basiert auf 12,5 % Low-Heat-Magermilchpulver. Der hohe Proteingehalt setzt sich aus einer konstanten Mischung aus hochwertigem Molkenproteinkonzentrat und Kaseinpulver zusammen. Durch den Zusatz von Immunglobulinen ist Pro Elite 24 ein sehr leistungsstarkes Milchpulver, das f\u00fcr hervorragendes Wachstum und gl\u00e4nzende K\u00e4lber sorgt.<\/p>\n<table id=\"product-attribute-specs-table\" class=\"data-table\">\n<tbody>\n<tr class=\"first odd\">\n<th class=\"label\">Gewicht<\/th>\n<td class=\"data last\">25 kg pro Sack<\/td>\n<\/tr>\n<tr class=\"even\">\n<th class=\"label\">Rohprotein<\/th>\n<td class=\"data last\">24 %<\/td>\n<\/tr>\n<tr class=\"odd\">\n<th class=\"label\">Rohfett<\/th>\n<td class=\"data last\">20 %<\/td>\n<\/tr>\n<tr class=\"even\">\n<th class=\"label\">Rohfaser<\/th>\n<td class=\"data last\">0,02 %<\/td>\n<\/tr>\n<tr class=\"odd\">\n<th class=\"label\">Rohasche<\/th>\n<td class=\"data last\">7,5 %<\/td>\n<\/tr>\n<tr class=\"last even\">\n<th class=\"label\">Laktose<\/th>\n<td class=\"data last\">40,0 %<\/td>\n<\/tr>\n<\/tbody>\n<\/table>\n","protected":false},"featured_media":4952,"template":"","meta":{"site-sidebar-layout":"default","site-content-layout":"default","ast-site-content-layout":"default","site-content-style":"default","site-sidebar-style":"default","ast-global-header-display":"","ast-banner-title-visibility":"","ast-main-header-display":"","ast-hfb-above-header-display":"","ast-hfb-below-header-display":"","ast-hfb-mobile-header-display":"","site-post-title":"","ast-breadcrumbs-content":"","ast-featured-img":"","footer-sml-layout":"","ast-disable-related-posts":"","theme-transparent-header-meta":"default","adv-header-id-meta":"","stick-header-meta":"default","header-above-stick-meta":"","header-main-stick-meta":"","header-below-stick-meta":"","astra-migrate-meta-layouts":"default","ast-page-background-enabled":"default","ast-page-background-meta":{"desktop":{"background-color":"var(--ast-global-color-4)","background-image":"","background-repeat":"repeat","background-position":"center center","background-size":"auto","background-attachment":"scroll","background-type":"","background-media":"","overlay-type":"","overlay-color":"","overlay-opacity":"","overlay-gradient":""},"tablet":{"background-color":"","background-image":"","background-repeat":"repeat","background-position":"center center","background-size":"auto","background-attachment":"scroll","background-type":"","background-media":"","overlay-type":"","overlay-color":"","overlay-opacity":"","overlay-gradient":""},"mobile":{"background-color":"","background-image":"","background-repeat":"repeat","background-position":"center center","background-size":"auto","background-attachment":"scroll","background-type":"","background-media":"","overlay-type":"","overlay-color":"","overlay-opacity":"","overlay-gradient":""}},"ast-content-background-meta":{"desktop":{"background-color":"var(--ast-global-color-5)","background-image":"","background-repeat":"repeat","background-position":"center center","background-size":"auto","background-attachment":"scroll","background-type":"","background-media":"","overlay-type":"","overlay-color":"","overlay-opacity":"","overlay-gradient":""},"tablet":{"background-color":"var(--ast-global-color-5)","background-image":"","background-repeat":"repeat","background-position":"center center","background-size":"auto","background-attachment":"scroll","background-type":"","background-media":"","overlay-type":"","overlay-color":"","overlay-opacity":"","overlay-gradient":""},"mobile":{"background-color":"var(--ast-global-color-5)","background-image":"","background-repeat":"repeat","background-position":"center center","background-size":"auto","background-attachment":"scroll","background-type":"","background-media":"","overlay-type":"","overlay-color":"","overlay-opacity":"","overlay-gradient":""}}},"product_brand":[],"product_cat":[130,256,175],"product_tag":[],"class_list":{"0":"post-4950","1":"product","2":"type-product","3":"status-publish","4":"has-post-thumbnail","6":"product_cat-alle-produkten","7":"product_cat-alle-produkten-3","8":"product_cat-kalberfutterungssysteme","9":"desktop-align-center","10":"tablet-align-left","11":"mobile-align-left","12":"ast-product-gallery-layout-horizontal","13":"ast-product-tabs-layout-horizontal","15":"first","16":"instock","17":"taxable","18":"shipping-taxable","19":"purchasable","20":"product-type-simple"},"_links":{"self":[{"href":"https:\/\/dairytop.eu\/de\/wp-json\/wp\/v2\/product\/4950","targetHints":{"allow":["GET"]}}],"collection":[{"href":"https:\/\/dairytop.eu\/de\/wp-json\/wp\/v2\/product"}],"about":[{"href":"https:\/\/dairytop.eu\/de\/wp-json\/wp\/v2\/types\/product"}],"version-history":[{"count":1,"href":"https:\/\/dairytop.eu\/de\/wp-json\/wp\/v2\/product\/4950\/revisions"}],"predecessor-version":[{"id":4955,"href":"https:\/\/dairytop.eu\/de\/wp-json\/wp\/v2\/product\/4950\/revisions\/4955"}],"wp:featuredmedia":[{"embeddable":true,"href":"https:\/\/dairytop.eu\/de\/wp-json\/wp\/v2\/media\/4952"}],"wp:attachment":[{"href":"https:\/\/dairytop.eu\/de\/wp-json\/wp\/v2\/media?parent=4950"}],"wp:term":[{"taxonomy":"product_brand","embeddable":true,"href":"https:\/\/dairytop.eu\/de\/wp-json\/wp\/v2\/product_brand?post=4950"},{"taxonomy":"product_cat","embeddable":true,"href":"https:\/\/dairytop.eu\/de\/wp-json\/wp\/v2\/product_cat?post=4950"},{"taxonomy":"product_tag","embeddable":true,"href":"https:\/\/dairytop.eu\/de\/wp-json\/wp\/v2\/product_tag?post=4950"}],"curies":[{"name":"wp","href":"https:\/\/api.w.org\/{rel}","templated":true}]}}