{"id":4989,"date":"2026-02-11T15:20:43","date_gmt":"2026-02-11T14:20:43","guid":{"rendered":"https:\/\/new.dairytop.eu\/product\/calfotel-xl-5-mit-schwelle\/"},"modified":"2026-04-06T19:59:17","modified_gmt":"2026-04-06T17:59:17","slug":"calfotel-xl-5-mit-schwelle","status":"publish","type":"product","link":"https:\/\/dairytop.eu\/de\/product\/calfotel-xl-5-mit-schwelle\/","title":{"rendered":"CalfOTel XL-5 mit Schwelle"},"content":{"rendered":"","protected":false},"excerpt":{"rendered":"<p>In der Praxis beobachten wir bei K\u00e4lbern h\u00e4ufig einen R\u00fcckschlag, wenn sie nach der Zeit in Einzelh\u00fctten in die Gruppenhaltung im Stall wechseln. Die CalfOTel\u00ae XL-5 ist daher die absolut beste Nachfolge f\u00fcr Einzelh\u00fctten. Wenn K\u00e4lber nach ihrem Aufenthalt in den H\u00fctten in diesem System im Freien aufgezogen werden, bis zu einem Alter von ca. 3 Monaten, vermeiden Sie diese Probleme. Die K\u00e4lber kehren dann mit einem gesunden Start zur\u00fcck in den Stall. Selbstverst\u00e4ndlich verf\u00fcgt das System XL-5 \u00fcber alle St\u00e4rken der CalfOTel\u00ae Einzelh\u00fctten.    <\/p>\n<h2>St\u00e4rken<\/h2>\n<ul>\n<li>Geeignet f\u00fcr die Unterbringung von 5 K\u00e4lbern<\/li>\n<li>Hergestellt aus glasfaserverst\u00e4rktem Polyester, was eine lange Lebensdauer und Schattentemperaturen im Sommer garantiert<\/li>\n<li>Hervorragende Bel\u00fcftung durch die \u00d6ffnungen im Dach<\/li>\n<li>Serienm\u00e4\u00dfig mit Kran\u00f6sen ausgestattet, daher leicht versetzbar<\/li>\n<li>Die glatte Innenschicht verhindert Bakterienbildung und ist leicht zu reinigen<\/li>\n<li>Die Kapazit\u00e4t ist ideal, um Gruppen von K\u00e4lbern gleichen Alters gleichzeitig ein- und auszustallen<\/li>\n<li>Das System bietet eine optimale \u00dcbersicht<\/li>\n<li>Die Stahlschwelle h\u00e4lt das Stroh in der H\u00fctte<\/li>\n<li>Frei kombinierbar mit eigener Umz\u00e4unung<\/li>\n<\/ul>\n<p>&nbsp;<\/p>\n<h2>Abmessungen CalfOTel XL-5:<\/h2>\n<p>H\u00fctte mit Schwelle und Kran\u00f6sen.<br \/>\nAbmessungen: (L x B x H)<br \/>\nH\u00fctte: 260 x 225 x 180 cm<\/p>\n<p>Abmessungen sind Au\u00dfenma\u00dfe\/Transportma\u00dfe und k\u00f6nnen je H\u00fctte variieren.<\/p>\n<p>&nbsp;<\/p>\n","protected":false},"featured_media":4990,"template":"","meta":{"site-sidebar-layout":"default","site-content-layout":"","ast-site-content-layout":"default","site-content-style":"default","site-sidebar-style":"default","ast-global-header-display":"","ast-banner-title-visibility":"","ast-main-header-display":"","ast-hfb-above-header-display":"","ast-hfb-below-header-display":"","ast-hfb-mobile-header-display":"","site-post-title":"","ast-breadcrumbs-content":"","ast-featured-img":"","footer-sml-layout":"","ast-disable-related-posts":"","theme-transparent-header-meta":"","adv-header-id-meta":"","stick-header-meta":"","header-above-stick-meta":"","header-main-stick-meta":"","header-below-stick-meta":"","astra-migrate-meta-layouts":"default","ast-page-background-enabled":"default","ast-page-background-meta":{"desktop":{"background-color":"var(--ast-global-color-4)","background-image":"","background-repeat":"repeat","background-position":"center center","background-size":"auto","background-attachment":"scroll","background-type":"","background-media":"","overlay-type":"","overlay-color":"","overlay-opacity":"","overlay-gradient":""},"tablet":{"background-color":"","background-image":"","background-repeat":"repeat","background-position":"center center","background-size":"auto","background-attachment":"scroll","background-type":"","background-media":"","overlay-type":"","overlay-color":"","overlay-opacity":"","overlay-gradient":""},"mobile":{"background-color":"","background-image":"","background-repeat":"repeat","background-position":"center center","background-size":"auto","background-attachment":"scroll","background-type":"","background-media":"","overlay-type":"","overlay-color":"","overlay-opacity":"","overlay-gradient":""}},"ast-content-background-meta":{"desktop":{"background-color":"var(--ast-global-color-5)","background-image":"","background-repeat":"repeat","background-position":"center center","background-size":"auto","background-attachment":"scroll","background-type":"","background-media":"","overlay-type":"","overlay-color":"","overlay-opacity":"","overlay-gradient":""},"tablet":{"background-color":"var(--ast-global-color-5)","background-image":"","background-repeat":"repeat","background-position":"center center","background-size":"auto","background-attachment":"scroll","background-type":"","background-media":"","overlay-type":"","overlay-color":"","overlay-opacity":"","overlay-gradient":""},"mobile":{"background-color":"var(--ast-global-color-5)","background-image":"","background-repeat":"repeat","background-position":"center center","background-size":"auto","background-attachment":"scroll","background-type":"","background-media":"","overlay-type":"","overlay-color":"","overlay-opacity":"","overlay-gradient":""}}},"product_brand":[],"product_cat":[62,83,75],"product_tag":[79],"class_list":{"0":"post-4989","1":"product","2":"type-product","3":"status-publish","4":"has-post-thumbnail","6":"product_cat-alle-producten","7":"product_cat-groepsiglos","8":"product_cat-xl-5-xl-10","9":"product_tag-dynamic","10":"desktop-align-center","11":"tablet-align-left","12":"mobile-align-left","13":"ast-product-gallery-layout-horizontal","14":"ast-product-gallery-with-no-image","15":"ast-product-tabs-layout-horizontal","17":"first","18":"instock","19":"taxable","20":"shipping-taxable","21":"purchasable","22":"product-type-simple"},"_links":{"self":[{"href":"https:\/\/dairytop.eu\/de\/wp-json\/wp\/v2\/product\/4989","targetHints":{"allow":["GET"]}}],"collection":[{"href":"https:\/\/dairytop.eu\/de\/wp-json\/wp\/v2\/product"}],"about":[{"href":"https:\/\/dairytop.eu\/de\/wp-json\/wp\/v2\/types\/product"}],"version-history":[{"count":2,"href":"https:\/\/dairytop.eu\/de\/wp-json\/wp\/v2\/product\/4989\/revisions"}],"predecessor-version":[{"id":8778,"href":"https:\/\/dairytop.eu\/de\/wp-json\/wp\/v2\/product\/4989\/revisions\/8778"}],"wp:featuredmedia":[{"embeddable":true,"href":"https:\/\/dairytop.eu\/de\/wp-json\/wp\/v2\/media\/4990"}],"wp:attachment":[{"href":"https:\/\/dairytop.eu\/de\/wp-json\/wp\/v2\/media?parent=4989"}],"wp:term":[{"taxonomy":"product_brand","embeddable":true,"href":"https:\/\/dairytop.eu\/de\/wp-json\/wp\/v2\/product_brand?post=4989"},{"taxonomy":"product_cat","embeddable":true,"href":"https:\/\/dairytop.eu\/de\/wp-json\/wp\/v2\/product_cat?post=4989"},{"taxonomy":"product_tag","embeddable":true,"href":"https:\/\/dairytop.eu\/de\/wp-json\/wp\/v2\/product_tag?post=4989"}],"curies":[{"name":"wp","href":"https:\/\/api.w.org\/{rel}","templated":true}]}}