{"id":4991,"date":"2026-02-11T15:20:12","date_gmt":"2026-02-11T14:20:12","guid":{"rendered":"https:\/\/new.dairytop.eu\/product\/trusti-tuber\/"},"modified":"2026-03-18T10:03:53","modified_gmt":"2026-03-18T09:03:53","slug":"trusti-tuber","status":"publish","type":"product","link":"https:\/\/dairytop.eu\/de\/product\/trusti-tuber\/","title":{"rendered":"Trusti Tuber"},"content":{"rendered":"","protected":false},"excerpt":{"rendered":"<p><strong>Stressfreie Sondenf\u00fctterung f\u00fcr K\u00e4lber<\/strong><\/p>\n<p>Der Trusti Tuber ist eine Eingeber-Sonde f\u00fcr K\u00e4lber. Er l\u00e4sst sich einfach mit einer Hand fixieren, spart Zeit sowie M\u00fche und kann f\u00fcr K\u00e4lber bis 200 kg verwendet werden. Der Sondenschlauch gleitet durch das Mundst\u00fcck, wodurch Besch\u00e4digungen am Schlauch vermieden werden. Sehr sicher f\u00fcr das Kalb, mit geringem Verletzungsrisiko und Schutz vor Durchbei\u00dfen. Der Trusti Tuber wurde von einem Tierarzt entwickelt und reduziert Stress sowie Unbehagen w\u00e4hrend der Sondenf\u00fctterung deutlich.     <\/p>\n<p><strong>Inhalt Starterpaket<\/strong><\/p>\n<ul>\n<li>Flasche mit 4 Liter Inhalt<\/li>\n<li>Deckel mit Sauger<\/li>\n<li>Schlauch mit Mundst\u00fcck und Kappe<\/li>\n<li>Der transparente, flexible Schlauch macht die Reinigung und Kontrolle des Milchflusses sehr einfach.<\/li>\n<li>Zuverl\u00e4ssiges Ventil mit schnellem Luftdurchlass, wodurch auch dickfl\u00fcssiges Kolostrum problemlos durch die Sonde flie\u00dft.<\/li>\n<li>Erfahrungen zeigen, dass die F\u00fctterung mit dieser Sonde schnell und effizient verl\u00e4uft.&nbsp;<\/li>\n<\/ul>\n<div><strong><a title=\"Trusti Tuber Flyer\" href=\"https:\/\/www.dairytop.nl\/media\/wysiwyg\/Trusti_Tuber_Leaflet_DE_light_1.pdf\" target=\"_blank\" rel=\"noopener noreferrer\"> Download Trusti Tuber Flyer<\/a><\/strong><\/div>\n<p>https:\/\/www.youtube.com\/watch?v=hUNwb2VJDZ0<\/p>\n","protected":false},"featured_media":4992,"template":"","meta":{"site-sidebar-layout":"default","site-content-layout":"","ast-site-content-layout":"default","site-content-style":"default","site-sidebar-style":"default","ast-global-header-display":"","ast-banner-title-visibility":"","ast-main-header-display":"","ast-hfb-above-header-display":"","ast-hfb-below-header-display":"","ast-hfb-mobile-header-display":"","site-post-title":"","ast-breadcrumbs-content":"","ast-featured-img":"","footer-sml-layout":"","ast-disable-related-posts":"","theme-transparent-header-meta":"","adv-header-id-meta":"","stick-header-meta":"","header-above-stick-meta":"","header-main-stick-meta":"","header-below-stick-meta":"","astra-migrate-meta-layouts":"default","ast-page-background-enabled":"default","ast-page-background-meta":{"desktop":{"background-color":"var(--ast-global-color-4)","background-image":"","background-repeat":"repeat","background-position":"center center","background-size":"auto","background-attachment":"scroll","background-type":"","background-media":"","overlay-type":"","overlay-color":"","overlay-opacity":"","overlay-gradient":""},"tablet":{"background-color":"","background-image":"","background-repeat":"repeat","background-position":"center center","background-size":"auto","background-attachment":"scroll","background-type":"","background-media":"","overlay-type":"","overlay-color":"","overlay-opacity":"","overlay-gradient":""},"mobile":{"background-color":"","background-image":"","background-repeat":"repeat","background-position":"center center","background-size":"auto","background-attachment":"scroll","background-type":"","background-media":"","overlay-type":"","overlay-color":"","overlay-opacity":"","overlay-gradient":""}},"ast-content-background-meta":{"desktop":{"background-color":"var(--ast-global-color-5)","background-image":"","background-repeat":"repeat","background-position":"center center","background-size":"auto","background-attachment":"scroll","background-type":"","background-media":"","overlay-type":"","overlay-color":"","overlay-opacity":"","overlay-gradient":""},"tablet":{"background-color":"var(--ast-global-color-5)","background-image":"","background-repeat":"repeat","background-position":"center center","background-size":"auto","background-attachment":"scroll","background-type":"","background-media":"","overlay-type":"","overlay-color":"","overlay-opacity":"","overlay-gradient":""},"mobile":{"background-color":"var(--ast-global-color-5)","background-image":"","background-repeat":"repeat","background-position":"center center","background-size":"auto","background-attachment":"scroll","background-type":"","background-media":"","overlay-type":"","overlay-color":"","overlay-opacity":"","overlay-gradient":""}}},"product_brand":[],"product_cat":[130,256,194],"product_tag":[],"class_list":{"0":"post-4991","1":"product","2":"type-product","3":"status-publish","4":"has-post-thumbnail","6":"product_cat-alle-produkten","7":"product_cat-alle-produkten-3","8":"product_cat-flaschen-und-drencher","9":"desktop-align-center","10":"tablet-align-left","11":"mobile-align-left","12":"ast-product-gallery-layout-horizontal","13":"ast-product-gallery-with-no-image","14":"ast-product-tabs-layout-horizontal","16":"first","17":"instock","18":"taxable","19":"shipping-taxable","20":"purchasable","21":"product-type-simple"},"_links":{"self":[{"href":"https:\/\/dairytop.eu\/de\/wp-json\/wp\/v2\/product\/4991","targetHints":{"allow":["GET"]}}],"collection":[{"href":"https:\/\/dairytop.eu\/de\/wp-json\/wp\/v2\/product"}],"about":[{"href":"https:\/\/dairytop.eu\/de\/wp-json\/wp\/v2\/types\/product"}],"version-history":[{"count":1,"href":"https:\/\/dairytop.eu\/de\/wp-json\/wp\/v2\/product\/4991\/revisions"}],"predecessor-version":[{"id":7944,"href":"https:\/\/dairytop.eu\/de\/wp-json\/wp\/v2\/product\/4991\/revisions\/7944"}],"wp:featuredmedia":[{"embeddable":true,"href":"https:\/\/dairytop.eu\/de\/wp-json\/wp\/v2\/media\/4992"}],"wp:attachment":[{"href":"https:\/\/dairytop.eu\/de\/wp-json\/wp\/v2\/media?parent=4991"}],"wp:term":[{"taxonomy":"product_brand","embeddable":true,"href":"https:\/\/dairytop.eu\/de\/wp-json\/wp\/v2\/product_brand?post=4991"},{"taxonomy":"product_cat","embeddable":true,"href":"https:\/\/dairytop.eu\/de\/wp-json\/wp\/v2\/product_cat?post=4991"},{"taxonomy":"product_tag","embeddable":true,"href":"https:\/\/dairytop.eu\/de\/wp-json\/wp\/v2\/product_tag?post=4991"}],"curies":[{"name":"wp","href":"https:\/\/api.w.org\/{rel}","templated":true}]}}