{"id":4994,"date":"2026-02-11T15:20:42","date_gmt":"2026-02-11T14:20:42","guid":{"rendered":"https:\/\/new.dairytop.eu\/product\/calfotel-open-top-mit-doppelrahmen\/"},"modified":"2026-04-15T06:48:24","modified_gmt":"2026-04-15T04:48:24","slug":"calfotel-open-top-mit-doppelrahmen","status":"publish","type":"product","link":"https:\/\/dairytop.eu\/de\/product\/calfotel-open-top-mit-doppelrahmen\/","title":{"rendered":"CalfOTel Open Top mit Doppelrahmen"},"content":{"rendered":"","protected":false},"excerpt":{"rendered":"<p>Dieses Aufzuchtsystem verf\u00fcgt \u00fcber ein markantes offenes Dach f\u00fcr die Aufstellung im Stall oder im Au\u00dfenbereich unter einer \u00dcberdachung. F\u00fcr Landwirte, die ihre K\u00e4lber drinnen oder gesch\u00fctzt im Freien aufziehen m\u00f6chten, ist dies ein \u00e4u\u00dferst praktisches und flexibles System, das eine Reduzierung der Arbeitskosten mit h\u00f6chster Benutzerfreundlichkeit kombiniert. <\/p>\n<p>Erh\u00e4ltlich mit Rost, in Einzel-, Doppel- und Dreifachausf\u00fchrung, ausgestattet mit Lenkrollen.<\/p>\n<div class=\"box-collateral box-description\">\n<div class=\"box-collateral-content\">\n<div class=\"std\">\n<h2>St\u00e4rken<\/h2>\n<ul>\n<li>Hergestellt aus glasfaserverst\u00e4rktem Polyester, was eine lange Lebensdauer garantiert<\/li>\n<li>Aus einem St\u00fcck gefertigt, also nahtlos; verringert das Risiko der Bakterienbildung und ist sehr leicht zu reinigen<\/li>\n<li>Ausgestattet mit robusten, wartungsfreien Rollen<\/li>\n<li>Gut kippbar und einfach zu reinigen dank praktischem Griff<\/li>\n<li>Gute Zug\u00e4nglichkeit durch das verriegelbare Absperrgitter<\/li>\n<li>Die Box kann einzeln, in 2er- oder 3er-Gruppen sowie in Vielfachen davon aufgestellt werden<\/li>\n<li>Dank der leichtg\u00e4ngigen Rollen ist die Box einfach zu bewegen, mit oder ohne Kalb<\/li>\n<li>Sowohl die Box als auch der Polyesterboden sind f\u00fcr eine einfache Reinigung kippbar<\/li>\n<li>Zwischen den Boxen ist ausreichend Platz f\u00fcr den seitlichen Zugang, um K\u00e4lber anzulernen oder Kontrollen durchzuf\u00fchren.<\/li>\n<li>\u00c4u\u00dferst mobil und hygienisch: Sie fahren die Boxen zur Reinigung aus dem Stall, ohne das Risiko einer Bakterienverbreitung.<\/li>\n<\/ul>\n<p>&nbsp;<\/p>\n<h2>CalfOTel Open Top auf fahrbarem Rost, doppelt<\/h2>\n<p>CalfOTel Open Top Box mit Schwelle, Absperrgitter und 1 Eimerring auf Doppelrost mit Lenkrollen<br \/>\nAbmessungen: (L x B x H)<br \/>\nBox: 151 x 206 x 162 cm (einschlie\u00dflich Griff)<\/p>\n<p>Abmessungen sind Au\u00dfenma\u00dfe\/Transportma\u00dfe und k\u00f6nnen je H\u00fctte variieren.<\/p>\n<\/div>\n<\/div>\n<\/div>\n<div class=\"box-collateral box-additional\">\n<h2>Zus\u00e4tzliche Informationen<\/h2>\n<div class=\"box-collateral-content\">\n<table id=\"product-attribute-specs-table\" class=\"data-table\">\n<colgroup>\n<col width=\"25%\">\n<col><\/colgroup>\n<tbody>\n<tr class=\"first last odd\">\n<th class=\"label\">Abmessungen K\u00e4lberiglu<\/th>\n<td class=\"data last\">157 cm x 212 cm x 165 cm<\/td>\n<\/tr>\n<\/tbody>\n<\/table>\n<\/div>\n<\/div>\n<p>&nbsp;<\/p>\n","protected":false},"featured_media":4997,"template":"","meta":{"site-sidebar-layout":"default","site-content-layout":"","ast-site-content-layout":"default","site-content-style":"default","site-sidebar-style":"default","ast-global-header-display":"","ast-banner-title-visibility":"","ast-main-header-display":"","ast-hfb-above-header-display":"","ast-hfb-below-header-display":"","ast-hfb-mobile-header-display":"","site-post-title":"","ast-breadcrumbs-content":"","ast-featured-img":"","footer-sml-layout":"","ast-disable-related-posts":"","theme-transparent-header-meta":"","adv-header-id-meta":"","stick-header-meta":"","header-above-stick-meta":"","header-main-stick-meta":"","header-below-stick-meta":"","astra-migrate-meta-layouts":"default","ast-page-background-enabled":"default","ast-page-background-meta":{"desktop":{"background-color":"var(--ast-global-color-4)","background-image":"","background-repeat":"repeat","background-position":"center center","background-size":"auto","background-attachment":"scroll","background-type":"","background-media":"","overlay-type":"","overlay-color":"","overlay-opacity":"","overlay-gradient":""},"tablet":{"background-color":"","background-image":"","background-repeat":"repeat","background-position":"center center","background-size":"auto","background-attachment":"scroll","background-type":"","background-media":"","overlay-type":"","overlay-color":"","overlay-opacity":"","overlay-gradient":""},"mobile":{"background-color":"","background-image":"","background-repeat":"repeat","background-position":"center center","background-size":"auto","background-attachment":"scroll","background-type":"","background-media":"","overlay-type":"","overlay-color":"","overlay-opacity":"","overlay-gradient":""}},"ast-content-background-meta":{"desktop":{"background-color":"var(--ast-global-color-5)","background-image":"","background-repeat":"repeat","background-position":"center center","background-size":"auto","background-attachment":"scroll","background-type":"","background-media":"","overlay-type":"","overlay-color":"","overlay-opacity":"","overlay-gradient":""},"tablet":{"background-color":"var(--ast-global-color-5)","background-image":"","background-repeat":"repeat","background-position":"center center","background-size":"auto","background-attachment":"scroll","background-type":"","background-media":"","overlay-type":"","overlay-color":"","overlay-opacity":"","overlay-gradient":""},"mobile":{"background-color":"var(--ast-global-color-5)","background-image":"","background-repeat":"repeat","background-position":"center center","background-size":"auto","background-attachment":"scroll","background-type":"","background-media":"","overlay-type":"","overlay-color":"","overlay-opacity":"","overlay-gradient":""}}},"product_brand":[],"product_cat":[256,191,190],"product_tag":[184],"class_list":{"0":"post-4994","1":"product","2":"type-product","3":"status-publish","4":"has-post-thumbnail","6":"product_cat-alle-produkten-3","7":"product_cat-einzeliglus","8":"product_cat-open-top","9":"product_tag-dynamic","10":"desktop-align-center","11":"tablet-align-left","12":"mobile-align-left","13":"ast-product-gallery-layout-horizontal","14":"ast-product-gallery-with-no-image","15":"ast-product-tabs-layout-horizontal","17":"first","18":"instock","19":"taxable","20":"shipping-taxable","21":"purchasable","22":"product-type-simple"},"_links":{"self":[{"href":"https:\/\/dairytop.eu\/de\/wp-json\/wp\/v2\/product\/4994","targetHints":{"allow":["GET"]}}],"collection":[{"href":"https:\/\/dairytop.eu\/de\/wp-json\/wp\/v2\/product"}],"about":[{"href":"https:\/\/dairytop.eu\/de\/wp-json\/wp\/v2\/types\/product"}],"version-history":[{"count":1,"href":"https:\/\/dairytop.eu\/de\/wp-json\/wp\/v2\/product\/4994\/revisions"}],"predecessor-version":[{"id":7676,"href":"https:\/\/dairytop.eu\/de\/wp-json\/wp\/v2\/product\/4994\/revisions\/7676"}],"wp:featuredmedia":[{"embeddable":true,"href":"https:\/\/dairytop.eu\/de\/wp-json\/wp\/v2\/media\/4997"}],"wp:attachment":[{"href":"https:\/\/dairytop.eu\/de\/wp-json\/wp\/v2\/media?parent=4994"}],"wp:term":[{"taxonomy":"product_brand","embeddable":true,"href":"https:\/\/dairytop.eu\/de\/wp-json\/wp\/v2\/product_brand?post=4994"},{"taxonomy":"product_cat","embeddable":true,"href":"https:\/\/dairytop.eu\/de\/wp-json\/wp\/v2\/product_cat?post=4994"},{"taxonomy":"product_tag","embeddable":true,"href":"https:\/\/dairytop.eu\/de\/wp-json\/wp\/v2\/product_tag?post=4994"}],"curies":[{"name":"wp","href":"https:\/\/api.w.org\/{rel}","templated":true}]}}