{"id":5047,"date":"2026-02-11T15:14:12","date_gmt":"2026-02-11T14:14:12","guid":{"rendered":"https:\/\/new.dairytop.eu\/product\/dairy-pansen-pro\/"},"modified":"2026-03-18T10:05:33","modified_gmt":"2026-03-18T09:05:33","slug":"dairy-pansen-pro","status":"publish","type":"product","link":"https:\/\/dairytop.eu\/de\/product\/dairy-pansen-pro\/","title":{"rendered":"Dairy Pansen Pro"},"content":{"rendered":"<p><br data-mce-bogus=\"1\"><\/p>\n","protected":false},"excerpt":{"rendered":"<p><strong>Dairy Pansen Pro<\/strong> ist ein sehr stabiles, hochwertiges K\u00e4lberpellet. Dairy Pansen Pro wurde speziell f\u00fcr die F\u00fctterung w\u00e4hrend der Tr\u00e4nkeperiode des Kalbes entwickelt. Das DPP eignet sich hervorragend zur unbegrenzten F\u00fctterung in Kombination mit Heu. Zudem kann das DPP auch sehr gut neben einer TMR-Ration aus Mais- und Grassilage gef\u00fcttert werden.   <\/p>\n<p>&nbsp;<\/p>\n<table id=\"product-attribute-specs-table\" class=\"data-table\">\n<tbody>\n<tr class=\"first odd\">\n<th class=\"label\">Rohprotein<\/th>\n<td class=\"data last\">17,3 %<\/td>\n<\/tr>\n<tr class=\"even\">\n<th class=\"label\">Rohfett<\/th>\n<td class=\"data last\">3,8 %<\/td>\n<\/tr>\n<tr class=\"odd\">\n<th class=\"label\">Rohasche<\/th>\n<td class=\"data last\">8,0 %<\/td>\n<\/tr>\n<tr class=\"even\">\n<th class=\"label\">Rohfaser<\/th>\n<td class=\"data last\">12,7 %<\/td>\n<\/tr>\n<tr class=\"odd\">\n<th class=\"label\">Gewicht<\/th>\n<td class=\"data last\">Lieferbar in 25 kg-S\u00e4cken (auf Palette) und Bigbags ca. 1000 kg<\/td>\n<\/tr>\n<tr class=\"even\">\n<th class=\"label\">Feuchtigkeit<\/th>\n<td class=\"data last\">11,9 %<\/td>\n<\/tr>\n<tr class=\"last odd\">\n<th class=\"label\">St\u00e4rke und Zucker<\/th>\n<td class=\"data last\">21,6 %<\/td>\n<\/tr>\n<\/tbody>\n<\/table>\n","protected":false},"featured_media":5049,"template":"","meta":{"site-sidebar-layout":"default","site-content-layout":"","ast-site-content-layout":"default","site-content-style":"default","site-sidebar-style":"default","ast-global-header-display":"","ast-banner-title-visibility":"","ast-main-header-display":"","ast-hfb-above-header-display":"","ast-hfb-below-header-display":"","ast-hfb-mobile-header-display":"","site-post-title":"","ast-breadcrumbs-content":"","ast-featured-img":"","footer-sml-layout":"","ast-disable-related-posts":"","theme-transparent-header-meta":"","adv-header-id-meta":"","stick-header-meta":"","header-above-stick-meta":"","header-main-stick-meta":"","header-below-stick-meta":"","astra-migrate-meta-layouts":"default","ast-page-background-enabled":"default","ast-page-background-meta":{"desktop":{"background-color":"var(--ast-global-color-4)","background-image":"","background-repeat":"repeat","background-position":"center center","background-size":"auto","background-attachment":"scroll","background-type":"","background-media":"","overlay-type":"","overlay-color":"","overlay-opacity":"","overlay-gradient":""},"tablet":{"background-color":"","background-image":"","background-repeat":"repeat","background-position":"center center","background-size":"auto","background-attachment":"scroll","background-type":"","background-media":"","overlay-type":"","overlay-color":"","overlay-opacity":"","overlay-gradient":""},"mobile":{"background-color":"","background-image":"","background-repeat":"repeat","background-position":"center center","background-size":"auto","background-attachment":"scroll","background-type":"","background-media":"","overlay-type":"","overlay-color":"","overlay-opacity":"","overlay-gradient":""}},"ast-content-background-meta":{"desktop":{"background-color":"var(--ast-global-color-5)","background-image":"","background-repeat":"repeat","background-position":"center center","background-size":"auto","background-attachment":"scroll","background-type":"","background-media":"","overlay-type":"","overlay-color":"","overlay-opacity":"","overlay-gradient":""},"tablet":{"background-color":"var(--ast-global-color-5)","background-image":"","background-repeat":"repeat","background-position":"center center","background-size":"auto","background-attachment":"scroll","background-type":"","background-media":"","overlay-type":"","overlay-color":"","overlay-opacity":"","overlay-gradient":""},"mobile":{"background-color":"var(--ast-global-color-5)","background-image":"","background-repeat":"repeat","background-position":"center center","background-size":"auto","background-attachment":"scroll","background-type":"","background-media":"","overlay-type":"","overlay-color":"","overlay-opacity":"","overlay-gradient":""}}},"product_brand":[],"product_cat":[130,256,204,205],"product_tag":[],"class_list":{"0":"post-5047","1":"product","2":"type-product","3":"status-publish","4":"has-post-thumbnail","6":"product_cat-alle-produkten","7":"product_cat-alle-produkten-3","8":"product_cat-kalberfutterung","9":"product_cat-kalberkraftfutter","10":"desktop-align-center","11":"tablet-align-left","12":"mobile-align-left","13":"ast-product-gallery-layout-horizontal","14":"ast-product-gallery-with-no-image","15":"ast-product-tabs-layout-horizontal","17":"first","18":"instock","19":"taxable","20":"shipping-taxable","21":"product-type-simple"},"_links":{"self":[{"href":"https:\/\/dairytop.eu\/de\/wp-json\/wp\/v2\/product\/5047","targetHints":{"allow":["GET"]}}],"collection":[{"href":"https:\/\/dairytop.eu\/de\/wp-json\/wp\/v2\/product"}],"about":[{"href":"https:\/\/dairytop.eu\/de\/wp-json\/wp\/v2\/types\/product"}],"version-history":[{"count":1,"href":"https:\/\/dairytop.eu\/de\/wp-json\/wp\/v2\/product\/5047\/revisions"}],"predecessor-version":[{"id":7766,"href":"https:\/\/dairytop.eu\/de\/wp-json\/wp\/v2\/product\/5047\/revisions\/7766"}],"wp:featuredmedia":[{"embeddable":true,"href":"https:\/\/dairytop.eu\/de\/wp-json\/wp\/v2\/media\/5049"}],"wp:attachment":[{"href":"https:\/\/dairytop.eu\/de\/wp-json\/wp\/v2\/media?parent=5047"}],"wp:term":[{"taxonomy":"product_brand","embeddable":true,"href":"https:\/\/dairytop.eu\/de\/wp-json\/wp\/v2\/product_brand?post=5047"},{"taxonomy":"product_cat","embeddable":true,"href":"https:\/\/dairytop.eu\/de\/wp-json\/wp\/v2\/product_cat?post=5047"},{"taxonomy":"product_tag","embeddable":true,"href":"https:\/\/dairytop.eu\/de\/wp-json\/wp\/v2\/product_tag?post=5047"}],"curies":[{"name":"wp","href":"https:\/\/api.w.org\/{rel}","templated":true}]}}