{"id":5167,"date":"2026-02-11T15:18:48","date_gmt":"2026-02-11T14:18:48","guid":{"rendered":"https:\/\/new.dairytop.eu\/product\/kombimixer-auf-raedern-mit-unterbaumotor-300-liter\/"},"modified":"2026-03-18T10:04:01","modified_gmt":"2026-03-18T09:04:01","slug":"kombimixer-auf-raedern-mit-unterbaumotor-300-liter","status":"publish","type":"product","link":"https:\/\/dairytop.eu\/de\/product\/kombimixer-auf-raedern-mit-unterbaumotor-300-liter\/","title":{"rendered":"Kombimixer auf R\u00e4dern mit Unterbaumotor \u2013 300 Liter"},"content":{"rendered":"","protected":false},"excerpt":{"rendered":"<p><b>Typ: 300 RSWE\/C-CDX\/M<\/b><\/p>\n<ul>\n<li>Komplett aus Edelstahl<\/li>\n<li>Unterbaumotor<\/li>\n<li>Standardm\u00e4\u00dfig mit einem Edelstahl-Zug-\/Schiebeb\u00fcgel ausgestattet<\/li>\n<li>Dreiecksfahrgestell mit 3 Massivr\u00e4dern<\/li>\n<li>Aufgebaute Pumpe<\/li>\n<li>MJS-Zapfpistole<\/li>\n<li>10 Meter \u00be\u201d-Futterschlauch<\/li>\n<li>Ein-\/Ausschalter f\u00fcr sowohl die Pumpe als auch das R\u00fchrwerk.<\/li>\n<li>Standardm\u00e4\u00dfig mit einem Edelstahl-Zugb\u00fcgel ausgestattet<\/li>\n<\/ul>\n<p><strong>Optionen (gegen Aufpreis): <\/strong><\/p>\n<ul>\n<li>Milchw\u00e4rmer<\/li>\n<li>Stickstoff-Temperaturmesser<\/li>\n<li>GPI-Durchflussmesser<\/li>\n<li>Quadratische Bodenplatte mit 4 R\u00e4dern<\/li>\n<li>Polyurethan-Softrad 20 cm<\/li>\n<li>Luftr\u00e4der 20 cm<\/li>\n<\/ul>\n","protected":false},"featured_media":5168,"template":"","meta":{"site-sidebar-layout":"default","site-content-layout":"","ast-site-content-layout":"default","site-content-style":"default","site-sidebar-style":"default","ast-global-header-display":"","ast-banner-title-visibility":"","ast-main-header-display":"","ast-hfb-above-header-display":"","ast-hfb-below-header-display":"","ast-hfb-mobile-header-display":"","site-post-title":"","ast-breadcrumbs-content":"","ast-featured-img":"","footer-sml-layout":"","ast-disable-related-posts":"","theme-transparent-header-meta":"","adv-header-id-meta":"","stick-header-meta":"","header-above-stick-meta":"","header-main-stick-meta":"","header-below-stick-meta":"","astra-migrate-meta-layouts":"default","ast-page-background-enabled":"default","ast-page-background-meta":{"desktop":{"background-color":"var(--ast-global-color-4)","background-image":"","background-repeat":"repeat","background-position":"center center","background-size":"auto","background-attachment":"scroll","background-type":"","background-media":"","overlay-type":"","overlay-color":"","overlay-opacity":"","overlay-gradient":""},"tablet":{"background-color":"","background-image":"","background-repeat":"repeat","background-position":"center center","background-size":"auto","background-attachment":"scroll","background-type":"","background-media":"","overlay-type":"","overlay-color":"","overlay-opacity":"","overlay-gradient":""},"mobile":{"background-color":"","background-image":"","background-repeat":"repeat","background-position":"center center","background-size":"auto","background-attachment":"scroll","background-type":"","background-media":"","overlay-type":"","overlay-color":"","overlay-opacity":"","overlay-gradient":""}},"ast-content-background-meta":{"desktop":{"background-color":"var(--ast-global-color-5)","background-image":"","background-repeat":"repeat","background-position":"center center","background-size":"auto","background-attachment":"scroll","background-type":"","background-media":"","overlay-type":"","overlay-color":"","overlay-opacity":"","overlay-gradient":""},"tablet":{"background-color":"var(--ast-global-color-5)","background-image":"","background-repeat":"repeat","background-position":"center center","background-size":"auto","background-attachment":"scroll","background-type":"","background-media":"","overlay-type":"","overlay-color":"","overlay-opacity":"","overlay-gradient":""},"mobile":{"background-color":"var(--ast-global-color-5)","background-image":"","background-repeat":"repeat","background-position":"center center","background-size":"auto","background-attachment":"scroll","background-type":"","background-media":"","overlay-type":"","overlay-color":"","overlay-opacity":"","overlay-gradient":""}}},"product_brand":[],"product_cat":[130,62,78,60],"product_tag":[],"class_list":{"0":"post-5167","1":"product","2":"type-product","3":"status-publish","4":"has-post-thumbnail","6":"product_cat-alle-produkten","7":"product_cat-alle-producten","8":"product_cat-melkmixers","9":"product_cat-melkbereiding","10":"desktop-align-center","11":"tablet-align-left","12":"mobile-align-left","13":"ast-product-gallery-layout-horizontal","14":"ast-product-gallery-with-no-image","15":"ast-product-tabs-layout-horizontal","17":"first","18":"instock","19":"taxable","20":"shipping-taxable","21":"purchasable","22":"product-type-simple"},"_links":{"self":[{"href":"https:\/\/dairytop.eu\/de\/wp-json\/wp\/v2\/product\/5167","targetHints":{"allow":["GET"]}}],"collection":[{"href":"https:\/\/dairytop.eu\/de\/wp-json\/wp\/v2\/product"}],"about":[{"href":"https:\/\/dairytop.eu\/de\/wp-json\/wp\/v2\/types\/product"}],"version-history":[{"count":1,"href":"https:\/\/dairytop.eu\/de\/wp-json\/wp\/v2\/product\/5167\/revisions"}],"predecessor-version":[{"id":8761,"href":"https:\/\/dairytop.eu\/de\/wp-json\/wp\/v2\/product\/5167\/revisions\/8761"}],"wp:featuredmedia":[{"embeddable":true,"href":"https:\/\/dairytop.eu\/de\/wp-json\/wp\/v2\/media\/5168"}],"wp:attachment":[{"href":"https:\/\/dairytop.eu\/de\/wp-json\/wp\/v2\/media?parent=5167"}],"wp:term":[{"taxonomy":"product_brand","embeddable":true,"href":"https:\/\/dairytop.eu\/de\/wp-json\/wp\/v2\/product_brand?post=5167"},{"taxonomy":"product_cat","embeddable":true,"href":"https:\/\/dairytop.eu\/de\/wp-json\/wp\/v2\/product_cat?post=5167"},{"taxonomy":"product_tag","embeddable":true,"href":"https:\/\/dairytop.eu\/de\/wp-json\/wp\/v2\/product_tag?post=5167"}],"curies":[{"name":"wp","href":"https:\/\/api.w.org\/{rel}","templated":true}]}}