{"id":5289,"date":"2026-02-11T15:23:28","date_gmt":"2026-02-11T14:23:28","guid":{"rendered":"https:\/\/new.dairytop.eu\/product\/dairytop-fit-extra\/"},"modified":"2026-04-06T18:09:35","modified_gmt":"2026-04-06T16:09:35","slug":"dairytop-fit-extra","status":"publish","type":"product","link":"https:\/\/dairytop.eu\/de\/product\/dairytop-fit-extra\/","title":{"rendered":"DairyTop Fit Extra"},"content":{"rendered":"","protected":false},"excerpt":{"rendered":"<p>Durchfall ist eine der gr\u00f6\u00dften Bedrohungen f\u00fcr das Kalb in den ersten Lebenswochen. Der Durchfall verursacht einen hohen Verlust an Elektrolyten und Wasser. Dieser Prozess f\u00fchrt zu Dehydrierung, gest\u00f6rtem Elektrolythaushalt, Azidose und einer negativen Energiebilanz.  <\/p>\n<p>Dairytop Fit Extra ist ein Di\u00e4tfuttermittel, das das Kalb bei Durchfallproblemen mit den notwendigen N\u00e4hrstoffen versorgt. Das Produkt enth\u00e4lt Elektrolyte, Zucker und Puffer, um den Wasser-Elektrolyt-Haushalt wiederherzustellen und die K\u00e4lber mit Energie zu versorgen. Durch die Gelbildung wird die Passagerate verringert und die Darmwand gesch\u00fctzt.  <\/p>\n<p><strong>Anwendung:<\/strong><\/p>\n<p>F\u00fcttern Sie bei leichten Formen von Durchfall weiterhin (Kunst-)Milch, der 25 g Dairytop Extra pro Liter zugesetzt wurden. Oder stellen Sie eine L\u00f6sung mit 50 g Dairytop Extra pro Liter Wasser her und verabreichen Sie diese L\u00f6sung zwischen den Milchf\u00fctterungen. <\/p>\n<p>Lassen Sie in schwereren F\u00e4llen von Durchfall eine oder zwei Milchf\u00fctterungen aus und geben Sie stattdessen ad libitum eine Elektrolytl\u00f6sung mit 50 g Dairytop Fit Extra pro Liter. Stellen Sie die F\u00fctterung schrittweise wieder auf Milch um, indem Sie dreimal t\u00e4glich 1,5-2 Liter Milch mit 25 g Dairytop Fit Extra pro Liter verabreichen. <\/p>\n<p>Di\u00e4tetisches Erg\u00e4nzungsfuttermittel f\u00fcr K\u00e4lber bis zu einem Alter von 6 Monaten zur Stabilisierung des Wasser- und Elektrolythaushalts zur Unterst\u00fctzung der physiologischen Verdauung.<\/p>\n<table>\n<tbody>\n<tr>\n<td width=\"302\">Inhalt<\/td>\n<td width=\"302\">5 kg pro Eimer<\/td>\n<\/tr>\n<\/tbody>\n<\/table>\n<p>&nbsp;<\/p>\n","protected":false},"featured_media":5294,"template":"","meta":{"site-sidebar-layout":"default","site-content-layout":"","ast-site-content-layout":"default","site-content-style":"default","site-sidebar-style":"default","ast-global-header-display":"","ast-banner-title-visibility":"","ast-main-header-display":"","ast-hfb-above-header-display":"","ast-hfb-below-header-display":"","ast-hfb-mobile-header-display":"","site-post-title":"","ast-breadcrumbs-content":"","ast-featured-img":"","footer-sml-layout":"","ast-disable-related-posts":"","theme-transparent-header-meta":"","adv-header-id-meta":"","stick-header-meta":"","header-above-stick-meta":"","header-main-stick-meta":"","header-below-stick-meta":"","astra-migrate-meta-layouts":"default","ast-page-background-enabled":"default","ast-page-background-meta":{"desktop":{"background-color":"var(--ast-global-color-4)","background-image":"","background-repeat":"repeat","background-position":"center center","background-size":"auto","background-attachment":"scroll","background-type":"","background-media":"","overlay-type":"","overlay-color":"","overlay-opacity":"","overlay-gradient":""},"tablet":{"background-color":"","background-image":"","background-repeat":"repeat","background-position":"center center","background-size":"auto","background-attachment":"scroll","background-type":"","background-media":"","overlay-type":"","overlay-color":"","overlay-opacity":"","overlay-gradient":""},"mobile":{"background-color":"","background-image":"","background-repeat":"repeat","background-position":"center center","background-size":"auto","background-attachment":"scroll","background-type":"","background-media":"","overlay-type":"","overlay-color":"","overlay-opacity":"","overlay-gradient":""}},"ast-content-background-meta":{"desktop":{"background-color":"var(--ast-global-color-5)","background-image":"","background-repeat":"repeat","background-position":"center center","background-size":"auto","background-attachment":"scroll","background-type":"","background-media":"","overlay-type":"","overlay-color":"","overlay-opacity":"","overlay-gradient":""},"tablet":{"background-color":"var(--ast-global-color-5)","background-image":"","background-repeat":"repeat","background-position":"center center","background-size":"auto","background-attachment":"scroll","background-type":"","background-media":"","overlay-type":"","overlay-color":"","overlay-opacity":"","overlay-gradient":""},"mobile":{"background-color":"var(--ast-global-color-5)","background-image":"","background-repeat":"repeat","background-position":"center center","background-size":"auto","background-attachment":"scroll","background-type":"","background-media":"","overlay-type":"","overlay-color":"","overlay-opacity":"","overlay-gradient":""}}},"product_brand":[],"product_cat":[256,227,204],"product_tag":[],"class_list":{"0":"post-5289","1":"product","2":"type-product","3":"status-publish","4":"has-post-thumbnail","6":"product_cat-alle-produkten-3","7":"product_cat-erganzungsfuttermittel","8":"product_cat-kalberfutterung","9":"product_shipping_class-licht","10":"desktop-align-center","11":"tablet-align-left","12":"mobile-align-left","13":"ast-product-gallery-layout-horizontal","14":"ast-product-gallery-with-no-image","15":"ast-product-tabs-layout-horizontal","17":"first","18":"instock","19":"taxable","20":"shipping-taxable","21":"purchasable","22":"product-type-simple"},"_links":{"self":[{"href":"https:\/\/dairytop.eu\/de\/wp-json\/wp\/v2\/product\/5289","targetHints":{"allow":["GET"]}}],"collection":[{"href":"https:\/\/dairytop.eu\/de\/wp-json\/wp\/v2\/product"}],"about":[{"href":"https:\/\/dairytop.eu\/de\/wp-json\/wp\/v2\/types\/product"}],"version-history":[{"count":1,"href":"https:\/\/dairytop.eu\/de\/wp-json\/wp\/v2\/product\/5289\/revisions"}],"predecessor-version":[{"id":7597,"href":"https:\/\/dairytop.eu\/de\/wp-json\/wp\/v2\/product\/5289\/revisions\/7597"}],"wp:featuredmedia":[{"embeddable":true,"href":"https:\/\/dairytop.eu\/de\/wp-json\/wp\/v2\/media\/5294"}],"wp:attachment":[{"href":"https:\/\/dairytop.eu\/de\/wp-json\/wp\/v2\/media?parent=5289"}],"wp:term":[{"taxonomy":"product_brand","embeddable":true,"href":"https:\/\/dairytop.eu\/de\/wp-json\/wp\/v2\/product_brand?post=5289"},{"taxonomy":"product_cat","embeddable":true,"href":"https:\/\/dairytop.eu\/de\/wp-json\/wp\/v2\/product_cat?post=5289"},{"taxonomy":"product_tag","embeddable":true,"href":"https:\/\/dairytop.eu\/de\/wp-json\/wp\/v2\/product_tag?post=5289"}],"curies":[{"name":"wp","href":"https:\/\/api.w.org\/{rel}","templated":true}]}}