{"id":5308,"date":"2026-02-11T15:19:43","date_gmt":"2026-02-11T14:19:43","guid":{"rendered":"https:\/\/new.dairytop.eu\/product\/calfotel-comfort-mit-auslaufgitter\/"},"modified":"2026-04-13T12:19:14","modified_gmt":"2026-04-13T10:19:14","slug":"calfotel-comfort-mit-auslaufgitter","status":"publish","type":"product","link":"https:\/\/dairytop.eu\/de\/product\/calfotel-comfort-mit-auslaufgitter\/","title":{"rendered":"CalfOTel Comfort mit Auslaufgitter"},"content":{"rendered":"<h2>St\u00e4rken<\/h2>\n<ul>\n<li>Verzinkte, patentierte Umz\u00e4unung (EP 1.138.196)<\/li>\n<li>Ausgestattet mit 2 Futter\u00f6ffnungen<\/li>\n<li>Hergestellt aus glasfaserverst\u00e4rktem Polyester, was eine lange Lebensdauer und Schattentemperaturen im Sommer garantiert<\/li>\n<li>Die glatte Innenschicht verhindert Bakterienbildung und ist leicht zu reinigen<\/li>\n<li>Hervorragende Bel\u00fcftung durch die \u00d6ffnungen im vorderen Dachbereich<\/li>\n<li>Praktisches Gitter, mit einer Hand zu \u00f6ffnen<\/li>\n<li>Leicht fahrbar durch die gro\u00dfen \u2013 in die Schwelle integrierten \u2013 R\u00e4der<\/li>\n<\/ul>\n<p>&nbsp;<\/p>\n<h2>Eigenschaften<\/h2>\n<ul>\n<li>Das scharnierte Umz\u00e4unungssystem ist kippbar, sowohl mit als auch ohne Frontteil, und beh\u00e4lt stets eine feste U-Form. Bei hochgeklapptem Gitter kann der Au\u00dfenbereich einfach und schnell maschinell gereinigt werden <\/li>\n<li>Auch die H\u00fctte l\u00e4sst sich mittels Scharnieren nach vorne kippen. So liegt das Stroh aus dem Innenbereich frei und kann schnell und m\u00fchelos entfernt werden. <\/li>\n<li>Die abgeschr\u00e4gten Oberecken des Gitters sorgen daf\u00fcr, dass ein Nuckeleimer und eine Informationstafel praktisch platziert werden k\u00f6nnen.<\/li>\n<\/ul>\n<div class=\"ast-oembed-container \" style=\"height: 100%;\"><iframe title=\"CalfOTel Comfort\" width=\"500\" height=\"281\" src=\"https:\/\/www.youtube.com\/embed\/lb15Y2Vazcw?feature=oembed\" frameborder=\"0\" allow=\"accelerometer; autoplay; clipboard-write; encrypted-media; gyroscope; picture-in-picture; web-share\" referrerpolicy=\"strict-origin-when-cross-origin\" allowfullscreen><\/iframe><\/div>\n","protected":false},"excerpt":{"rendered":"<p>Das CalfOTel Comfort ist ein ideales System f\u00fcr die Aufzucht von K\u00e4lbern im Alter von 0 bis 8 Wochen. Im Vergleich zum CalfOTel\u00ae Small liegt das Kalb durch die gr\u00f6\u00dfere L\u00e4nge gesch\u00fctzter. Dank der H\u00f6he der H\u00fctte ist diese besser zug\u00e4nglich, zum Beispiel wenn Sie dem Kalb beim Start helfen m\u00fcssen.  <\/p>\n<p>Das CalfOTel Comfort wurde vor kurzem komplett \u00fcberarbeitet, was zu einer qualitativ verbesserten und benutzerfreundlicheren H\u00fctte gef\u00fchrt hat. Die R\u00e4der sind in die Kunststoffschwelle integriert, wodurch die H\u00fctte bei Versetzung oder Reinigung leicht fahrbar ist. Nuckeleimer und Informationstafel k\u00f6nnen an den Ecken des Gitters platziert werden, wodurch die Eimer schnell und effizient bef\u00fcllt werden k\u00f6nnen und das Kalb leicht zu erkennen ist. Das Erneuern des Strohs ist durch die klappbaren Gitter, die \u2013 durch die cleveren Schl\u00f6sser \u2013 mit einer Hand zu bedienen sind, ein Kinderspiel.   <\/p>\n<p>Anwender von CalfOTel\u00ae-Systemen best\u00e4tigen immer wieder, dass ihre Arbeitskosten drastisch gesunken sind. Mit anderen Worten: purer Gewinn! <\/p>\n<p>&nbsp;<\/p>\n<div class=\"box-collateral-content\">\n<div class=\"std\">\n<p>&nbsp;<\/p>\n<\/div>\n<\/div>\n","protected":false},"featured_media":5311,"template":"","meta":{"site-sidebar-layout":"default","site-content-layout":"","ast-site-content-layout":"default","site-content-style":"default","site-sidebar-style":"default","ast-global-header-display":"","ast-banner-title-visibility":"","ast-main-header-display":"","ast-hfb-above-header-display":"","ast-hfb-below-header-display":"","ast-hfb-mobile-header-display":"","site-post-title":"","ast-breadcrumbs-content":"","ast-featured-img":"","footer-sml-layout":"","ast-disable-related-posts":"","theme-transparent-header-meta":"","adv-header-id-meta":"","stick-header-meta":"","header-above-stick-meta":"","header-main-stick-meta":"","header-below-stick-meta":"","astra-migrate-meta-layouts":"default","ast-page-background-enabled":"default","ast-page-background-meta":{"desktop":{"background-color":"var(--ast-global-color-4)","background-image":"","background-repeat":"repeat","background-position":"center center","background-size":"auto","background-attachment":"scroll","background-type":"","background-media":"","overlay-type":"","overlay-color":"","overlay-opacity":"","overlay-gradient":""},"tablet":{"background-color":"","background-image":"","background-repeat":"repeat","background-position":"center center","background-size":"auto","background-attachment":"scroll","background-type":"","background-media":"","overlay-type":"","overlay-color":"","overlay-opacity":"","overlay-gradient":""},"mobile":{"background-color":"","background-image":"","background-repeat":"repeat","background-position":"center center","background-size":"auto","background-attachment":"scroll","background-type":"","background-media":"","overlay-type":"","overlay-color":"","overlay-opacity":"","overlay-gradient":""}},"ast-content-background-meta":{"desktop":{"background-color":"var(--ast-global-color-5)","background-image":"","background-repeat":"repeat","background-position":"center center","background-size":"auto","background-attachment":"scroll","background-type":"","background-media":"","overlay-type":"","overlay-color":"","overlay-opacity":"","overlay-gradient":""},"tablet":{"background-color":"var(--ast-global-color-5)","background-image":"","background-repeat":"repeat","background-position":"center center","background-size":"auto","background-attachment":"scroll","background-type":"","background-media":"","overlay-type":"","overlay-color":"","overlay-opacity":"","overlay-gradient":""},"mobile":{"background-color":"var(--ast-global-color-5)","background-image":"","background-repeat":"repeat","background-position":"center center","background-size":"auto","background-attachment":"scroll","background-type":"","background-media":"","overlay-type":"","overlay-color":"","overlay-opacity":"","overlay-gradient":""}}},"product_brand":[],"product_cat":[62,85,67],"product_tag":[79],"class_list":{"0":"post-5308","1":"product","2":"type-product","3":"status-publish","4":"has-post-thumbnail","6":"product_cat-alle-producten","7":"product_cat-eenlingiglos","8":"product_cat-comfort","9":"product_tag-dynamic","10":"desktop-align-center","11":"tablet-align-left","12":"mobile-align-left","13":"ast-product-gallery-layout-horizontal","14":"ast-product-gallery-with-no-image","15":"ast-product-tabs-layout-horizontal","17":"first","18":"instock","19":"taxable","20":"shipping-taxable","21":"purchasable","22":"product-type-simple"},"_links":{"self":[{"href":"https:\/\/dairytop.eu\/de\/wp-json\/wp\/v2\/product\/5308","targetHints":{"allow":["GET"]}}],"collection":[{"href":"https:\/\/dairytop.eu\/de\/wp-json\/wp\/v2\/product"}],"about":[{"href":"https:\/\/dairytop.eu\/de\/wp-json\/wp\/v2\/types\/product"}],"version-history":[{"count":1,"href":"https:\/\/dairytop.eu\/de\/wp-json\/wp\/v2\/product\/5308\/revisions"}],"predecessor-version":[{"id":7631,"href":"https:\/\/dairytop.eu\/de\/wp-json\/wp\/v2\/product\/5308\/revisions\/7631"}],"wp:featuredmedia":[{"embeddable":true,"href":"https:\/\/dairytop.eu\/de\/wp-json\/wp\/v2\/media\/5311"}],"wp:attachment":[{"href":"https:\/\/dairytop.eu\/de\/wp-json\/wp\/v2\/media?parent=5308"}],"wp:term":[{"taxonomy":"product_brand","embeddable":true,"href":"https:\/\/dairytop.eu\/de\/wp-json\/wp\/v2\/product_brand?post=5308"},{"taxonomy":"product_cat","embeddable":true,"href":"https:\/\/dairytop.eu\/de\/wp-json\/wp\/v2\/product_cat?post=5308"},{"taxonomy":"product_tag","embeddable":true,"href":"https:\/\/dairytop.eu\/de\/wp-json\/wp\/v2\/product_tag?post=5308"}],"curies":[{"name":"wp","href":"https:\/\/api.w.org\/{rel}","templated":true}]}}