{"id":5322,"date":"2026-02-11T15:20:09","date_gmt":"2026-02-11T14:20:09","guid":{"rendered":"https:\/\/new.dairytop.eu\/product\/calfotel-comfort-mit-absperrgitter\/"},"modified":"2026-03-18T10:03:55","modified_gmt":"2026-03-18T09:03:55","slug":"calfotel-comfort-mit-absperrgitter","status":"publish","type":"product","link":"https:\/\/dairytop.eu\/de\/product\/calfotel-comfort-mit-absperrgitter\/","title":{"rendered":"CalfOTel Comfort mit Absperrgitter"},"content":{"rendered":"","protected":false},"excerpt":{"rendered":"<p>Das CalfOTel Comfort ist ein ideales System f\u00fcr die Aufzucht von K\u00e4lbern im Alter von 0 bis 8 Wochen. Im Vergleich zum CalfOTel\u00ae Small liegt das Kalb durch die gr\u00f6\u00dfere L\u00e4nge gesch\u00fctzter. Dank der H\u00f6he der H\u00fctte ist diese besser zug\u00e4nglich, zum Beispiel wenn Sie dem Kalb beim Start helfen m\u00fcssen.  <\/p>\n<p>Die Kunststoffschwelle sorgt daf\u00fcr, dass das Ganze gut zu reinigen ist und h\u00e4lt das Stroh in der H\u00fctte. Durch die in die Schwelle integrierten R\u00e4der l\u00e4sst sich die H\u00fctte leicht bewegen. <\/p>\n<p>Anwender von CalfOTel\u00ae-Systemen best\u00e4tigen immer wieder, dass ihre Arbeitskosten drastisch gesunken sind. Mit anderen Worten: purer Gewinn! <\/p>\n<p>&nbsp;<\/p>\n<div class=\"box-collateral box-description\">\n<div class=\"box-collateral-content\">\n<div class=\"std\">\n<h2>St\u00e4rken<\/h2>\n<ul>\n<li>Hergestellt aus glasfaserverst\u00e4rktem Polyester, was eine lange Lebensdauer und Schattentemperaturen im Sommer garantiert<\/li>\n<li>Die glatte Innenschicht und die Kunststoffschwelle verhindern Bakterienbildung und sind leicht zu reinigen<\/li>\n<li>Hervorragende Bel\u00fcftung durch die \u00d6ffnungen im vorderen Dachbereich<\/li>\n<li>Praktisches Absperrgitter, mit einer Hand zu \u00f6ffnen<\/li>\n<li>Ausgestattet mit 2 Futter\u00f6ffnungen<\/li>\n<li>Leicht verfahrbar durch die in die Schwelle integrierten R\u00e4der<\/li>\n<\/ul>\n<p>&nbsp;<\/p>\n<h2>Abmessungen CalfOTel Comfort<\/h2>\n<p>H\u00fctte mit Schwelle, Absperrgitter und 1 Eimerring<\/p>\n<p>Abmessungen: (L x B x H)<\/p>\n<p>H\u00fctte: 200 x 120 x 140 cm<\/p>\n<p>Abmessungen sind Au\u00dfenma\u00dfe\/Transportma\u00dfe und k\u00f6nnen je H\u00fctte variieren.<\/p>\n<\/div>\n<\/div>\n<\/div>\n<div class=\"box-collateral box-additional\">\n<h2>Zus\u00e4tzliche Informationen<\/h2>\n<div class=\"box-collateral-content\">\n<table id=\"product-attribute-specs-table\" class=\"data-table\">\n<colgroup>\n<col width=\"25%\">\n<col><\/colgroup>\n<tbody>\n<tr class=\"first last odd\">\n<th class=\"label\">Abmessungen K\u00e4lberiglu<\/th>\n<td class=\"data last\">200 cm x 120 cm x 140 cm<\/td>\n<\/tr>\n<\/tbody>\n<\/table>\n<\/div>\n<\/div>\n","protected":false},"featured_media":5324,"template":"","meta":{"site-sidebar-layout":"default","site-content-layout":"","ast-site-content-layout":"default","site-content-style":"default","site-sidebar-style":"default","ast-global-header-display":"","ast-banner-title-visibility":"","ast-main-header-display":"","ast-hfb-above-header-display":"","ast-hfb-below-header-display":"","ast-hfb-mobile-header-display":"","site-post-title":"","ast-breadcrumbs-content":"","ast-featured-img":"","footer-sml-layout":"","ast-disable-related-posts":"","theme-transparent-header-meta":"","adv-header-id-meta":"","stick-header-meta":"","header-above-stick-meta":"","header-main-stick-meta":"","header-below-stick-meta":"","astra-migrate-meta-layouts":"default","ast-page-background-enabled":"default","ast-page-background-meta":{"desktop":{"background-color":"var(--ast-global-color-4)","background-image":"","background-repeat":"repeat","background-position":"center center","background-size":"auto","background-attachment":"scroll","background-type":"","background-media":"","overlay-type":"","overlay-color":"","overlay-opacity":"","overlay-gradient":""},"tablet":{"background-color":"","background-image":"","background-repeat":"repeat","background-position":"center center","background-size":"auto","background-attachment":"scroll","background-type":"","background-media":"","overlay-type":"","overlay-color":"","overlay-opacity":"","overlay-gradient":""},"mobile":{"background-color":"","background-image":"","background-repeat":"repeat","background-position":"center center","background-size":"auto","background-attachment":"scroll","background-type":"","background-media":"","overlay-type":"","overlay-color":"","overlay-opacity":"","overlay-gradient":""}},"ast-content-background-meta":{"desktop":{"background-color":"var(--ast-global-color-5)","background-image":"","background-repeat":"repeat","background-position":"center center","background-size":"auto","background-attachment":"scroll","background-type":"","background-media":"","overlay-type":"","overlay-color":"","overlay-opacity":"","overlay-gradient":""},"tablet":{"background-color":"var(--ast-global-color-5)","background-image":"","background-repeat":"repeat","background-position":"center center","background-size":"auto","background-attachment":"scroll","background-type":"","background-media":"","overlay-type":"","overlay-color":"","overlay-opacity":"","overlay-gradient":""},"mobile":{"background-color":"var(--ast-global-color-5)","background-image":"","background-repeat":"repeat","background-position":"center center","background-size":"auto","background-attachment":"scroll","background-type":"","background-media":"","overlay-type":"","overlay-color":"","overlay-opacity":"","overlay-gradient":""}}},"product_brand":[],"product_cat":[130,62,85,67],"product_tag":[79],"class_list":{"0":"post-5322","1":"product","2":"type-product","3":"status-publish","4":"has-post-thumbnail","6":"product_cat-alle-produkten","7":"product_cat-alle-producten","8":"product_cat-eenlingiglos","9":"product_cat-comfort","10":"product_tag-dynamic","11":"desktop-align-center","12":"tablet-align-left","13":"mobile-align-left","14":"ast-product-gallery-layout-horizontal","15":"ast-product-gallery-with-no-image","16":"ast-product-tabs-layout-horizontal","18":"first","19":"instock","20":"taxable","21":"shipping-taxable","22":"purchasable","23":"product-type-simple"},"_links":{"self":[{"href":"https:\/\/dairytop.eu\/de\/wp-json\/wp\/v2\/product\/5322","targetHints":{"allow":["GET"]}}],"collection":[{"href":"https:\/\/dairytop.eu\/de\/wp-json\/wp\/v2\/product"}],"about":[{"href":"https:\/\/dairytop.eu\/de\/wp-json\/wp\/v2\/types\/product"}],"version-history":[{"count":1,"href":"https:\/\/dairytop.eu\/de\/wp-json\/wp\/v2\/product\/5322\/revisions"}],"predecessor-version":[{"id":7588,"href":"https:\/\/dairytop.eu\/de\/wp-json\/wp\/v2\/product\/5322\/revisions\/7588"}],"wp:featuredmedia":[{"embeddable":true,"href":"https:\/\/dairytop.eu\/de\/wp-json\/wp\/v2\/media\/5324"}],"wp:attachment":[{"href":"https:\/\/dairytop.eu\/de\/wp-json\/wp\/v2\/media?parent=5322"}],"wp:term":[{"taxonomy":"product_brand","embeddable":true,"href":"https:\/\/dairytop.eu\/de\/wp-json\/wp\/v2\/product_brand?post=5322"},{"taxonomy":"product_cat","embeddable":true,"href":"https:\/\/dairytop.eu\/de\/wp-json\/wp\/v2\/product_cat?post=5322"},{"taxonomy":"product_tag","embeddable":true,"href":"https:\/\/dairytop.eu\/de\/wp-json\/wp\/v2\/product_tag?post=5322"}],"curies":[{"name":"wp","href":"https:\/\/api.w.org\/{rel}","templated":true}]}}