{"id":5327,"date":"2026-02-11T15:19:43","date_gmt":"2026-02-11T14:19:43","guid":{"rendered":"https:\/\/new.dairytop.eu\/product\/calfotel-adlib-feeder\/"},"modified":"2026-04-14T10:20:38","modified_gmt":"2026-04-14T08:20:38","slug":"calfotel-adlib-feeder","status":"publish","type":"product","link":"https:\/\/dairytop.eu\/de\/product\/calfotel-adlib-feeder\/","title":{"rendered":"CalfOTel AdLib Feeder"},"content":{"rendered":"","protected":false},"excerpt":{"rendered":"<p>K\u00fcrzlich hat CalfOTel\u00ae das Zubeh\u00f6rsortiment um einen neuen Futtertrog aus Kunststoff erweitert: den CalfOTel\u00ae AdLib Feeder. Ein zeitsparender Futtertrog, der K\u00e4lber \u00fcber einen l\u00e4ngeren Zeitraum mit Kraftfutter versorgen kann, ohne st\u00e4ndig nachgef\u00fcllt werden zu m\u00fcssen. Der Vorrat ist dabei vor Regen, Insekten, V\u00f6geln und Nagetieren gesch\u00fctzt.  <\/p>\n<p>Der CalfOTel\u00ae AdLib Feeder kann an einer CalfOTel\u00ae XL-5 oder CalfOTel\u00ae XL-10 Gruppenbucht mit Auslaufgitter befestigt werden.<\/p>\n<ul>\n<li>sehr gut geeignet f\u00fcr die unbegrenzte Gabe von Kraftfutter f\u00fcr K\u00e4lber in Gruppen<\/li>\n<li>arbeitsarm; muss nur regelm\u00e4\u00dfig mit Futter aufgef\u00fcllt werden.<\/li>\n<li>Futter bleibt frisch und sauber sowie vor Insekten, V\u00f6geln und Nagetieren gesch\u00fctzt.<\/li>\n<li>Scharnierdeckel kann auf zwei Arten montiert werden, was das Bef\u00fcllen erleichtert.<\/li>\n<li>Der Trogbereich ist so gestaltet, dass die K\u00e4lber ihn selbst sauber lecken.<\/li>\n<li>aus einem St\u00fcck gefertigt, daher leicht zu reinigen.<\/li>\n<li>ausgestattet mit einem einfach einzustellenden Dosierschieber.<\/li>\n<li>kann sowohl an der Innen- als auch an der Au\u00dfenseite des Gitters befestigt werden.<\/li>\n<li>optimal geformt, um das Futter trocken zu halten.<\/li>\n<li>\n<div class=\"box-collateral box-description\">\n<div class=\"box-collateral-content\">\n<div class=\"std\">Abmessungen (L x B x H): 58 x 30 x 75 cm<\/div>\n<\/div>\n<\/div>\n<div class=\"box-collateral box-additional\">\n<div class=\"box-collateral-content\"><\/div>\n<\/div>\n<\/li>\n<\/ul>\n","protected":false},"featured_media":5329,"template":"","meta":{"site-sidebar-layout":"default","site-content-layout":"","ast-site-content-layout":"default","site-content-style":"default","site-sidebar-style":"default","ast-global-header-display":"","ast-banner-title-visibility":"","ast-main-header-display":"","ast-hfb-above-header-display":"","ast-hfb-below-header-display":"","ast-hfb-mobile-header-display":"","site-post-title":"","ast-breadcrumbs-content":"","ast-featured-img":"","footer-sml-layout":"","ast-disable-related-posts":"","theme-transparent-header-meta":"","adv-header-id-meta":"","stick-header-meta":"","header-above-stick-meta":"","header-main-stick-meta":"","header-below-stick-meta":"","astra-migrate-meta-layouts":"default","ast-page-background-enabled":"default","ast-page-background-meta":{"desktop":{"background-color":"var(--ast-global-color-4)","background-image":"","background-repeat":"repeat","background-position":"center center","background-size":"auto","background-attachment":"scroll","background-type":"","background-media":"","overlay-type":"","overlay-color":"","overlay-opacity":"","overlay-gradient":""},"tablet":{"background-color":"","background-image":"","background-repeat":"repeat","background-position":"center center","background-size":"auto","background-attachment":"scroll","background-type":"","background-media":"","overlay-type":"","overlay-color":"","overlay-opacity":"","overlay-gradient":""},"mobile":{"background-color":"","background-image":"","background-repeat":"repeat","background-position":"center center","background-size":"auto","background-attachment":"scroll","background-type":"","background-media":"","overlay-type":"","overlay-color":"","overlay-opacity":"","overlay-gradient":""}},"ast-content-background-meta":{"desktop":{"background-color":"var(--ast-global-color-5)","background-image":"","background-repeat":"repeat","background-position":"center center","background-size":"auto","background-attachment":"scroll","background-type":"","background-media":"","overlay-type":"","overlay-color":"","overlay-opacity":"","overlay-gradient":""},"tablet":{"background-color":"var(--ast-global-color-5)","background-image":"","background-repeat":"repeat","background-position":"center center","background-size":"auto","background-attachment":"scroll","background-type":"","background-media":"","overlay-type":"","overlay-color":"","overlay-opacity":"","overlay-gradient":""},"mobile":{"background-color":"var(--ast-global-color-5)","background-image":"","background-repeat":"repeat","background-position":"center center","background-size":"auto","background-attachment":"scroll","background-type":"","background-media":"","overlay-type":"","overlay-color":"","overlay-opacity":"","overlay-gradient":""}}},"product_brand":[],"product_cat":[258,179,217,241,195,200],"product_tag":[],"class_list":{"0":"post-5327","1":"product","2":"type-product","3":"status-publish","4":"has-post-thumbnail","6":"product_cat-all-products","7":"product_cat-feeding-troughs","8":"product_cat-hybrid","9":"product_cat-concentrate-holders","10":"product_cat-xl-5-xl-10","11":"product_cat-accessories","12":"desktop-align-center","13":"tablet-align-left","14":"mobile-align-left","15":"ast-product-gallery-layout-horizontal","16":"ast-product-gallery-with-no-image","17":"ast-product-tabs-layout-horizontal","19":"first","20":"instock","21":"taxable","22":"shipping-taxable","23":"purchasable","24":"product-type-simple"},"_links":{"self":[{"href":"https:\/\/dairytop.eu\/de\/wp-json\/wp\/v2\/product\/5327","targetHints":{"allow":["GET"]}}],"collection":[{"href":"https:\/\/dairytop.eu\/de\/wp-json\/wp\/v2\/product"}],"about":[{"href":"https:\/\/dairytop.eu\/de\/wp-json\/wp\/v2\/types\/product"}],"version-history":[{"count":1,"href":"https:\/\/dairytop.eu\/de\/wp-json\/wp\/v2\/product\/5327\/revisions"}],"predecessor-version":[{"id":7627,"href":"https:\/\/dairytop.eu\/de\/wp-json\/wp\/v2\/product\/5327\/revisions\/7627"}],"wp:featuredmedia":[{"embeddable":true,"href":"https:\/\/dairytop.eu\/de\/wp-json\/wp\/v2\/media\/5329"}],"wp:attachment":[{"href":"https:\/\/dairytop.eu\/de\/wp-json\/wp\/v2\/media?parent=5327"}],"wp:term":[{"taxonomy":"product_brand","embeddable":true,"href":"https:\/\/dairytop.eu\/de\/wp-json\/wp\/v2\/product_brand?post=5327"},{"taxonomy":"product_cat","embeddable":true,"href":"https:\/\/dairytop.eu\/de\/wp-json\/wp\/v2\/product_cat?post=5327"},{"taxonomy":"product_tag","embeddable":true,"href":"https:\/\/dairytop.eu\/de\/wp-json\/wp\/v2\/product_tag?post=5327"}],"curies":[{"name":"wp","href":"https:\/\/api.w.org\/{rel}","templated":true}]}}