{"id":5397,"date":"2026-02-11T15:23:56","date_gmt":"2026-02-11T14:23:56","guid":{"rendered":"https:\/\/new.dairytop.eu\/product\/dairytop-kaelbereinzelbox-auf-rollen-90-cm-breit\/"},"modified":"2026-03-18T13:40:59","modified_gmt":"2026-03-18T12:40:59","slug":"dairytop-kaelbereinzelbox-auf-rollen-90-cm-breit","status":"publish","type":"product","link":"https:\/\/dairytop.eu\/de\/product\/dairytop-kaelbereinzelbox-auf-rollen-90-cm-breit\/","title":{"rendered":"DairyTop K\u00e4lberbox auf R\u00e4dern, 90 cm breit"},"content":{"rendered":"","protected":false},"excerpt":{"rendered":"<ul>\n<li>K\u00e4lbereinzelbox mit Kunststoff-Seitenw\u00e4nden auf Rollen<\/li>\n<li>Inklusive Eimerhalter, 5-Liter-Futterschale und Nuckeleimerhalter<\/li>\n<li>Die Zwischenw\u00e4nde (53 mm) bestehen aus sehr robustem Kunststoff mit langer Lebensdauer<\/li>\n<li>Herausnehmbare Kunststoff-Bodenplatte<\/li>\n<li>Der Rahmen ist vollverzinkt, um eine lange Lebensdauer zu garantieren.<\/li>\n<li>Sehr stabile Lenkrollen mit Bremse.<\/li>\n<li>Durch die gro\u00dfen Rollen ist die K\u00e4lbereinzelbox leicht zu bewegen<\/li>\n<li>Die Einstiegsh\u00f6he von nur 20 cm ist sehr bequem zug\u00e4nglich<\/li>\n<li>Das verzinkte Frontgitter (900 mm) ist mit einer Kunststoff-Unterseite ausgestattet, um Zugluft f\u00fcr das Kalb zu vermeiden.<\/li>\n<li>Die Kunststoffw\u00e4nde sind komplett geschlossen, sodass keine Abschluss- oder Einfassprofile ben\u00f6tigt werden, hinter denen sich Fliegenlarven oder anderes Ungeziefer einnisten k\u00f6nnten.<\/li>\n<li>Leicht zu reinigender Kunststoff<\/li>\n<li>Einzelbox Au\u00dfenma\u00dfe L x B x H 1600 mm x 1000 mm x 1180 mm<\/li>\n<li>Einzelbox Innenma\u00dfe L x B x H 1350 mm x 900 mm x 1000 mm<\/li>\n<li>Sehr gutes Preis-Leistungs-Verh\u00e4ltnis<\/li>\n<\/ul>\n","protected":false},"featured_media":5398,"template":"","meta":{"site-sidebar-layout":"default","site-content-layout":"","ast-site-content-layout":"default","site-content-style":"default","site-sidebar-style":"default","ast-global-header-display":"","ast-banner-title-visibility":"","ast-main-header-display":"","ast-hfb-above-header-display":"","ast-hfb-below-header-display":"","ast-hfb-mobile-header-display":"","site-post-title":"","ast-breadcrumbs-content":"","ast-featured-img":"","footer-sml-layout":"","ast-disable-related-posts":"","theme-transparent-header-meta":"","adv-header-id-meta":"","stick-header-meta":"","header-above-stick-meta":"","header-main-stick-meta":"","header-below-stick-meta":"","astra-migrate-meta-layouts":"default","ast-page-background-enabled":"default","ast-page-background-meta":{"desktop":{"background-color":"var(--ast-global-color-4)","background-image":"","background-repeat":"repeat","background-position":"center center","background-size":"auto","background-attachment":"scroll","background-type":"","background-media":"","overlay-type":"","overlay-color":"","overlay-opacity":"","overlay-gradient":""},"tablet":{"background-color":"","background-image":"","background-repeat":"repeat","background-position":"center center","background-size":"auto","background-attachment":"scroll","background-type":"","background-media":"","overlay-type":"","overlay-color":"","overlay-opacity":"","overlay-gradient":""},"mobile":{"background-color":"","background-image":"","background-repeat":"repeat","background-position":"center center","background-size":"auto","background-attachment":"scroll","background-type":"","background-media":"","overlay-type":"","overlay-color":"","overlay-opacity":"","overlay-gradient":""}},"ast-content-background-meta":{"desktop":{"background-color":"var(--ast-global-color-5)","background-image":"","background-repeat":"repeat","background-position":"center center","background-size":"auto","background-attachment":"scroll","background-type":"","background-media":"","overlay-type":"","overlay-color":"","overlay-opacity":"","overlay-gradient":""},"tablet":{"background-color":"var(--ast-global-color-5)","background-image":"","background-repeat":"repeat","background-position":"center center","background-size":"auto","background-attachment":"scroll","background-type":"","background-media":"","overlay-type":"","overlay-color":"","overlay-opacity":"","overlay-gradient":""},"mobile":{"background-color":"var(--ast-global-color-5)","background-image":"","background-repeat":"repeat","background-position":"center center","background-size":"auto","background-attachment":"scroll","background-type":"","background-media":"","overlay-type":"","overlay-color":"","overlay-opacity":"","overlay-gradient":""}}},"product_brand":[],"product_cat":[256,246],"product_tag":[],"class_list":{"0":"post-5397","1":"product","2":"type-product","3":"status-publish","4":"has-post-thumbnail","6":"product_cat-alle-produkten-3","7":"product_cat-einzelboxen","8":"desktop-align-center","9":"tablet-align-left","10":"mobile-align-left","11":"ast-product-gallery-layout-horizontal","12":"ast-product-single-variable","13":"ast-product-tabs-layout-horizontal","15":"first","16":"instock","17":"taxable","18":"shipping-taxable","19":"purchasable","20":"product-type-variable"},"_links":{"self":[{"href":"https:\/\/dairytop.eu\/de\/wp-json\/wp\/v2\/product\/5397","targetHints":{"allow":["GET"]}}],"collection":[{"href":"https:\/\/dairytop.eu\/de\/wp-json\/wp\/v2\/product"}],"about":[{"href":"https:\/\/dairytop.eu\/de\/wp-json\/wp\/v2\/types\/product"}],"version-history":[{"count":2,"href":"https:\/\/dairytop.eu\/de\/wp-json\/wp\/v2\/product\/5397\/revisions"}],"predecessor-version":[{"id":7544,"href":"https:\/\/dairytop.eu\/de\/wp-json\/wp\/v2\/product\/5397\/revisions\/7544"}],"wp:featuredmedia":[{"embeddable":true,"href":"https:\/\/dairytop.eu\/de\/wp-json\/wp\/v2\/media\/5398"}],"wp:attachment":[{"href":"https:\/\/dairytop.eu\/de\/wp-json\/wp\/v2\/media?parent=5397"}],"wp:term":[{"taxonomy":"product_brand","embeddable":true,"href":"https:\/\/dairytop.eu\/de\/wp-json\/wp\/v2\/product_brand?post=5397"},{"taxonomy":"product_cat","embeddable":true,"href":"https:\/\/dairytop.eu\/de\/wp-json\/wp\/v2\/product_cat?post=5397"},{"taxonomy":"product_tag","embeddable":true,"href":"https:\/\/dairytop.eu\/de\/wp-json\/wp\/v2\/product_tag?post=5397"}],"curies":[{"name":"wp","href":"https:\/\/api.w.org\/{rel}","templated":true}]}}