{"id":5403,"date":"2026-02-11T15:23:55","date_gmt":"2026-02-11T14:23:55","guid":{"rendered":"https:\/\/new.dairytop.eu\/product\/dairy-kaelber-tmr\/"},"modified":"2026-05-04T10:02:23","modified_gmt":"2026-05-04T08:02:23","slug":"dairy-kaelber-tmr","status":"publish","type":"product","link":"https:\/\/dairytop.eu\/de\/product\/dairy-kaelber-tmr\/","title":{"rendered":"Dairy K\u00e4lber-TMR"},"content":{"rendered":"","protected":false},"excerpt":{"rendered":"<p>Die <strong>Dairy K\u00e4lber-TMR<\/strong> ist eine speziell zusammengestellte K\u00e4lber-TMR, um das richtige Gleichgewicht bei der Aufnahme von Raufutter und Kraftfutter f\u00fcr Ihre K\u00e4lber zu finden.<br \/>\nDie F\u00fctterung der Dairy K\u00e4lber-TMR f\u00f6rdert die Aufnahme von Raufutter und Kraftfutter bereits in jungem Alter in der richtigen Zusammensetzung. Durch die fr\u00fchzeitige Aufnahme in jungem Alter entsteht eine schnelle und gesunde Pansenentwicklung. Die F\u00fctterung der Dairy K\u00e4lber-TMR f\u00fchrt zu ges\u00fcnderen und schwereren abgesetzten K\u00e4lbern ohne Durchfall- oder Kokzidioseprobleme.  <\/p>\n<p>&nbsp;<\/p>\n<h2>Zus\u00e4tzliche Informationen<\/h2>\n<div class=\"box-collateral-content\">\n<table id=\"product-attribute-specs-table\" class=\"data-table\">\n<colgroup>\n<col width=\"25%\">\n<col><\/colgroup>\n<tbody>\n<tr class=\"first odd\">\n<th class=\"label\">Rohprotein<\/th>\n<td class=\"data last\">173 g\/kg<\/td>\n<\/tr>\n<tr class=\"even\">\n<th class=\"label\">Rohfett<\/th>\n<td class=\"data last\">33 g\/kg<\/td>\n<\/tr>\n<tr class=\"odd\">\n<th class=\"label\">Rohasche<\/th>\n<td class=\"data last\">69 g\/kg<\/td>\n<\/tr>\n<tr class=\"even\">\n<th class=\"label\">Rohfaser<\/th>\n<td class=\"data last\">76 g\/kg<\/td>\n<\/tr>\n<tr class=\"last odd\">\n<th class=\"label\">Gewicht<\/th>\n<td class=\"data last\">1280 kg pro Palette \u2013 20-kg-Ballen<\/td>\n<\/tr>\n<\/tbody>\n<\/table>\n<\/div>\n","protected":false},"featured_media":5404,"template":"","meta":{"site-sidebar-layout":"default","site-content-layout":"","ast-site-content-layout":"default","site-content-style":"default","site-sidebar-style":"default","ast-global-header-display":"","ast-banner-title-visibility":"","ast-main-header-display":"","ast-hfb-above-header-display":"","ast-hfb-below-header-display":"","ast-hfb-mobile-header-display":"","site-post-title":"","ast-breadcrumbs-content":"","ast-featured-img":"","footer-sml-layout":"","ast-disable-related-posts":"","theme-transparent-header-meta":"","adv-header-id-meta":"","stick-header-meta":"","header-above-stick-meta":"","header-main-stick-meta":"","header-below-stick-meta":"","astra-migrate-meta-layouts":"default","ast-page-background-enabled":"default","ast-page-background-meta":{"desktop":{"background-color":"var(--ast-global-color-4)","background-image":"","background-repeat":"repeat","background-position":"center center","background-size":"auto","background-attachment":"scroll","background-type":"","background-media":"","overlay-type":"","overlay-color":"","overlay-opacity":"","overlay-gradient":""},"tablet":{"background-color":"","background-image":"","background-repeat":"repeat","background-position":"center center","background-size":"auto","background-attachment":"scroll","background-type":"","background-media":"","overlay-type":"","overlay-color":"","overlay-opacity":"","overlay-gradient":""},"mobile":{"background-color":"","background-image":"","background-repeat":"repeat","background-position":"center center","background-size":"auto","background-attachment":"scroll","background-type":"","background-media":"","overlay-type":"","overlay-color":"","overlay-opacity":"","overlay-gradient":""}},"ast-content-background-meta":{"desktop":{"background-color":"var(--ast-global-color-5)","background-image":"","background-repeat":"repeat","background-position":"center center","background-size":"auto","background-attachment":"scroll","background-type":"","background-media":"","overlay-type":"","overlay-color":"","overlay-opacity":"","overlay-gradient":""},"tablet":{"background-color":"var(--ast-global-color-5)","background-image":"","background-repeat":"repeat","background-position":"center center","background-size":"auto","background-attachment":"scroll","background-type":"","background-media":"","overlay-type":"","overlay-color":"","overlay-opacity":"","overlay-gradient":""},"mobile":{"background-color":"var(--ast-global-color-5)","background-image":"","background-repeat":"repeat","background-position":"center center","background-size":"auto","background-attachment":"scroll","background-type":"","background-media":"","overlay-type":"","overlay-color":"","overlay-opacity":"","overlay-gradient":""}}},"product_brand":[],"product_cat":[256,204,205],"product_tag":[],"class_list":{"0":"post-5403","1":"product","2":"type-product","3":"status-publish","4":"has-post-thumbnail","6":"product_cat-alle-produkten-3","7":"product_cat-kalberfutterung","8":"product_cat-kalberkraftfutter","9":"desktop-align-center","10":"tablet-align-left","11":"mobile-align-left","12":"ast-product-gallery-layout-horizontal","13":"ast-product-tabs-layout-horizontal","15":"first","16":"instock","17":"taxable","18":"shipping-taxable","19":"product-type-simple"},"_links":{"self":[{"href":"https:\/\/dairytop.eu\/de\/wp-json\/wp\/v2\/product\/5403","targetHints":{"allow":["GET"]}}],"collection":[{"href":"https:\/\/dairytop.eu\/de\/wp-json\/wp\/v2\/product"}],"about":[{"href":"https:\/\/dairytop.eu\/de\/wp-json\/wp\/v2\/types\/product"}],"version-history":[{"count":1,"href":"https:\/\/dairytop.eu\/de\/wp-json\/wp\/v2\/product\/5403\/revisions"}],"predecessor-version":[{"id":7801,"href":"https:\/\/dairytop.eu\/de\/wp-json\/wp\/v2\/product\/5403\/revisions\/7801"}],"wp:featuredmedia":[{"embeddable":true,"href":"https:\/\/dairytop.eu\/de\/wp-json\/wp\/v2\/media\/5404"}],"wp:attachment":[{"href":"https:\/\/dairytop.eu\/de\/wp-json\/wp\/v2\/media?parent=5403"}],"wp:term":[{"taxonomy":"product_brand","embeddable":true,"href":"https:\/\/dairytop.eu\/de\/wp-json\/wp\/v2\/product_brand?post=5403"},{"taxonomy":"product_cat","embeddable":true,"href":"https:\/\/dairytop.eu\/de\/wp-json\/wp\/v2\/product_cat?post=5403"},{"taxonomy":"product_tag","embeddable":true,"href":"https:\/\/dairytop.eu\/de\/wp-json\/wp\/v2\/product_tag?post=5403"}],"curies":[{"name":"wp","href":"https:\/\/api.w.org\/{rel}","templated":true}]}}