{"id":5518,"date":"2026-02-11T15:24:28","date_gmt":"2026-02-11T14:24:28","guid":{"rendered":"https:\/\/new.dairytop.eu\/product\/dairytop-demontierbare-kaelbereinzelboxen\/"},"modified":"2026-04-21T14:27:36","modified_gmt":"2026-04-21T12:27:36","slug":"dairytop-demontierbare-kaelbereinzelboxen","status":"publish","type":"product","link":"https:\/\/dairytop.eu\/de\/product\/dairytop-demontierbare-kaelbereinzelboxen\/","title":{"rendered":"DairyTop Einzelpackung Basic"},"content":{"rendered":"","protected":false},"excerpt":{"rendered":"<p>Diese Boxen sind in verschiedenen Abmessungen erh\u00e4ltlich: 100 x 150 cm Innenma\u00dfe oder 100 x 170 cm Innenma\u00dfe.<br \/>\n Die Kunststoffseitenw\u00e4nde der K\u00e4lberboxen bestehen aus nahtlosen Paneelen, die in verschiedenen L\u00e4ngen und H\u00f6hen erh\u00e4ltlich sind.<\/p>\n<p> Die Gehege lassen sich in wenigen Minuten auf- und abbauen, was den Vorteil hat, dass der gesamte Raum gereinigt und desinfiziert werden kann.<\/p>\n<p> Jeder K\u00e4lberstall wird standardm\u00e4\u00dfig mit folgendem Zubeh\u00f6r geliefert: Saugeimerhalter, Doppeleimerring, 2 x 8-Liter-Futternapf, Hiko K\u00e4lbertr\u00e4nkeeimer TK9 komplett mit Sauger und Ventil.<\/p>\n<p><img decoding=\"async\" src=\"https:\/\/static-media.multoweb.nl\/5502\/build\/images\/demontabel%20zonder%20achterwand.jpg\" alt=\"\" width=\"330\" height=\"134\" data-pagespeed-url-hash=\"99713962\"><img fetchpriority=\"high\" decoding=\"async\" src=\"https:\/\/static-media.multoweb.nl\/5502\/build\/images\/demontabel%20met%20rugwand%20200.jpg\" alt=\"\" width=\"312\" height=\"185\" data-pagespeed-url-hash=\"3199179012\"><\/p>\n","protected":false},"featured_media":5522,"template":"","meta":{"site-sidebar-layout":"default","site-content-layout":"","ast-site-content-layout":"default","site-content-style":"default","site-sidebar-style":"default","ast-global-header-display":"","ast-banner-title-visibility":"","ast-main-header-display":"","ast-hfb-above-header-display":"","ast-hfb-below-header-display":"","ast-hfb-mobile-header-display":"","site-post-title":"","ast-breadcrumbs-content":"","ast-featured-img":"","footer-sml-layout":"","ast-disable-related-posts":"","theme-transparent-header-meta":"default","adv-header-id-meta":"","stick-header-meta":"default","header-above-stick-meta":"","header-main-stick-meta":"","header-below-stick-meta":"","astra-migrate-meta-layouts":"default","ast-page-background-enabled":"default","ast-page-background-meta":{"desktop":{"background-color":"var(--ast-global-color-4)","background-image":"","background-repeat":"repeat","background-position":"center center","background-size":"auto","background-attachment":"scroll","background-type":"","background-media":"","overlay-type":"","overlay-color":"","overlay-opacity":"","overlay-gradient":""},"tablet":{"background-color":"","background-image":"","background-repeat":"repeat","background-position":"center center","background-size":"auto","background-attachment":"scroll","background-type":"","background-media":"","overlay-type":"","overlay-color":"","overlay-opacity":"","overlay-gradient":""},"mobile":{"background-color":"","background-image":"","background-repeat":"repeat","background-position":"center center","background-size":"auto","background-attachment":"scroll","background-type":"","background-media":"","overlay-type":"","overlay-color":"","overlay-opacity":"","overlay-gradient":""}},"ast-content-background-meta":{"desktop":{"background-color":"var(--ast-global-color-5)","background-image":"","background-repeat":"repeat","background-position":"center center","background-size":"auto","background-attachment":"scroll","background-type":"","background-media":"","overlay-type":"","overlay-color":"","overlay-opacity":"","overlay-gradient":""},"tablet":{"background-color":"var(--ast-global-color-5)","background-image":"","background-repeat":"repeat","background-position":"center center","background-size":"auto","background-attachment":"scroll","background-type":"","background-media":"","overlay-type":"","overlay-color":"","overlay-opacity":"","overlay-gradient":""},"mobile":{"background-color":"var(--ast-global-color-5)","background-image":"","background-repeat":"repeat","background-position":"center center","background-size":"auto","background-attachment":"scroll","background-type":"","background-media":"","overlay-type":"","overlay-color":"","overlay-opacity":"","overlay-gradient":""}}},"product_brand":[],"product_cat":[256,246],"product_tag":[],"class_list":{"0":"post-5518","1":"product","2":"type-product","3":"status-publish","4":"has-post-thumbnail","6":"product_cat-alle-produkten-3","7":"product_cat-einzelboxen","8":"desktop-align-center","9":"tablet-align-left","10":"mobile-align-left","11":"ast-product-gallery-layout-horizontal","12":"ast-product-tabs-layout-horizontal","14":"first","15":"instock","16":"taxable","17":"shipping-taxable","18":"product-type-simple"},"_links":{"self":[{"href":"https:\/\/dairytop.eu\/de\/wp-json\/wp\/v2\/product\/5518","targetHints":{"allow":["GET"]}}],"collection":[{"href":"https:\/\/dairytop.eu\/de\/wp-json\/wp\/v2\/product"}],"about":[{"href":"https:\/\/dairytop.eu\/de\/wp-json\/wp\/v2\/types\/product"}],"version-history":[{"count":3,"href":"https:\/\/dairytop.eu\/de\/wp-json\/wp\/v2\/product\/5518\/revisions"}],"predecessor-version":[{"id":10535,"href":"https:\/\/dairytop.eu\/de\/wp-json\/wp\/v2\/product\/5518\/revisions\/10535"}],"wp:featuredmedia":[{"embeddable":true,"href":"https:\/\/dairytop.eu\/de\/wp-json\/wp\/v2\/media\/5522"}],"wp:attachment":[{"href":"https:\/\/dairytop.eu\/de\/wp-json\/wp\/v2\/media?parent=5518"}],"wp:term":[{"taxonomy":"product_brand","embeddable":true,"href":"https:\/\/dairytop.eu\/de\/wp-json\/wp\/v2\/product_brand?post=5518"},{"taxonomy":"product_cat","embeddable":true,"href":"https:\/\/dairytop.eu\/de\/wp-json\/wp\/v2\/product_cat?post=5518"},{"taxonomy":"product_tag","embeddable":true,"href":"https:\/\/dairytop.eu\/de\/wp-json\/wp\/v2\/product_tag?post=5518"}],"curies":[{"name":"wp","href":"https:\/\/api.w.org\/{rel}","templated":true}]}}