{"id":5599,"date":"2026-02-11T16:30:17","date_gmt":"2026-02-11T15:30:17","guid":{"rendered":"https:\/\/new.dairytop.eu\/product\/duo-boxen-abteilung-oks-3-x-2-kaelber\/"},"modified":"2026-05-04T11:22:16","modified_gmt":"2026-05-04T09:22:16","slug":"duo-boxen-abteilung-oks-3-x-2-kaelber","status":"publish","type":"product","link":"https:\/\/dairytop.eu\/de\/product\/duo-boxen-abteilung-oks-3-x-2-kaelber\/","title":{"rendered":"Optima Klima Stall Duo-Box-Abteil (3 x 2 K\u00e4lber)"},"content":{"rendered":"","protected":false},"excerpt":{"rendered":"<p>Die Duo-Boxen Abteilungen f\u00fcr OKS-K\u00e4lberst\u00e4lle sind ideal f\u00fcr die Unterbringung Ihrer neugeborenen K\u00e4lber.<br \/>\nDiese Boxen sind optional f\u00fcr den Dairytop Optima Klima Stall erh\u00e4ltlich.<br \/>\nDer gro\u00dfe Vorteil dieser Boxen ist, dass 6 neugeborene K\u00e4lber in einem Raum untergebracht werden und von 0 bis 12 Wochen zusammenbleiben.<\/p>\n<p>Innenma\u00dfe pro Box: L x B x H: 1900 x 1600 x 1000 mm<br \/>\nAu\u00dfenma\u00dfe pro Box: L x B x H: 2000 x 1653 x 1000 mm<br \/>\nWandst\u00e4rke: 53 mm<br \/>\nFarbe: Grau<br \/>\nLieferung pro Box inklusive: 2x Dairytop HIKO TK9 K\u00e4lbertr\u00e4nkeeimer,<br \/>\n2x Eimerring, 2x Futterschale 8 l und Saugeimerhalter.<\/p>\n<p>&nbsp;<\/p>\n[video width=\"848\" height=\"480\" mp4=\"https:\/\/dairytop.eu\/wp-content\/uploads\/2022\/01\/WhatsApp-Video-2023-12-21-at-13.05.45.mp4\"][\/video]\n","protected":false},"featured_media":5600,"template":"","meta":{"site-sidebar-layout":"default","site-content-layout":"","ast-site-content-layout":"default","site-content-style":"default","site-sidebar-style":"default","ast-global-header-display":"","ast-banner-title-visibility":"","ast-main-header-display":"","ast-hfb-above-header-display":"","ast-hfb-below-header-display":"","ast-hfb-mobile-header-display":"","site-post-title":"","ast-breadcrumbs-content":"","ast-featured-img":"","footer-sml-layout":"","ast-disable-related-posts":"","theme-transparent-header-meta":"","adv-header-id-meta":"","stick-header-meta":"","header-above-stick-meta":"","header-main-stick-meta":"","header-below-stick-meta":"","astra-migrate-meta-layouts":"default","ast-page-background-enabled":"default","ast-page-background-meta":{"desktop":{"background-color":"var(--ast-global-color-4)","background-image":"","background-repeat":"repeat","background-position":"center center","background-size":"auto","background-attachment":"scroll","background-type":"","background-media":"","overlay-type":"","overlay-color":"","overlay-opacity":"","overlay-gradient":""},"tablet":{"background-color":"","background-image":"","background-repeat":"repeat","background-position":"center center","background-size":"auto","background-attachment":"scroll","background-type":"","background-media":"","overlay-type":"","overlay-color":"","overlay-opacity":"","overlay-gradient":""},"mobile":{"background-color":"","background-image":"","background-repeat":"repeat","background-position":"center center","background-size":"auto","background-attachment":"scroll","background-type":"","background-media":"","overlay-type":"","overlay-color":"","overlay-opacity":"","overlay-gradient":""}},"ast-content-background-meta":{"desktop":{"background-color":"var(--ast-global-color-5)","background-image":"","background-repeat":"repeat","background-position":"center center","background-size":"auto","background-attachment":"scroll","background-type":"","background-media":"","overlay-type":"","overlay-color":"","overlay-opacity":"","overlay-gradient":""},"tablet":{"background-color":"var(--ast-global-color-5)","background-image":"","background-repeat":"repeat","background-position":"center center","background-size":"auto","background-attachment":"scroll","background-type":"","background-media":"","overlay-type":"","overlay-color":"","overlay-opacity":"","overlay-gradient":""},"mobile":{"background-color":"var(--ast-global-color-5)","background-image":"","background-repeat":"repeat","background-position":"center center","background-size":"auto","background-attachment":"scroll","background-type":"","background-media":"","overlay-type":"","overlay-color":"","overlay-opacity":"","overlay-gradient":""}}},"product_brand":[],"product_cat":[256,240,253],"product_tag":[],"class_list":{"0":"post-5599","1":"product","2":"type-product","3":"status-publish","4":"has-post-thumbnail","6":"product_cat-alle-produkten-3","7":"product_cat-gruppenbuchten","8":"product_cat-optima-klima-kalberstall","9":"desktop-align-center","10":"tablet-align-left","11":"mobile-align-left","12":"ast-product-gallery-layout-horizontal","13":"ast-product-tabs-layout-horizontal","15":"first","16":"instock","17":"featured","18":"taxable","19":"shipping-taxable","20":"product-type-simple"},"_links":{"self":[{"href":"https:\/\/dairytop.eu\/de\/wp-json\/wp\/v2\/product\/5599","targetHints":{"allow":["GET"]}}],"collection":[{"href":"https:\/\/dairytop.eu\/de\/wp-json\/wp\/v2\/product"}],"about":[{"href":"https:\/\/dairytop.eu\/de\/wp-json\/wp\/v2\/types\/product"}],"version-history":[{"count":2,"href":"https:\/\/dairytop.eu\/de\/wp-json\/wp\/v2\/product\/5599\/revisions"}],"predecessor-version":[{"id":10837,"href":"https:\/\/dairytop.eu\/de\/wp-json\/wp\/v2\/product\/5599\/revisions\/10837"}],"wp:featuredmedia":[{"embeddable":true,"href":"https:\/\/dairytop.eu\/de\/wp-json\/wp\/v2\/media\/5600"}],"wp:attachment":[{"href":"https:\/\/dairytop.eu\/de\/wp-json\/wp\/v2\/media?parent=5599"}],"wp:term":[{"taxonomy":"product_brand","embeddable":true,"href":"https:\/\/dairytop.eu\/de\/wp-json\/wp\/v2\/product_brand?post=5599"},{"taxonomy":"product_cat","embeddable":true,"href":"https:\/\/dairytop.eu\/de\/wp-json\/wp\/v2\/product_cat?post=5599"},{"taxonomy":"product_tag","embeddable":true,"href":"https:\/\/dairytop.eu\/de\/wp-json\/wp\/v2\/product_tag?post=5599"}],"curies":[{"name":"wp","href":"https:\/\/api.w.org\/{rel}","templated":true}]}}