{"id":5650,"date":"2026-02-11T15:26:02","date_gmt":"2026-02-11T14:26:02","guid":{"rendered":"https:\/\/new.dairytop.eu\/product\/milk-bar-mb21-traenke\/"},"modified":"2026-03-18T10:02:48","modified_gmt":"2026-03-18T09:02:48","slug":"milk-bar-mb21-traenke","status":"publish","type":"product","link":"https:\/\/dairytop.eu\/de\/product\/milk-bar-mb21-traenke\/","title":{"rendered":"Milk Bar MB21, Tr\u00e4nke"},"content":{"rendered":"","protected":false},"excerpt":{"rendered":"<p>Ideal f\u00fcr Gruppen bis zu 5 K\u00e4lbern, Gesamtvolumen von 15 Litern.<br \/>\nMit praktischem Tragegriff, der den Transport im bef\u00fcllten Zustand erm\u00f6glicht!<\/p>\n<p>Durch die Zitzen erh\u00e4lt jedes Kalb seine eigene Portion, ohne das Risiko, dass die K\u00e4lber nach dem Trinken gegenseitig aneinander saugen.<\/p>\n<ul>\n<li>Maximale Milchmenge von 15 Litern (Ma\u00dfanzeige alle 5 Liter)<\/li>\n<li>Montagehaken, die f\u00fcr Rohrdurchmesser von 25 und 38 mm ausgelegt sind. Dies ist ideal f\u00fcr Vierkantrohre oder ein einfaches Holzbrett in einer H\u00f6he von ca. 90 cm. <\/li>\n<li>Es wird empfohlen, den Eimer nach Gebrauch mit hei\u00dfem Wasser auszusp\u00fclen. Eine w\u00f6chentliche Reinigung mit einem einfachen alkalischen Melkmaschinenreiniger ist sehr sinnvoll. Die Zitzen m\u00fcssen zur Reinigung nicht entnommen werden, lediglich mit Wasser \u201eausmelken\u201c.  <\/li>\n<\/ul>\n<table>\n<tbody>\n<tr>\n<td width=\"302\">Gr\u00f6\u00dfe:<\/td>\n<td width=\"302\">30 x 30 x 36 cm (L x B x H)<\/td>\n<\/tr>\n<tr>\n<td width=\"302\">Zitzen:<\/td>\n<td width=\"302\">5<\/td>\n<\/tr>\n<tr>\n<td width=\"302\">Inhalt:<\/td>\n<td width=\"302\">15 l<\/td>\n<\/tr>\n<\/tbody>\n<\/table>\n","protected":false},"featured_media":5651,"template":"","meta":{"site-sidebar-layout":"default","site-content-layout":"","ast-site-content-layout":"default","site-content-style":"default","site-sidebar-style":"default","ast-global-header-display":"","ast-banner-title-visibility":"","ast-main-header-display":"","ast-hfb-above-header-display":"","ast-hfb-below-header-display":"","ast-hfb-mobile-header-display":"","site-post-title":"","ast-breadcrumbs-content":"","ast-featured-img":"","footer-sml-layout":"","ast-disable-related-posts":"","theme-transparent-header-meta":"","adv-header-id-meta":"","stick-header-meta":"","header-above-stick-meta":"","header-main-stick-meta":"","header-below-stick-meta":"","astra-migrate-meta-layouts":"default","ast-page-background-enabled":"default","ast-page-background-meta":{"desktop":{"background-color":"var(--ast-global-color-4)","background-image":"","background-repeat":"repeat","background-position":"center center","background-size":"auto","background-attachment":"scroll","background-type":"","background-media":"","overlay-type":"","overlay-color":"","overlay-opacity":"","overlay-gradient":""},"tablet":{"background-color":"","background-image":"","background-repeat":"repeat","background-position":"center center","background-size":"auto","background-attachment":"scroll","background-type":"","background-media":"","overlay-type":"","overlay-color":"","overlay-opacity":"","overlay-gradient":""},"mobile":{"background-color":"","background-image":"","background-repeat":"repeat","background-position":"center center","background-size":"auto","background-attachment":"scroll","background-type":"","background-media":"","overlay-type":"","overlay-color":"","overlay-opacity":"","overlay-gradient":""}},"ast-content-background-meta":{"desktop":{"background-color":"var(--ast-global-color-5)","background-image":"","background-repeat":"repeat","background-position":"center center","background-size":"auto","background-attachment":"scroll","background-type":"","background-media":"","overlay-type":"","overlay-color":"","overlay-opacity":"","overlay-gradient":""},"tablet":{"background-color":"var(--ast-global-color-5)","background-image":"","background-repeat":"repeat","background-position":"center center","background-size":"auto","background-attachment":"scroll","background-type":"","background-media":"","overlay-type":"","overlay-color":"","overlay-opacity":"","overlay-gradient":""},"mobile":{"background-color":"var(--ast-global-color-5)","background-image":"","background-repeat":"repeat","background-position":"center center","background-size":"auto","background-attachment":"scroll","background-type":"","background-media":"","overlay-type":"","overlay-color":"","overlay-opacity":"","overlay-gradient":""}}},"product_brand":[],"product_cat":[62,92],"product_tag":[],"class_list":{"0":"post-5650","1":"product","2":"type-product","3":"status-publish","4":"has-post-thumbnail","6":"product_cat-alle-producten","7":"product_cat-milkbar","8":"desktop-align-center","9":"tablet-align-left","10":"mobile-align-left","11":"ast-product-gallery-layout-horizontal","12":"ast-product-gallery-with-no-image","13":"ast-product-tabs-layout-horizontal","15":"first","16":"instock","17":"taxable","18":"shipping-taxable","19":"purchasable","20":"product-type-simple"},"_links":{"self":[{"href":"https:\/\/dairytop.eu\/de\/wp-json\/wp\/v2\/product\/5650","targetHints":{"allow":["GET"]}}],"collection":[{"href":"https:\/\/dairytop.eu\/de\/wp-json\/wp\/v2\/product"}],"about":[{"href":"https:\/\/dairytop.eu\/de\/wp-json\/wp\/v2\/types\/product"}],"version-history":[{"count":1,"href":"https:\/\/dairytop.eu\/de\/wp-json\/wp\/v2\/product\/5650\/revisions"}],"predecessor-version":[{"id":8702,"href":"https:\/\/dairytop.eu\/de\/wp-json\/wp\/v2\/product\/5650\/revisions\/8702"}],"wp:featuredmedia":[{"embeddable":true,"href":"https:\/\/dairytop.eu\/de\/wp-json\/wp\/v2\/media\/5651"}],"wp:attachment":[{"href":"https:\/\/dairytop.eu\/de\/wp-json\/wp\/v2\/media?parent=5650"}],"wp:term":[{"taxonomy":"product_brand","embeddable":true,"href":"https:\/\/dairytop.eu\/de\/wp-json\/wp\/v2\/product_brand?post=5650"},{"taxonomy":"product_cat","embeddable":true,"href":"https:\/\/dairytop.eu\/de\/wp-json\/wp\/v2\/product_cat?post=5650"},{"taxonomy":"product_tag","embeddable":true,"href":"https:\/\/dairytop.eu\/de\/wp-json\/wp\/v2\/product_tag?post=5650"}],"curies":[{"name":"wp","href":"https:\/\/api.w.org\/{rel}","templated":true}]}}