{"id":5670,"date":"2026-02-11T15:25:29","date_gmt":"2026-02-11T14:25:29","guid":{"rendered":"https:\/\/new.dairytop.eu\/product\/milk-bar-mb26-traenke\/"},"modified":"2026-03-19T16:13:38","modified_gmt":"2026-03-19T15:13:38","slug":"milk-bar-mb26-traenke","status":"publish","type":"product","link":"https:\/\/dairytop.eu\/de\/product\/milk-bar-mb26-traenke\/","title":{"rendered":"Milk Bar MB26, Tr\u00e4nke"},"content":{"rendered":"","protected":false},"excerpt":{"rendered":"<p>Die ideale Milk Bar f\u00fcr 6 K\u00e4lber!<\/p>\n<p>Die optimale Tr\u00e4nke f\u00fcr die Gruppenhaltung! Ideal f\u00fcr Gruppen von bis zu 6 K\u00e4lbern. Die Milk Bar MB26 hat ein Fassungsverm\u00f6gen von 36 Litern. Die verstellbaren Befestigungshaken erm\u00f6glichen eine schnelle und stabile Montage. Eine w\u00f6chentliche Reinigung mit einem einfachen alkalischen Milchreiniger ist sinnvoll. Die Sauger m\u00fcssen zur Reinigung nicht demontiert werden; einfach mit Wasser \u201eausmelken\u201c. Die Milk Bars sind leicht zu transportieren, da sie stapelbar sind.      <\/p>\n<p>&nbsp;<\/p>\n<table>\n<tbody>\n<tr>\n<td width=\"302\">Gr\u00f6\u00dfe:<\/td>\n<td width=\"302\">70 x 30 x 40 cm (L x B x H)<\/td>\n<\/tr>\n<tr>\n<td width=\"302\">Zitzen:<\/td>\n<td width=\"302\">6<\/td>\n<\/tr>\n<tr>\n<td width=\"302\">Inhalt:<\/td>\n<td width=\"302\">36 l<\/td>\n<\/tr>\n<\/tbody>\n<\/table>\n<p>&nbsp;<\/p>\n","protected":false},"featured_media":5671,"template":"","meta":{"site-sidebar-layout":"default","site-content-layout":"","ast-site-content-layout":"default","site-content-style":"default","site-sidebar-style":"default","ast-global-header-display":"","ast-banner-title-visibility":"","ast-main-header-display":"","ast-hfb-above-header-display":"","ast-hfb-below-header-display":"","ast-hfb-mobile-header-display":"","site-post-title":"","ast-breadcrumbs-content":"","ast-featured-img":"","footer-sml-layout":"","ast-disable-related-posts":"","theme-transparent-header-meta":"","adv-header-id-meta":"","stick-header-meta":"","header-above-stick-meta":"","header-main-stick-meta":"","header-below-stick-meta":"","astra-migrate-meta-layouts":"default","ast-page-background-enabled":"default","ast-page-background-meta":{"desktop":{"background-color":"var(--ast-global-color-4)","background-image":"","background-repeat":"repeat","background-position":"center center","background-size":"auto","background-attachment":"scroll","background-type":"","background-media":"","overlay-type":"","overlay-color":"","overlay-opacity":"","overlay-gradient":""},"tablet":{"background-color":"","background-image":"","background-repeat":"repeat","background-position":"center center","background-size":"auto","background-attachment":"scroll","background-type":"","background-media":"","overlay-type":"","overlay-color":"","overlay-opacity":"","overlay-gradient":""},"mobile":{"background-color":"","background-image":"","background-repeat":"repeat","background-position":"center center","background-size":"auto","background-attachment":"scroll","background-type":"","background-media":"","overlay-type":"","overlay-color":"","overlay-opacity":"","overlay-gradient":""}},"ast-content-background-meta":{"desktop":{"background-color":"var(--ast-global-color-5)","background-image":"","background-repeat":"repeat","background-position":"center center","background-size":"auto","background-attachment":"scroll","background-type":"","background-media":"","overlay-type":"","overlay-color":"","overlay-opacity":"","overlay-gradient":""},"tablet":{"background-color":"var(--ast-global-color-5)","background-image":"","background-repeat":"repeat","background-position":"center center","background-size":"auto","background-attachment":"scroll","background-type":"","background-media":"","overlay-type":"","overlay-color":"","overlay-opacity":"","overlay-gradient":""},"mobile":{"background-color":"var(--ast-global-color-5)","background-image":"","background-repeat":"repeat","background-position":"center center","background-size":"auto","background-attachment":"scroll","background-type":"","background-media":"","overlay-type":"","overlay-color":"","overlay-opacity":"","overlay-gradient":""}}},"product_brand":[],"product_cat":[62,92],"product_tag":[79],"class_list":{"0":"post-5670","1":"product","2":"type-product","3":"status-publish","4":"has-post-thumbnail","6":"product_cat-alle-producten","7":"product_cat-milkbar","8":"product_tag-dynamic","9":"desktop-align-center","10":"tablet-align-left","11":"mobile-align-left","12":"ast-product-gallery-layout-horizontal","13":"ast-product-tabs-layout-horizontal","15":"first","16":"instock","17":"taxable","18":"shipping-taxable","19":"purchasable","20":"product-type-simple"},"_links":{"self":[{"href":"https:\/\/dairytop.eu\/de\/wp-json\/wp\/v2\/product\/5670","targetHints":{"allow":["GET"]}}],"collection":[{"href":"https:\/\/dairytop.eu\/de\/wp-json\/wp\/v2\/product"}],"about":[{"href":"https:\/\/dairytop.eu\/de\/wp-json\/wp\/v2\/types\/product"}],"version-history":[{"count":1,"href":"https:\/\/dairytop.eu\/de\/wp-json\/wp\/v2\/product\/5670\/revisions"}],"predecessor-version":[{"id":8704,"href":"https:\/\/dairytop.eu\/de\/wp-json\/wp\/v2\/product\/5670\/revisions\/8704"}],"wp:featuredmedia":[{"embeddable":true,"href":"https:\/\/dairytop.eu\/de\/wp-json\/wp\/v2\/media\/5671"}],"wp:attachment":[{"href":"https:\/\/dairytop.eu\/de\/wp-json\/wp\/v2\/media?parent=5670"}],"wp:term":[{"taxonomy":"product_brand","embeddable":true,"href":"https:\/\/dairytop.eu\/de\/wp-json\/wp\/v2\/product_brand?post=5670"},{"taxonomy":"product_cat","embeddable":true,"href":"https:\/\/dairytop.eu\/de\/wp-json\/wp\/v2\/product_cat?post=5670"},{"taxonomy":"product_tag","embeddable":true,"href":"https:\/\/dairytop.eu\/de\/wp-json\/wp\/v2\/product_tag?post=5670"}],"curies":[{"name":"wp","href":"https:\/\/api.w.org\/{rel}","templated":true}]}}