{"id":5711,"date":"2026-02-11T15:26:03","date_gmt":"2026-02-11T14:26:03","guid":{"rendered":"https:\/\/new.dairytop.eu\/product\/milk-bar-mb66-traenke\/"},"modified":"2026-03-18T10:02:48","modified_gmt":"2026-03-18T09:02:48","slug":"milk-bar-mb66-traenke","status":"publish","type":"product","link":"https:\/\/dairytop.eu\/de\/product\/milk-bar-mb66-traenke\/","title":{"rendered":"Milk Bar MB66, Tr\u00e4nke"},"content":{"rendered":"","protected":false},"excerpt":{"rendered":"<p>Milk Bar-Tr\u00e4nke mit vier Abteilen. Diese Tr\u00e4nke eignet sich f\u00fcr die Gabe von hochkonzentrierter Milch in den ersten Lebenswochen des Kalbes. Mit den verstellbaren Haken k\u00f6nnen Sie die Tr\u00e4nke problemlos an einem Rohr oder einer Stange mit einem maximalen Durchmesser von 75 mm befestigen. Die Form der Haken stellt zudem sicher, dass die Tr\u00e4nke fest sitzt, auch bei kr\u00e4ftigen K\u00e4lbern. Die Milk Bar kann einfach mit hei\u00dfem Wasser gereinigt werden. F\u00fcr die Reinigung m\u00fcssen die Zitzen nicht entfernt werden.    <\/p>\n<p>&nbsp;<\/p>\n<table>\n<tbody>\n<tr>\n<td width=\"302\">Gr\u00f6\u00dfe:<\/td>\n<td width=\"302\">66 x 30 x 40 cm (L x B x H)<\/td>\n<\/tr>\n<tr>\n<td width=\"302\">Zitzen:<\/td>\n<td width=\"302\">4<\/td>\n<\/tr>\n<tr>\n<td width=\"302\">Inhalt:<\/td>\n<td width=\"302\">2,5 l pro Abteil<\/td>\n<\/tr>\n<\/tbody>\n<\/table>\n","protected":false},"featured_media":5712,"template":"","meta":{"site-sidebar-layout":"default","site-content-layout":"","ast-site-content-layout":"default","site-content-style":"default","site-sidebar-style":"default","ast-global-header-display":"","ast-banner-title-visibility":"","ast-main-header-display":"","ast-hfb-above-header-display":"","ast-hfb-below-header-display":"","ast-hfb-mobile-header-display":"","site-post-title":"","ast-breadcrumbs-content":"","ast-featured-img":"","footer-sml-layout":"","ast-disable-related-posts":"","theme-transparent-header-meta":"","adv-header-id-meta":"","stick-header-meta":"","header-above-stick-meta":"","header-main-stick-meta":"","header-below-stick-meta":"","astra-migrate-meta-layouts":"default","ast-page-background-enabled":"default","ast-page-background-meta":{"desktop":{"background-color":"var(--ast-global-color-4)","background-image":"","background-repeat":"repeat","background-position":"center center","background-size":"auto","background-attachment":"scroll","background-type":"","background-media":"","overlay-type":"","overlay-color":"","overlay-opacity":"","overlay-gradient":""},"tablet":{"background-color":"","background-image":"","background-repeat":"repeat","background-position":"center center","background-size":"auto","background-attachment":"scroll","background-type":"","background-media":"","overlay-type":"","overlay-color":"","overlay-opacity":"","overlay-gradient":""},"mobile":{"background-color":"","background-image":"","background-repeat":"repeat","background-position":"center center","background-size":"auto","background-attachment":"scroll","background-type":"","background-media":"","overlay-type":"","overlay-color":"","overlay-opacity":"","overlay-gradient":""}},"ast-content-background-meta":{"desktop":{"background-color":"var(--ast-global-color-5)","background-image":"","background-repeat":"repeat","background-position":"center center","background-size":"auto","background-attachment":"scroll","background-type":"","background-media":"","overlay-type":"","overlay-color":"","overlay-opacity":"","overlay-gradient":""},"tablet":{"background-color":"var(--ast-global-color-5)","background-image":"","background-repeat":"repeat","background-position":"center center","background-size":"auto","background-attachment":"scroll","background-type":"","background-media":"","overlay-type":"","overlay-color":"","overlay-opacity":"","overlay-gradient":""},"mobile":{"background-color":"var(--ast-global-color-5)","background-image":"","background-repeat":"repeat","background-position":"center center","background-size":"auto","background-attachment":"scroll","background-type":"","background-media":"","overlay-type":"","overlay-color":"","overlay-opacity":"","overlay-gradient":""}}},"product_brand":[],"product_cat":[130,62,92],"product_tag":[],"class_list":{"0":"post-5711","1":"product","2":"type-product","3":"status-publish","4":"has-post-thumbnail","6":"product_cat-alle-produkten","7":"product_cat-alle-producten","8":"product_cat-milkbar","9":"desktop-align-center","10":"tablet-align-left","11":"mobile-align-left","12":"ast-product-gallery-layout-horizontal","13":"ast-product-gallery-with-no-image","14":"ast-product-tabs-layout-horizontal","16":"first","17":"instock","18":"taxable","19":"shipping-taxable","20":"purchasable","21":"product-type-simple"},"_links":{"self":[{"href":"https:\/\/dairytop.eu\/de\/wp-json\/wp\/v2\/product\/5711","targetHints":{"allow":["GET"]}}],"collection":[{"href":"https:\/\/dairytop.eu\/de\/wp-json\/wp\/v2\/product"}],"about":[{"href":"https:\/\/dairytop.eu\/de\/wp-json\/wp\/v2\/types\/product"}],"version-history":[{"count":1,"href":"https:\/\/dairytop.eu\/de\/wp-json\/wp\/v2\/product\/5711\/revisions"}],"predecessor-version":[{"id":8698,"href":"https:\/\/dairytop.eu\/de\/wp-json\/wp\/v2\/product\/5711\/revisions\/8698"}],"wp:featuredmedia":[{"embeddable":true,"href":"https:\/\/dairytop.eu\/de\/wp-json\/wp\/v2\/media\/5712"}],"wp:attachment":[{"href":"https:\/\/dairytop.eu\/de\/wp-json\/wp\/v2\/media?parent=5711"}],"wp:term":[{"taxonomy":"product_brand","embeddable":true,"href":"https:\/\/dairytop.eu\/de\/wp-json\/wp\/v2\/product_brand?post=5711"},{"taxonomy":"product_cat","embeddable":true,"href":"https:\/\/dairytop.eu\/de\/wp-json\/wp\/v2\/product_cat?post=5711"},{"taxonomy":"product_tag","embeddable":true,"href":"https:\/\/dairytop.eu\/de\/wp-json\/wp\/v2\/product_tag?post=5711"}],"curies":[{"name":"wp","href":"https:\/\/api.w.org\/{rel}","templated":true}]}}