{"id":5752,"date":"2026-02-11T15:14:18","date_gmt":"2026-02-11T14:14:18","guid":{"rendered":"https:\/\/new.dairytop.eu\/product\/kaelberdecke-thermo-plus-70-cm\/"},"modified":"2026-04-12T12:54:53","modified_gmt":"2026-04-12T10:54:53","slug":"kaelberdecke-thermo-plus-70-cm","status":"publish","type":"product","link":"https:\/\/dairytop.eu\/de\/product\/kaelberdecke-thermo-plus-70-cm\/","title":{"rendered":"K\u00e4lberdecke Thermo Plus (70 cm)"},"content":{"rendered":"","protected":false},"excerpt":{"rendered":"<p>Thermo-K\u00e4lberdecke, erh\u00e4ltlich in 70 und 80 cm.<\/p>\n<ul>\n<li> Obermaterial aus rei\u00dffestem 600 Denier Polyester-Ripstop<\/li>\n<li> Mit anatomischem Brust- und Bauchverschluss<\/li>\n<li> Stabile Verschl\u00fcsse mit zus\u00e4tzlicher Klettfixierung<\/li>\n<li>200 g Polyvlies-F\u00fcllung f\u00fcr optimalen Schutz auch bei extremen Au\u00dfentemperaturen<\/li>\n<li>Wasserdicht bis 3000 mm Wassers\u00e4ule \u2022 Atmungsaktive Eigenschaften verhindern \u00fcberm\u00e4\u00dfiges Schwitzen<\/li>\n<li>Maschinenwaschbar bei 30 \u00b0C<\/li>\n<li>Die K\u00e4lberdecke unterst\u00fctzt das Immunsystem in den ersten Tagen und bietet Schutz vor Durchfallproblemen oder anderen Krankheiten<\/li>\n<li>Bei Temperaturen unter +10 \u00b0C steigt das Krankheitsrisiko<\/li>\n<li>Sch\u00fctzt das Kalb vor Witterungsumschw\u00fcngen<\/li>\n<li>Verhindert K\u00e4ltestress bei neugeborenen K\u00e4lbern<\/li>\n<li>Wird 3\u20134 Wochen ab der Geburt verwendet, bei Bedarf l\u00e4nger<\/li>\n<\/ul>\n<p><strong>Nicht f\u00fcr die Gruppenhaltung geeignet<\/strong><\/p>\n","protected":false},"featured_media":5755,"template":"","meta":{"site-sidebar-layout":"default","site-content-layout":"","ast-site-content-layout":"default","site-content-style":"default","site-sidebar-style":"default","ast-global-header-display":"","ast-banner-title-visibility":"","ast-main-header-display":"","ast-hfb-above-header-display":"","ast-hfb-below-header-display":"","ast-hfb-mobile-header-display":"","site-post-title":"","ast-breadcrumbs-content":"","ast-featured-img":"","footer-sml-layout":"","ast-disable-related-posts":"","theme-transparent-header-meta":"","adv-header-id-meta":"","stick-header-meta":"","header-above-stick-meta":"","header-main-stick-meta":"","header-below-stick-meta":"","astra-migrate-meta-layouts":"default","ast-page-background-enabled":"default","ast-page-background-meta":{"desktop":{"background-color":"var(--ast-global-color-4)","background-image":"","background-repeat":"repeat","background-position":"center center","background-size":"auto","background-attachment":"scroll","background-type":"","background-media":"","overlay-type":"","overlay-color":"","overlay-opacity":"","overlay-gradient":""},"tablet":{"background-color":"","background-image":"","background-repeat":"repeat","background-position":"center center","background-size":"auto","background-attachment":"scroll","background-type":"","background-media":"","overlay-type":"","overlay-color":"","overlay-opacity":"","overlay-gradient":""},"mobile":{"background-color":"","background-image":"","background-repeat":"repeat","background-position":"center center","background-size":"auto","background-attachment":"scroll","background-type":"","background-media":"","overlay-type":"","overlay-color":"","overlay-opacity":"","overlay-gradient":""}},"ast-content-background-meta":{"desktop":{"background-color":"var(--ast-global-color-5)","background-image":"","background-repeat":"repeat","background-position":"center center","background-size":"auto","background-attachment":"scroll","background-type":"","background-media":"","overlay-type":"","overlay-color":"","overlay-opacity":"","overlay-gradient":""},"tablet":{"background-color":"var(--ast-global-color-5)","background-image":"","background-repeat":"repeat","background-position":"center center","background-size":"auto","background-attachment":"scroll","background-type":"","background-media":"","overlay-type":"","overlay-color":"","overlay-opacity":"","overlay-gradient":""},"mobile":{"background-color":"var(--ast-global-color-5)","background-image":"","background-repeat":"repeat","background-position":"center center","background-size":"auto","background-attachment":"scroll","background-type":"","background-media":"","overlay-type":"","overlay-color":"","overlay-opacity":"","overlay-gradient":""}}},"product_brand":[],"product_cat":[62,45,59],"product_tag":[],"class_list":{"0":"post-5752","1":"product","2":"type-product","3":"status-publish","4":"has-post-thumbnail","6":"product_cat-alle-producten","7":"product_cat-kalverbenodigdheden","8":"product_cat-kalverdekjes","9":"desktop-align-center","10":"tablet-align-left","11":"mobile-align-left","12":"ast-product-gallery-layout-horizontal","13":"ast-product-single-variable","14":"ast-product-tabs-layout-horizontal","16":"first","17":"instock","18":"taxable","19":"shipping-taxable","20":"purchasable","21":"product-type-variable"},"_links":{"self":[{"href":"https:\/\/dairytop.eu\/de\/wp-json\/wp\/v2\/product\/5752","targetHints":{"allow":["GET"]}}],"collection":[{"href":"https:\/\/dairytop.eu\/de\/wp-json\/wp\/v2\/product"}],"about":[{"href":"https:\/\/dairytop.eu\/de\/wp-json\/wp\/v2\/types\/product"}],"version-history":[{"count":1,"href":"https:\/\/dairytop.eu\/de\/wp-json\/wp\/v2\/product\/5752\/revisions"}],"predecessor-version":[{"id":8958,"href":"https:\/\/dairytop.eu\/de\/wp-json\/wp\/v2\/product\/5752\/revisions\/8958"}],"wp:featuredmedia":[{"embeddable":true,"href":"https:\/\/dairytop.eu\/de\/wp-json\/wp\/v2\/media\/5755"}],"wp:attachment":[{"href":"https:\/\/dairytop.eu\/de\/wp-json\/wp\/v2\/media?parent=5752"}],"wp:term":[{"taxonomy":"product_brand","embeddable":true,"href":"https:\/\/dairytop.eu\/de\/wp-json\/wp\/v2\/product_brand?post=5752"},{"taxonomy":"product_cat","embeddable":true,"href":"https:\/\/dairytop.eu\/de\/wp-json\/wp\/v2\/product_cat?post=5752"},{"taxonomy":"product_tag","embeddable":true,"href":"https:\/\/dairytop.eu\/de\/wp-json\/wp\/v2\/product_tag?post=5752"}],"curies":[{"name":"wp","href":"https:\/\/api.w.org\/{rel}","templated":true}]}}