{"id":5838,"date":"2026-02-11T16:32:12","date_gmt":"2026-02-11T15:32:12","guid":{"rendered":"https:\/\/new.dairytop.eu\/product\/dairytop-duobox-auf-raedern\/"},"modified":"2026-04-20T16:16:18","modified_gmt":"2026-04-20T14:16:18","slug":"dairytop-duobox-auf-raedern","status":"publish","type":"product","link":"https:\/\/dairytop.eu\/de\/product\/dairytop-duobox-auf-raedern\/","title":{"rendered":"DairyTop Duobox auf R\u00e4dern"},"content":{"rendered":"","protected":false},"excerpt":{"rendered":"<ul>\n<li>Doppelk\u00e4lberbox mit W\u00e4nden aus PP-Kunststoff auf R\u00e4dern<\/li>\n<li>Herausnehmbarer Kunststoffrost<\/li>\n<li>Sehr stabile Lenkrollen mit Bremse.<\/li>\n<li>Durch die gro\u00dfen Rollen ist die K\u00e4lbereinzelbox leicht zu bewegen<\/li>\n<li>Die Einstiegsh\u00f6he von nur 20 cm ist sehr bequem zug\u00e4nglich<\/li>\n<li>Das teilbare Vordergatter (900 mm) ist mit einem Kunststoffboden ausgestattet, um Zugluft f\u00fcr das Kalb zu vermeiden.<\/li>\n<li>Die Trennw\u00e4nde (50 mm) bestehen aus sehr robustem Kunststoff mit langer Lebensdauer.<\/li>\n<li>Die Kunststoffw\u00e4nde sind komplett geschlossen, sodass keine Abschluss- oder Einfassprofile ben\u00f6tigt werden, hinter denen sich Fliegenlarven oder anderes Ungeziefer einnisten k\u00f6nnten.<\/li>\n<li>Leicht zu reinigender Kunststoff\n<p> <strong>Abmessungen und Spezifikationen:<br \/>\n Innenma\u00dfe pro K\u00e4lberbox (L x B x H): 1600 x 1000 x 980 mm<br \/>\n Au\u00dfenabmessungen (L x B x H): 1700 x 2150 x 980 mm<br \/>\n Wandst\u00e4rke: 50 mm<br \/>\n Farbe: Schwarz<\/strong><\/li>\n<\/ul>\n<p>Jeder K\u00e4lberstall wird standardm\u00e4\u00dfig mit folgendem Zubeh\u00f6r geliefert: Saugeimerhalter, Doppeleimerring, 2 x 8-Liter-Futternapf, Hiko K\u00e4lbertr\u00e4nkeeimer TK9 komplett mit Sauger und Ventil.<\/p>\n","protected":false},"featured_media":10457,"template":"","meta":{"site-sidebar-layout":"default","site-content-layout":"","ast-site-content-layout":"default","site-content-style":"default","site-sidebar-style":"default","ast-global-header-display":"","ast-banner-title-visibility":"","ast-main-header-display":"","ast-hfb-above-header-display":"","ast-hfb-below-header-display":"","ast-hfb-mobile-header-display":"","site-post-title":"","ast-breadcrumbs-content":"","ast-featured-img":"","footer-sml-layout":"","ast-disable-related-posts":"","theme-transparent-header-meta":"default","adv-header-id-meta":"","stick-header-meta":"default","header-above-stick-meta":"","header-main-stick-meta":"","header-below-stick-meta":"","astra-migrate-meta-layouts":"default","ast-page-background-enabled":"default","ast-page-background-meta":{"desktop":{"background-color":"var(--ast-global-color-4)","background-image":"","background-repeat":"repeat","background-position":"center center","background-size":"auto","background-attachment":"scroll","background-type":"","background-media":"","overlay-type":"","overlay-color":"","overlay-opacity":"","overlay-gradient":""},"tablet":{"background-color":"","background-image":"","background-repeat":"repeat","background-position":"center center","background-size":"auto","background-attachment":"scroll","background-type":"","background-media":"","overlay-type":"","overlay-color":"","overlay-opacity":"","overlay-gradient":""},"mobile":{"background-color":"","background-image":"","background-repeat":"repeat","background-position":"center center","background-size":"auto","background-attachment":"scroll","background-type":"","background-media":"","overlay-type":"","overlay-color":"","overlay-opacity":"","overlay-gradient":""}},"ast-content-background-meta":{"desktop":{"background-color":"var(--ast-global-color-5)","background-image":"","background-repeat":"repeat","background-position":"center center","background-size":"auto","background-attachment":"scroll","background-type":"","background-media":"","overlay-type":"","overlay-color":"","overlay-opacity":"","overlay-gradient":""},"tablet":{"background-color":"var(--ast-global-color-5)","background-image":"","background-repeat":"repeat","background-position":"center center","background-size":"auto","background-attachment":"scroll","background-type":"","background-media":"","overlay-type":"","overlay-color":"","overlay-opacity":"","overlay-gradient":""},"mobile":{"background-color":"var(--ast-global-color-5)","background-image":"","background-repeat":"repeat","background-position":"center center","background-size":"auto","background-attachment":"scroll","background-type":"","background-media":"","overlay-type":"","overlay-color":"","overlay-opacity":"","overlay-gradient":""}}},"product_brand":[],"product_cat":[256,246],"product_tag":[],"class_list":{"0":"post-5838","1":"product","2":"type-product","3":"status-publish","4":"has-post-thumbnail","6":"product_cat-alle-produkten-3","7":"product_cat-einzelboxen","8":"desktop-align-center","9":"tablet-align-left","10":"mobile-align-left","11":"ast-product-gallery-layout-horizontal","12":"ast-product-tabs-layout-horizontal","14":"first","15":"instock","16":"taxable","17":"shipping-taxable","18":"product-type-simple"},"_links":{"self":[{"href":"https:\/\/dairytop.eu\/de\/wp-json\/wp\/v2\/product\/5838","targetHints":{"allow":["GET"]}}],"collection":[{"href":"https:\/\/dairytop.eu\/de\/wp-json\/wp\/v2\/product"}],"about":[{"href":"https:\/\/dairytop.eu\/de\/wp-json\/wp\/v2\/types\/product"}],"version-history":[{"count":2,"href":"https:\/\/dairytop.eu\/de\/wp-json\/wp\/v2\/product\/5838\/revisions"}],"predecessor-version":[{"id":10465,"href":"https:\/\/dairytop.eu\/de\/wp-json\/wp\/v2\/product\/5838\/revisions\/10465"}],"wp:featuredmedia":[{"embeddable":true,"href":"https:\/\/dairytop.eu\/de\/wp-json\/wp\/v2\/media\/10457"}],"wp:attachment":[{"href":"https:\/\/dairytop.eu\/de\/wp-json\/wp\/v2\/media?parent=5838"}],"wp:term":[{"taxonomy":"product_brand","embeddable":true,"href":"https:\/\/dairytop.eu\/de\/wp-json\/wp\/v2\/product_brand?post=5838"},{"taxonomy":"product_cat","embeddable":true,"href":"https:\/\/dairytop.eu\/de\/wp-json\/wp\/v2\/product_cat?post=5838"},{"taxonomy":"product_tag","embeddable":true,"href":"https:\/\/dairytop.eu\/de\/wp-json\/wp\/v2\/product_tag?post=5838"}],"curies":[{"name":"wp","href":"https:\/\/api.w.org\/{rel}","templated":true}]}}