{"id":5864,"date":"2026-02-11T16:32:14","date_gmt":"2026-02-11T15:32:14","guid":{"rendered":"https:\/\/new.dairytop.eu\/product\/disinfect-pe-kanister\/"},"modified":"2026-03-18T10:01:25","modified_gmt":"2026-03-18T09:01:25","slug":"disinfect-pe-kanister","status":"publish","type":"product","link":"https:\/\/dairytop.eu\/de\/product\/disinfect-pe-kanister\/","title":{"rendered":"Desinfektionsmittel PE \u2013 30 kg"},"content":{"rendered":"","protected":false},"excerpt":{"rendered":"<p>Disinfect PE foam<\/p>\n<ul>\n<li>Saures, fl\u00fcssiges Desinfektionsmittel auf Basis von Peressigs\u00e4ure<\/li>\n<li>Schaumig<\/li>\n<li>Oberfl\u00e4chen- und Tauchdesinfektion<\/li>\n<\/ul>\n<p>Der Desinfektionsschaum aus PE besitzt eine starke keimt\u00f6tende Wirkung. Er eignet sich zur Desinfektion in der Veterin\u00e4rmedizin (PT3) und zur Desinfektion gereinigter Stallfl\u00e4chen in der intensiven Tierhaltung. <\/p>\n<p>Standardanwendung:<br \/>\n Desinfektion von Tierunterk\u00fcnften und Tiertransporten durch Schaum- und Spr\u00fchdesinfektion (PT3). Desinfektion von Zubeh\u00f6r\/Ausr\u00fcstung durch Eintauchen (PT3). Desinfektion von Stiefeln und Reifen (PT3). Desinfektion von harten Oberfl\u00e4chen und Gegenst\u00e4nden durch Schaumdesinfektion (PT2, PT4).   <\/p>\n<p>Fl\u00e4chendesinfektion durch Schaum- und Spr\u00fchverfahren:<br \/>\n Nach gr\u00fcndlicher Vorreinigung von Oberfl\u00e4chen und Ger\u00e4ten die gesamte Fl\u00e4che mit Desinfektions-PE-Schauml\u00f6sung im Verh\u00e4ltnis 100 ml pro m\u00b2 bespr\u00fchen. Mit Trinkwasser absp\u00fclen. Die Einwirkzeit beachten.  <\/p>\n<p>Oberfl\u00e4chendesinfektion durch Eintauchen:<br \/>\n Nach gr\u00fcndlicher Vorreinigung von Bauteilen und Ger\u00e4ten diese durch Eintauchen oder Absp\u00fclen mit Desinfektions-PE-Schauml\u00f6sung desinfizieren. Nach der Vorreinigung die Oberfl\u00e4che von Stiefeln und Reifen durch Eintauchen in Desinfektions-PE-Schauml\u00f6sung desinfizieren. Nach der Einwirkzeit mit Wasser absp\u00fclen.  <\/p>\n","protected":false},"featured_media":5865,"template":"","meta":{"site-sidebar-layout":"default","site-content-layout":"","ast-site-content-layout":"default","site-content-style":"default","site-sidebar-style":"default","ast-global-header-display":"","ast-banner-title-visibility":"","ast-main-header-display":"","ast-hfb-above-header-display":"","ast-hfb-below-header-display":"","ast-hfb-mobile-header-display":"","site-post-title":"","ast-breadcrumbs-content":"","ast-featured-img":"","footer-sml-layout":"","ast-disable-related-posts":"","theme-transparent-header-meta":"default","adv-header-id-meta":"","stick-header-meta":"default","header-above-stick-meta":"","header-main-stick-meta":"","header-below-stick-meta":"","astra-migrate-meta-layouts":"default","ast-page-background-enabled":"default","ast-page-background-meta":{"desktop":{"background-color":"var(--ast-global-color-4)","background-image":"","background-repeat":"repeat","background-position":"center center","background-size":"auto","background-attachment":"scroll","background-type":"","background-media":"","overlay-type":"","overlay-color":"","overlay-opacity":"","overlay-gradient":""},"tablet":{"background-color":"","background-image":"","background-repeat":"repeat","background-position":"center center","background-size":"auto","background-attachment":"scroll","background-type":"","background-media":"","overlay-type":"","overlay-color":"","overlay-opacity":"","overlay-gradient":""},"mobile":{"background-color":"","background-image":"","background-repeat":"repeat","background-position":"center center","background-size":"auto","background-attachment":"scroll","background-type":"","background-media":"","overlay-type":"","overlay-color":"","overlay-opacity":"","overlay-gradient":""}},"ast-content-background-meta":{"desktop":{"background-color":"var(--ast-global-color-5)","background-image":"","background-repeat":"repeat","background-position":"center center","background-size":"auto","background-attachment":"scroll","background-type":"","background-media":"","overlay-type":"","overlay-color":"","overlay-opacity":"","overlay-gradient":""},"tablet":{"background-color":"var(--ast-global-color-5)","background-image":"","background-repeat":"repeat","background-position":"center center","background-size":"auto","background-attachment":"scroll","background-type":"","background-media":"","overlay-type":"","overlay-color":"","overlay-opacity":"","overlay-gradient":""},"mobile":{"background-color":"var(--ast-global-color-5)","background-image":"","background-repeat":"repeat","background-position":"center center","background-size":"auto","background-attachment":"scroll","background-type":"","background-media":"","overlay-type":"","overlay-color":"","overlay-opacity":"","overlay-gradient":""}}},"product_brand":[],"product_cat":[130,62,88],"product_tag":[],"class_list":{"0":"post-5864","1":"product","2":"type-product","3":"status-publish","4":"has-post-thumbnail","6":"product_cat-alle-produkten","7":"product_cat-alle-producten","8":"product_cat-ontsmettingsmiddel","9":"desktop-align-center","10":"tablet-align-left","11":"mobile-align-left","12":"ast-product-gallery-layout-horizontal","13":"ast-product-gallery-with-no-image","14":"ast-product-single-variable","15":"ast-product-tabs-layout-horizontal","17":"first","18":"instock","19":"taxable","20":"shipping-taxable","21":"purchasable","22":"product-type-variable"},"_links":{"self":[{"href":"https:\/\/dairytop.eu\/de\/wp-json\/wp\/v2\/product\/5864","targetHints":{"allow":["GET"]}}],"collection":[{"href":"https:\/\/dairytop.eu\/de\/wp-json\/wp\/v2\/product"}],"about":[{"href":"https:\/\/dairytop.eu\/de\/wp-json\/wp\/v2\/types\/product"}],"version-history":[{"count":2,"href":"https:\/\/dairytop.eu\/de\/wp-json\/wp\/v2\/product\/5864\/revisions"}],"predecessor-version":[{"id":8418,"href":"https:\/\/dairytop.eu\/de\/wp-json\/wp\/v2\/product\/5864\/revisions\/8418"}],"wp:featuredmedia":[{"embeddable":true,"href":"https:\/\/dairytop.eu\/de\/wp-json\/wp\/v2\/media\/5865"}],"wp:attachment":[{"href":"https:\/\/dairytop.eu\/de\/wp-json\/wp\/v2\/media?parent=5864"}],"wp:term":[{"taxonomy":"product_brand","embeddable":true,"href":"https:\/\/dairytop.eu\/de\/wp-json\/wp\/v2\/product_brand?post=5864"},{"taxonomy":"product_cat","embeddable":true,"href":"https:\/\/dairytop.eu\/de\/wp-json\/wp\/v2\/product_cat?post=5864"},{"taxonomy":"product_tag","embeddable":true,"href":"https:\/\/dairytop.eu\/de\/wp-json\/wp\/v2\/product_tag?post=5864"}],"curies":[{"name":"wp","href":"https:\/\/api.w.org\/{rel}","templated":true}]}}