{"id":5923,"date":"2026-02-11T15:14:16","date_gmt":"2026-02-11T14:14:16","guid":{"rendered":"https:\/\/new.dairytop.eu\/product\/farm-o-san-reviva-15-kg\/"},"modified":"2026-03-18T10:04:27","modified_gmt":"2026-03-18T09:04:27","slug":"farm-o-san-reviva-15-kg","status":"publish","type":"product","link":"https:\/\/dairytop.eu\/de\/product\/farm-o-san-reviva-15-kg\/","title":{"rendered":"Farm-O-san Reviva 15 kg"},"content":{"rendered":"","protected":false},"excerpt":{"rendered":"<p class=\"01BodyText\">Farm-O-San Reviva ist ein sehr schmackhaftes Getr\u00e4nk f\u00fcr die Zeit nach dem Abkalben, das reich an Kalzium und Energie ist. Das Produkt sorgt f\u00fcr eine schnelle Rehydrierung, verbessert die Trockenmasseaufnahme und stellt das Mineralstoffgleichgewicht der Kuh wieder her. <\/p>\n<p class=\"01BodyText\"><strong>Anwendung:<\/strong><\/p>\n<p class=\"01BodyText\">Mischen Sie 1 kg Farm-O-San Reviva mit 10 Litern hei\u00dfem Wasser. Nach dem Farbumschlag zu Orange mit 10 Litern kaltem Wasser auff\u00fcllen. Verabreichen Sie diesen Energiedrunk einmalig, direkt nach dem Abkalben und bevor die Kuh Zugang zu Tr\u00e4nkwasser erh\u00e4lt. <\/p>\n<p>&nbsp;<\/p>\n<table>\n<tbody>\n<tr>\n<td width=\"302\">Inhalt<\/td>\n<td width=\"302\">15 kg pro Eimer<\/td>\n<\/tr>\n<\/tbody>\n<\/table>\n","protected":false},"featured_media":5925,"template":"","meta":{"site-sidebar-layout":"default","site-content-layout":"","ast-site-content-layout":"default","site-content-style":"default","site-sidebar-style":"default","ast-global-header-display":"","ast-banner-title-visibility":"","ast-main-header-display":"","ast-hfb-above-header-display":"","ast-hfb-below-header-display":"","ast-hfb-mobile-header-display":"","site-post-title":"","ast-breadcrumbs-content":"","ast-featured-img":"","footer-sml-layout":"","ast-disable-related-posts":"","theme-transparent-header-meta":"","adv-header-id-meta":"","stick-header-meta":"","header-above-stick-meta":"","header-main-stick-meta":"","header-below-stick-meta":"","astra-migrate-meta-layouts":"default","ast-page-background-enabled":"default","ast-page-background-meta":{"desktop":{"background-color":"var(--ast-global-color-4)","background-image":"","background-repeat":"repeat","background-position":"center center","background-size":"auto","background-attachment":"scroll","background-type":"","background-media":"","overlay-type":"","overlay-color":"","overlay-opacity":"","overlay-gradient":""},"tablet":{"background-color":"","background-image":"","background-repeat":"repeat","background-position":"center center","background-size":"auto","background-attachment":"scroll","background-type":"","background-media":"","overlay-type":"","overlay-color":"","overlay-opacity":"","overlay-gradient":""},"mobile":{"background-color":"","background-image":"","background-repeat":"repeat","background-position":"center center","background-size":"auto","background-attachment":"scroll","background-type":"","background-media":"","overlay-type":"","overlay-color":"","overlay-opacity":"","overlay-gradient":""}},"ast-content-background-meta":{"desktop":{"background-color":"var(--ast-global-color-5)","background-image":"","background-repeat":"repeat","background-position":"center center","background-size":"auto","background-attachment":"scroll","background-type":"","background-media":"","overlay-type":"","overlay-color":"","overlay-opacity":"","overlay-gradient":""},"tablet":{"background-color":"var(--ast-global-color-5)","background-image":"","background-repeat":"repeat","background-position":"center center","background-size":"auto","background-attachment":"scroll","background-type":"","background-media":"","overlay-type":"","overlay-color":"","overlay-opacity":"","overlay-gradient":""},"mobile":{"background-color":"var(--ast-global-color-5)","background-image":"","background-repeat":"repeat","background-position":"center center","background-size":"auto","background-attachment":"scroll","background-type":"","background-media":"","overlay-type":"","overlay-color":"","overlay-opacity":"","overlay-gradient":""}}},"product_brand":[],"product_cat":[130,62,55,28],"product_tag":[],"class_list":{"0":"post-5923","1":"product","2":"type-product","3":"status-publish","4":"has-post-thumbnail","6":"product_cat-alle-produkten","7":"product_cat-alle-producten","8":"product_cat-aanvullende-diervoeders","9":"product_cat-kalvervoeding","10":"desktop-align-center","11":"tablet-align-left","12":"mobile-align-left","13":"ast-product-gallery-layout-horizontal","14":"ast-product-gallery-with-no-image","15":"ast-product-tabs-layout-horizontal","17":"first","18":"instock","19":"taxable","20":"shipping-taxable","21":"purchasable","22":"product-type-simple"},"_links":{"self":[{"href":"https:\/\/dairytop.eu\/de\/wp-json\/wp\/v2\/product\/5923","targetHints":{"allow":["GET"]}}],"collection":[{"href":"https:\/\/dairytop.eu\/de\/wp-json\/wp\/v2\/product"}],"about":[{"href":"https:\/\/dairytop.eu\/de\/wp-json\/wp\/v2\/types\/product"}],"version-history":[{"count":1,"href":"https:\/\/dairytop.eu\/de\/wp-json\/wp\/v2\/product\/5923\/revisions"}],"predecessor-version":[{"id":8968,"href":"https:\/\/dairytop.eu\/de\/wp-json\/wp\/v2\/product\/5923\/revisions\/8968"}],"wp:featuredmedia":[{"embeddable":true,"href":"https:\/\/dairytop.eu\/de\/wp-json\/wp\/v2\/media\/5925"}],"wp:attachment":[{"href":"https:\/\/dairytop.eu\/de\/wp-json\/wp\/v2\/media?parent=5923"}],"wp:term":[{"taxonomy":"product_brand","embeddable":true,"href":"https:\/\/dairytop.eu\/de\/wp-json\/wp\/v2\/product_brand?post=5923"},{"taxonomy":"product_cat","embeddable":true,"href":"https:\/\/dairytop.eu\/de\/wp-json\/wp\/v2\/product_cat?post=5923"},{"taxonomy":"product_tag","embeddable":true,"href":"https:\/\/dairytop.eu\/de\/wp-json\/wp\/v2\/product_tag?post=5923"}],"curies":[{"name":"wp","href":"https:\/\/api.w.org\/{rel}","templated":true}]}}