{"id":5932,"date":"2026-02-11T15:14:15","date_gmt":"2026-02-11T14:14:15","guid":{"rendered":"https:\/\/new.dairytop.eu\/product\/farm-o-san-rediar-35-kg\/"},"modified":"2026-04-08T14:01:04","modified_gmt":"2026-04-08T12:01:04","slug":"farm-o-san-rediar-35-kg","status":"publish","type":"product","link":"https:\/\/dairytop.eu\/de\/product\/farm-o-san-rediar-35-kg\/","title":{"rendered":"Farm-O-San Rediar 3,5 kg"},"content":{"rendered":"","protected":false},"excerpt":{"rendered":"<p>Farm-O-San Rediar ist ein Di\u00e4tfuttermittel, das den Wasser- und Elektrolythaushalt stabilisiert, um die physiologische Verdauung bei Durchfall zu unterst\u00fctzen. Es ist sehr schmackhaft und wirkt schnell dank der hervorragenden Gelbildung im Darm. <\/p>\n<p>&nbsp;<\/p>\n<p>Anwendung:<\/p>\n<p>Geben Sie bei den ersten Anzeichen von Durchfall Milch (oder Milchaustauscher), angereichert mit 25 Gramm Farm-O-San Rediar pro Liter Milch(austauscher). Verabreichen Sie dies maximal drei Tage lang. Bei schwerem Durchfall bereiten Sie eine L\u00f6sung von 50 Gramm Farm-O-San Rediar-Pulver pro Liter Wasser (40 \u00b0C) zu. Geben Sie maximal zwei Tage lang keine Milch (oder Milchaustauscher), sondern stattdessen zwei- bis dreimal t\u00e4glich 2\u20133 Liter der Rediar-L\u00f6sung. Stellen Sie danach schrittweise wieder auf Milch um, indem Sie 25 Gramm Farm-O-San Rediar pro Liter Milch hinzuf\u00fcgen. Wenn Sie Farm-O-San Rediar der Milch (oder dem Milchaustauscher) hinzuf\u00fcgen, m\u00fcssen die K\u00e4lber jederzeit Zugang zu Trinkwasser haben.     <\/p>\n<table>\n<tbody>\n<tr>\n<td width=\"302\">Inhalt<\/td>\n<td width=\"302\">3,5 kg pro Eimer<\/td>\n<\/tr>\n<\/tbody>\n<\/table>\n","protected":false},"featured_media":5935,"template":"","meta":{"site-sidebar-layout":"default","site-content-layout":"","ast-site-content-layout":"default","site-content-style":"default","site-sidebar-style":"default","ast-global-header-display":"","ast-banner-title-visibility":"","ast-main-header-display":"","ast-hfb-above-header-display":"","ast-hfb-below-header-display":"","ast-hfb-mobile-header-display":"","site-post-title":"","ast-breadcrumbs-content":"","ast-featured-img":"","footer-sml-layout":"","ast-disable-related-posts":"","theme-transparent-header-meta":"default","adv-header-id-meta":"","stick-header-meta":"default","header-above-stick-meta":"","header-main-stick-meta":"","header-below-stick-meta":"","astra-migrate-meta-layouts":"default","ast-page-background-enabled":"default","ast-page-background-meta":{"desktop":{"background-color":"var(--ast-global-color-4)","background-image":"","background-repeat":"repeat","background-position":"center center","background-size":"auto","background-attachment":"scroll","background-type":"","background-media":"","overlay-type":"","overlay-color":"","overlay-opacity":"","overlay-gradient":""},"tablet":{"background-color":"","background-image":"","background-repeat":"repeat","background-position":"center center","background-size":"auto","background-attachment":"scroll","background-type":"","background-media":"","overlay-type":"","overlay-color":"","overlay-opacity":"","overlay-gradient":""},"mobile":{"background-color":"","background-image":"","background-repeat":"repeat","background-position":"center center","background-size":"auto","background-attachment":"scroll","background-type":"","background-media":"","overlay-type":"","overlay-color":"","overlay-opacity":"","overlay-gradient":""}},"ast-content-background-meta":{"desktop":{"background-color":"var(--ast-global-color-5)","background-image":"","background-repeat":"repeat","background-position":"center center","background-size":"auto","background-attachment":"scroll","background-type":"","background-media":"","overlay-type":"","overlay-color":"","overlay-opacity":"","overlay-gradient":""},"tablet":{"background-color":"var(--ast-global-color-5)","background-image":"","background-repeat":"repeat","background-position":"center center","background-size":"auto","background-attachment":"scroll","background-type":"","background-media":"","overlay-type":"","overlay-color":"","overlay-opacity":"","overlay-gradient":""},"mobile":{"background-color":"var(--ast-global-color-5)","background-image":"","background-repeat":"repeat","background-position":"center center","background-size":"auto","background-attachment":"scroll","background-type":"","background-media":"","overlay-type":"","overlay-color":"","overlay-opacity":"","overlay-gradient":""}}},"product_brand":[],"product_cat":[62,55,28],"product_tag":[],"class_list":{"0":"post-5932","1":"product","2":"type-product","3":"status-publish","4":"has-post-thumbnail","6":"product_cat-alle-producten","7":"product_cat-aanvullende-diervoeders","8":"product_cat-kalvervoeding","9":"desktop-align-center","10":"tablet-align-left","11":"mobile-align-left","12":"ast-product-gallery-layout-horizontal","13":"ast-product-gallery-with-no-image","14":"ast-product-tabs-layout-horizontal","16":"first","17":"instock","18":"taxable","19":"shipping-taxable","20":"purchasable","21":"product-type-simple"},"_links":{"self":[{"href":"https:\/\/dairytop.eu\/de\/wp-json\/wp\/v2\/product\/5932","targetHints":{"allow":["GET"]}}],"collection":[{"href":"https:\/\/dairytop.eu\/de\/wp-json\/wp\/v2\/product"}],"about":[{"href":"https:\/\/dairytop.eu\/de\/wp-json\/wp\/v2\/types\/product"}],"version-history":[{"count":1,"href":"https:\/\/dairytop.eu\/de\/wp-json\/wp\/v2\/product\/5932\/revisions"}],"predecessor-version":[{"id":8979,"href":"https:\/\/dairytop.eu\/de\/wp-json\/wp\/v2\/product\/5932\/revisions\/8979"}],"wp:featuredmedia":[{"embeddable":true,"href":"https:\/\/dairytop.eu\/de\/wp-json\/wp\/v2\/media\/5935"}],"wp:attachment":[{"href":"https:\/\/dairytop.eu\/de\/wp-json\/wp\/v2\/media?parent=5932"}],"wp:term":[{"taxonomy":"product_brand","embeddable":true,"href":"https:\/\/dairytop.eu\/de\/wp-json\/wp\/v2\/product_brand?post=5932"},{"taxonomy":"product_cat","embeddable":true,"href":"https:\/\/dairytop.eu\/de\/wp-json\/wp\/v2\/product_cat?post=5932"},{"taxonomy":"product_tag","embeddable":true,"href":"https:\/\/dairytop.eu\/de\/wp-json\/wp\/v2\/product_tag?post=5932"}],"curies":[{"name":"wp","href":"https:\/\/api.w.org\/{rel}","templated":true}]}}