{"id":5936,"date":"2026-02-11T15:14:15","date_gmt":"2026-02-11T14:14:15","guid":{"rendered":"https:\/\/new.dairytop.eu\/product\/farm-o-san-powerfit-35-kg\/"},"modified":"2026-03-19T07:40:02","modified_gmt":"2026-03-19T06:40:02","slug":"farm-o-san-powerfit-35-kg","status":"publish","type":"product","link":"https:\/\/dairytop.eu\/de\/product\/farm-o-san-powerfit-35-kg\/","title":{"rendered":"Farm-O-San Powerfit 3,5 kg"},"content":{"rendered":"","protected":false},"excerpt":{"rendered":"<p class=\"01BodyText\">Farm-O-San PowerFit ist eine Elektrolytmischung, die K\u00e4lbern zwischen den Mahlzeiten bei Anzeichen von Dehydrierung oder in erwarteten Stresssituationen angeboten werden kann. Dies gilt beispielsweise f\u00fcr Transporte oder Zeitr\u00e4ume mit hohen Umgebungstemperaturen. Neben Elektrolyten enth\u00e4lt es auch Dextrose als Energiequelle.  <\/p>\n<p><strong>Anwendung:<\/strong><\/p>\n<p>Mischen Sie 50 g Farm-O-San PowerFit in 1 Liter Wasser (mindestens 40 \u00b0C). Bei einigen F\u00fctterungen ad libitum verabreichen. <\/p>\n<table>\n<tbody>\n<tr>\n<td width=\"302\">Inhalt<\/td>\n<td width=\"302\">3,5 kg pro Eimer<\/td>\n<\/tr>\n<\/tbody>\n<\/table>\n","protected":false},"featured_media":5939,"template":"","meta":{"site-sidebar-layout":"default","site-content-layout":"","ast-site-content-layout":"default","site-content-style":"default","site-sidebar-style":"default","ast-global-header-display":"","ast-banner-title-visibility":"","ast-main-header-display":"","ast-hfb-above-header-display":"","ast-hfb-below-header-display":"","ast-hfb-mobile-header-display":"","site-post-title":"","ast-breadcrumbs-content":"","ast-featured-img":"","footer-sml-layout":"","ast-disable-related-posts":"","theme-transparent-header-meta":"","adv-header-id-meta":"","stick-header-meta":"","header-above-stick-meta":"","header-main-stick-meta":"","header-below-stick-meta":"","astra-migrate-meta-layouts":"default","ast-page-background-enabled":"default","ast-page-background-meta":{"desktop":{"background-color":"var(--ast-global-color-4)","background-image":"","background-repeat":"repeat","background-position":"center center","background-size":"auto","background-attachment":"scroll","background-type":"","background-media":"","overlay-type":"","overlay-color":"","overlay-opacity":"","overlay-gradient":""},"tablet":{"background-color":"","background-image":"","background-repeat":"repeat","background-position":"center center","background-size":"auto","background-attachment":"scroll","background-type":"","background-media":"","overlay-type":"","overlay-color":"","overlay-opacity":"","overlay-gradient":""},"mobile":{"background-color":"","background-image":"","background-repeat":"repeat","background-position":"center center","background-size":"auto","background-attachment":"scroll","background-type":"","background-media":"","overlay-type":"","overlay-color":"","overlay-opacity":"","overlay-gradient":""}},"ast-content-background-meta":{"desktop":{"background-color":"var(--ast-global-color-5)","background-image":"","background-repeat":"repeat","background-position":"center center","background-size":"auto","background-attachment":"scroll","background-type":"","background-media":"","overlay-type":"","overlay-color":"","overlay-opacity":"","overlay-gradient":""},"tablet":{"background-color":"var(--ast-global-color-5)","background-image":"","background-repeat":"repeat","background-position":"center center","background-size":"auto","background-attachment":"scroll","background-type":"","background-media":"","overlay-type":"","overlay-color":"","overlay-opacity":"","overlay-gradient":""},"mobile":{"background-color":"var(--ast-global-color-5)","background-image":"","background-repeat":"repeat","background-position":"center center","background-size":"auto","background-attachment":"scroll","background-type":"","background-media":"","overlay-type":"","overlay-color":"","overlay-opacity":"","overlay-gradient":""}}},"product_brand":[],"product_cat":[256,227,204],"product_tag":[],"class_list":{"0":"post-5936","1":"product","2":"type-product","3":"status-publish","4":"has-post-thumbnail","6":"product_cat-alle-produkten-3","7":"product_cat-erganzungsfuttermittel","8":"product_cat-kalberfutterung","9":"desktop-align-center","10":"tablet-align-left","11":"mobile-align-left","12":"ast-product-gallery-layout-horizontal","13":"ast-product-gallery-with-no-image","14":"ast-product-tabs-layout-horizontal","16":"first","17":"instock","18":"taxable","19":"shipping-taxable","20":"purchasable","21":"product-type-simple"},"_links":{"self":[{"href":"https:\/\/dairytop.eu\/de\/wp-json\/wp\/v2\/product\/5936","targetHints":{"allow":["GET"]}}],"collection":[{"href":"https:\/\/dairytop.eu\/de\/wp-json\/wp\/v2\/product"}],"about":[{"href":"https:\/\/dairytop.eu\/de\/wp-json\/wp\/v2\/types\/product"}],"version-history":[{"count":1,"href":"https:\/\/dairytop.eu\/de\/wp-json\/wp\/v2\/product\/5936\/revisions"}],"predecessor-version":[{"id":8982,"href":"https:\/\/dairytop.eu\/de\/wp-json\/wp\/v2\/product\/5936\/revisions\/8982"}],"wp:featuredmedia":[{"embeddable":true,"href":"https:\/\/dairytop.eu\/de\/wp-json\/wp\/v2\/media\/5939"}],"wp:attachment":[{"href":"https:\/\/dairytop.eu\/de\/wp-json\/wp\/v2\/media?parent=5936"}],"wp:term":[{"taxonomy":"product_brand","embeddable":true,"href":"https:\/\/dairytop.eu\/de\/wp-json\/wp\/v2\/product_brand?post=5936"},{"taxonomy":"product_cat","embeddable":true,"href":"https:\/\/dairytop.eu\/de\/wp-json\/wp\/v2\/product_cat?post=5936"},{"taxonomy":"product_tag","embeddable":true,"href":"https:\/\/dairytop.eu\/de\/wp-json\/wp\/v2\/product_tag?post=5936"}],"curies":[{"name":"wp","href":"https:\/\/api.w.org\/{rel}","templated":true}]}}