{"id":6002,"date":"2026-02-11T15:21:10","date_gmt":"2026-02-11T14:21:10","guid":{"rendered":"https:\/\/new.dairytop.eu\/product\/combifeeder-calfotel\/"},"modified":"2026-04-07T16:05:11","modified_gmt":"2026-04-07T14:05:11","slug":"combifeeder-calfotel","status":"publish","type":"product","link":"https:\/\/dairytop.eu\/de\/product\/combifeeder-calfotel\/","title":{"rendered":"Combifeeder CalfOTel"},"content":{"rendered":"","protected":false},"excerpt":{"rendered":"<p>Mit diesem praktischen und arbeitssparenden CombiFeeder k\u00f6nnen Sie Kraftfutter und Heu gemeinsam in einer kombinierten Einheit anbieten. Unten befindet sich der Beh\u00e4lter f\u00fcr das Kraftfutter; oben ist die Heuraufe platziert. Der CombiFeeder wird an der Vorderseite oder Seite der Umz\u00e4unung der K\u00e4lberh\u00fctte befestigt. Dank der einzigartigen Gestaltung werden sowohl Heu als auch Kraftfutter vor Regen gesch\u00fctzt. Jetzt noch einfacher in der Handhabung durch die herausnehmbare Futterschale, den kleineren Deckel und die praktische Einf\u00fcll\u00f6ffnung. Mit diesem F\u00fctterungssystem haben K\u00e4lber, auch bei Au\u00dfenhaltung, immer Zugang zu trockenem Futter. Ein gutes Beispiel f\u00fcr die Benutzerfreundlichkeit und die solide Qualit\u00e4t, die Sie von CalfOTel\u00ae erwarten d\u00fcrfen. Geeignet f\u00fcr CalfOTel Small und Comfort.       <\/p>\n","protected":false},"featured_media":6004,"template":"","meta":{"site-sidebar-layout":"default","site-content-layout":"","ast-site-content-layout":"default","site-content-style":"default","site-sidebar-style":"default","ast-global-header-display":"","ast-banner-title-visibility":"","ast-main-header-display":"","ast-hfb-above-header-display":"","ast-hfb-below-header-display":"","ast-hfb-mobile-header-display":"","site-post-title":"","ast-breadcrumbs-content":"","ast-featured-img":"","footer-sml-layout":"","ast-disable-related-posts":"","theme-transparent-header-meta":"","adv-header-id-meta":"","stick-header-meta":"","header-above-stick-meta":"","header-main-stick-meta":"","header-below-stick-meta":"","astra-migrate-meta-layouts":"default","ast-page-background-enabled":"default","ast-page-background-meta":{"desktop":{"background-color":"var(--ast-global-color-4)","background-image":"","background-repeat":"repeat","background-position":"center center","background-size":"auto","background-attachment":"scroll","background-type":"","background-media":"","overlay-type":"","overlay-color":"","overlay-opacity":"","overlay-gradient":""},"tablet":{"background-color":"","background-image":"","background-repeat":"repeat","background-position":"center center","background-size":"auto","background-attachment":"scroll","background-type":"","background-media":"","overlay-type":"","overlay-color":"","overlay-opacity":"","overlay-gradient":""},"mobile":{"background-color":"","background-image":"","background-repeat":"repeat","background-position":"center center","background-size":"auto","background-attachment":"scroll","background-type":"","background-media":"","overlay-type":"","overlay-color":"","overlay-opacity":"","overlay-gradient":""}},"ast-content-background-meta":{"desktop":{"background-color":"var(--ast-global-color-5)","background-image":"","background-repeat":"repeat","background-position":"center center","background-size":"auto","background-attachment":"scroll","background-type":"","background-media":"","overlay-type":"","overlay-color":"","overlay-opacity":"","overlay-gradient":""},"tablet":{"background-color":"var(--ast-global-color-5)","background-image":"","background-repeat":"repeat","background-position":"center center","background-size":"auto","background-attachment":"scroll","background-type":"","background-media":"","overlay-type":"","overlay-color":"","overlay-opacity":"","overlay-gradient":""},"mobile":{"background-color":"var(--ast-global-color-5)","background-image":"","background-repeat":"repeat","background-position":"center center","background-size":"auto","background-attachment":"scroll","background-type":"","background-media":"","overlay-type":"","overlay-color":"","overlay-opacity":"","overlay-gradient":""}}},"product_brand":[],"product_cat":[256,181,182,238,251,202],"product_tag":[],"class_list":{"0":"post-6002","1":"product","2":"type-product","3":"status-publish","4":"has-post-thumbnail","6":"product_cat-alle-produkten-3","7":"product_cat-futtertroge","8":"product_cat-heuraufen","9":"product_cat-komfort","10":"product_cat-small","11":"product_cat-zubehor","12":"desktop-align-center","13":"tablet-align-left","14":"mobile-align-left","15":"ast-product-gallery-layout-horizontal","16":"ast-product-gallery-with-no-image","17":"ast-product-tabs-layout-horizontal","19":"first","20":"instock","21":"taxable","22":"shipping-taxable","23":"purchasable","24":"product-type-simple"},"_links":{"self":[{"href":"https:\/\/dairytop.eu\/de\/wp-json\/wp\/v2\/product\/6002","targetHints":{"allow":["GET"]}}],"collection":[{"href":"https:\/\/dairytop.eu\/de\/wp-json\/wp\/v2\/product"}],"about":[{"href":"https:\/\/dairytop.eu\/de\/wp-json\/wp\/v2\/types\/product"}],"version-history":[{"count":1,"href":"https:\/\/dairytop.eu\/de\/wp-json\/wp\/v2\/product\/6002\/revisions"}],"predecessor-version":[{"id":8587,"href":"https:\/\/dairytop.eu\/de\/wp-json\/wp\/v2\/product\/6002\/revisions\/8587"}],"wp:featuredmedia":[{"embeddable":true,"href":"https:\/\/dairytop.eu\/de\/wp-json\/wp\/v2\/media\/6004"}],"wp:attachment":[{"href":"https:\/\/dairytop.eu\/de\/wp-json\/wp\/v2\/media?parent=6002"}],"wp:term":[{"taxonomy":"product_brand","embeddable":true,"href":"https:\/\/dairytop.eu\/de\/wp-json\/wp\/v2\/product_brand?post=6002"},{"taxonomy":"product_cat","embeddable":true,"href":"https:\/\/dairytop.eu\/de\/wp-json\/wp\/v2\/product_cat?post=6002"},{"taxonomy":"product_tag","embeddable":true,"href":"https:\/\/dairytop.eu\/de\/wp-json\/wp\/v2\/product_tag?post=6002"}],"curies":[{"name":"wp","href":"https:\/\/api.w.org\/{rel}","templated":true}]}}