{"id":6015,"date":"2026-02-11T15:14:18","date_gmt":"2026-02-11T14:14:18","guid":{"rendered":"https:\/\/new.dairytop.eu\/product\/farm-o-san-colostrum-kalb-15-kg\/"},"modified":"2026-03-18T10:04:25","modified_gmt":"2026-03-18T09:04:25","slug":"farm-o-san-colostrum-kalb-15-kg","status":"publish","type":"product","link":"https:\/\/dairytop.eu\/de\/product\/farm-o-san-colostrum-kalb-15-kg\/","title":{"rendered":"Farm-O-San Colostrum Kalb 1,5 kg"},"content":{"rendered":"","protected":false},"excerpt":{"rendered":"<p class=\"01BodyText\">Farm-O-San Colostrum ist ein 100 % reiner Biestmilchersatz und\/oder Biestmilchverst\u00e4rker f\u00fcr K\u00e4lber. Dieses Produkt kann verwendet werden, wenn das Muttertier keine hochwertige Biestmilch hat oder um die Qualit\u00e4t der Biestmilch zu erh\u00f6hen, wenn diese zu wenige Antik\u00f6rper enth\u00e4lt. Farm-O-San Colostrum ist ein getrocknetes Biestmilchpulver mit garantierten 20 % Immunglobulinen.  <\/p>\n<p>&nbsp;<\/p>\n<p>Anwendung:<\/p>\n<p>Als Biestmilchverst\u00e4rker: F\u00fcgen Sie Farm-O-San Colostrum der Biestmilch des Muttertiers hinzu, abh\u00e4ngig von der Menge an Antik\u00f6rpern in der Biestmilch (siehe Brix-Tabelle). Als Biestmilchersatz f\u00fcr K\u00e4lber, wenn keine Biestmilch verf\u00fcgbar ist: Geben Sie 2 x 500 g Farm-O-San Colostrum pro Kalb. Direkt nach der Geburt verabreichen.  <\/p>\n","protected":false},"featured_media":6017,"template":"","meta":{"site-sidebar-layout":"default","site-content-layout":"","ast-site-content-layout":"default","site-content-style":"default","site-sidebar-style":"default","ast-global-header-display":"","ast-banner-title-visibility":"","ast-main-header-display":"","ast-hfb-above-header-display":"","ast-hfb-below-header-display":"","ast-hfb-mobile-header-display":"","site-post-title":"","ast-breadcrumbs-content":"","ast-featured-img":"","footer-sml-layout":"","ast-disable-related-posts":"","theme-transparent-header-meta":"","adv-header-id-meta":"","stick-header-meta":"","header-above-stick-meta":"","header-main-stick-meta":"","header-below-stick-meta":"","astra-migrate-meta-layouts":"default","ast-page-background-enabled":"default","ast-page-background-meta":{"desktop":{"background-color":"var(--ast-global-color-4)","background-image":"","background-repeat":"repeat","background-position":"center center","background-size":"auto","background-attachment":"scroll","background-type":"","background-media":"","overlay-type":"","overlay-color":"","overlay-opacity":"","overlay-gradient":""},"tablet":{"background-color":"","background-image":"","background-repeat":"repeat","background-position":"center center","background-size":"auto","background-attachment":"scroll","background-type":"","background-media":"","overlay-type":"","overlay-color":"","overlay-opacity":"","overlay-gradient":""},"mobile":{"background-color":"","background-image":"","background-repeat":"repeat","background-position":"center center","background-size":"auto","background-attachment":"scroll","background-type":"","background-media":"","overlay-type":"","overlay-color":"","overlay-opacity":"","overlay-gradient":""}},"ast-content-background-meta":{"desktop":{"background-color":"var(--ast-global-color-5)","background-image":"","background-repeat":"repeat","background-position":"center center","background-size":"auto","background-attachment":"scroll","background-type":"","background-media":"","overlay-type":"","overlay-color":"","overlay-opacity":"","overlay-gradient":""},"tablet":{"background-color":"var(--ast-global-color-5)","background-image":"","background-repeat":"repeat","background-position":"center center","background-size":"auto","background-attachment":"scroll","background-type":"","background-media":"","overlay-type":"","overlay-color":"","overlay-opacity":"","overlay-gradient":""},"mobile":{"background-color":"var(--ast-global-color-5)","background-image":"","background-repeat":"repeat","background-position":"center center","background-size":"auto","background-attachment":"scroll","background-type":"","background-media":"","overlay-type":"","overlay-color":"","overlay-opacity":"","overlay-gradient":""}}},"product_brand":[],"product_cat":[130,256,227,204],"product_tag":[],"class_list":{"0":"post-6015","1":"product","2":"type-product","3":"status-publish","4":"has-post-thumbnail","6":"product_cat-alle-produkten","7":"product_cat-alle-produkten-3","8":"product_cat-erganzungsfuttermittel","9":"product_cat-kalberfutterung","10":"desktop-align-center","11":"tablet-align-left","12":"mobile-align-left","13":"ast-product-gallery-layout-horizontal","14":"ast-product-gallery-with-no-image","15":"ast-product-tabs-layout-horizontal","17":"first","18":"instock","19":"taxable","20":"shipping-taxable","21":"purchasable","22":"product-type-simple"},"_links":{"self":[{"href":"https:\/\/dairytop.eu\/de\/wp-json\/wp\/v2\/product\/6015","targetHints":{"allow":["GET"]}}],"collection":[{"href":"https:\/\/dairytop.eu\/de\/wp-json\/wp\/v2\/product"}],"about":[{"href":"https:\/\/dairytop.eu\/de\/wp-json\/wp\/v2\/types\/product"}],"version-history":[{"count":1,"href":"https:\/\/dairytop.eu\/de\/wp-json\/wp\/v2\/product\/6015\/revisions"}],"predecessor-version":[{"id":8960,"href":"https:\/\/dairytop.eu\/de\/wp-json\/wp\/v2\/product\/6015\/revisions\/8960"}],"wp:featuredmedia":[{"embeddable":true,"href":"https:\/\/dairytop.eu\/de\/wp-json\/wp\/v2\/media\/6017"}],"wp:attachment":[{"href":"https:\/\/dairytop.eu\/de\/wp-json\/wp\/v2\/media?parent=6015"}],"wp:term":[{"taxonomy":"product_brand","embeddable":true,"href":"https:\/\/dairytop.eu\/de\/wp-json\/wp\/v2\/product_brand?post=6015"},{"taxonomy":"product_cat","embeddable":true,"href":"https:\/\/dairytop.eu\/de\/wp-json\/wp\/v2\/product_cat?post=6015"},{"taxonomy":"product_tag","embeddable":true,"href":"https:\/\/dairytop.eu\/de\/wp-json\/wp\/v2\/product_tag?post=6015"}],"curies":[{"name":"wp","href":"https:\/\/api.w.org\/{rel}","templated":true}]}}