{"id":6083,"date":"2026-02-11T16:21:31","date_gmt":"2026-02-11T15:21:31","guid":{"rendered":"https:\/\/new.dairytop.eu\/product\/pro-elite-30\/"},"modified":"2026-03-18T15:54:36","modified_gmt":"2026-03-18T14:54:36","slug":"pro-elite-30","status":"publish","type":"product","link":"https:\/\/dairytop.eu\/de\/product\/pro-elite-30\/","title":{"rendered":"Pro Elite 30"},"content":{"rendered":"<p><strong>PRODUKTEIGENSCHAFTEN<\/strong><\/p>\n<ul>\n<li>  30 % Magermilchpulver<\/li>\n<li>Beste am Markt verf\u00fcgbare Rohstoffe<\/li>\n<li>Optimale Fettzusammensetzung durch Zusatz von hochwertigem Lein\u00f6l<\/li>\n<li>Hoher Anteil an Probiotika zur zus\u00e4tzlichen Unterst\u00fctzung der Darmgesundheit<\/li>\n<li>Gute L\u00f6slichkeit und Verdaubarkeit<\/li>\n<li>Geeignet f\u00fcr die Vorratsf\u00fctterung<\/li>\n<\/ul>\n","protected":false},"excerpt":{"rendered":"<p><strong>Pro Elite 30 ist ein hervorragendes Produkt, basierend auf 30 % hochwertigem Magermilchpulver und fermentiertem Molkenpulver mit dem richtigen Preis-Leistungs-Verh\u00e4ltnis.<\/strong><\/p>\n<p>Pro Elite 30 enth\u00e4lt 30 % des besten am Markt verf\u00fcgbaren Magermilchpulvers. Die sorgf\u00e4ltig ausgew\u00e4hlten Rohstoffe bieten eine schmackhafte und sehr gut verdauliche Milch. Durch den Zusatz von Lein\u00f6l erh\u00e4lt man eine einzigartige Fettzusammensetzung, die f\u00fcr ein gl\u00e4nzendes Fell und eine gute Darmgesundheit sorgt. Der hohe Anteil an Probiotika unterst\u00fctzt eine gesunde Darmflora und erh\u00f6ht die Widerstandskraft gegen Krankheitskeime.<br \/>\nPE30 ist zudem hervorragend f\u00fcr die Automatenf\u00fctterung geeignet.   <\/p>\n<table>\n<tbody>\n<tr>\n<td><strong>Gewicht<\/strong><\/td>\n<td>25 kg pro Sack<\/td>\n<\/tr>\n<tr>\n<td><strong>Rohprotein<\/strong><\/td>\n<td>22,5 %<\/td>\n<\/tr>\n<tr>\n<td><strong>Rohfett<\/strong><\/td>\n<td>18,0 %<\/td>\n<\/tr>\n<tr>\n<td><strong>Rohfaser<\/strong><\/td>\n<td>0,04 %<\/td>\n<\/tr>\n<tr>\n<td><strong>Rohasche<\/strong><\/td>\n<td>7,5 %<\/td>\n<\/tr>\n<tr>\n<td><strong>Lysin<\/strong><\/td>\n<td>1,75 %<\/td>\n<\/tr>\n<tr>\n<td><strong>Calcium<\/strong><\/td>\n<td>0,7 %<\/td>\n<\/tr>\n<tr>\n<td><strong>Phosphor<\/strong><\/td>\n<td>0,8 %<\/td>\n<\/tr>\n<tr>\n<td><strong>Natrium<\/strong><\/td>\n<td>0,5 %<\/td>\n<\/tr>\n<tr>\n<td><strong>Magermilchpulver<\/strong><\/td>\n<td>30,0 %<\/td>\n<\/tr>\n<tr>\n<td><strong>Energie<\/strong><\/td>\n<td>18,0 MJ\/kg<\/td>\n<\/tr>\n<tr>\n<td><strong>pH-Wert<\/strong><\/td>\n<td>5,8\u20136,2<\/td>\n<\/tr>\n<\/tbody>\n<\/table>\n","protected":false},"featured_media":5858,"template":"","meta":{"site-sidebar-layout":"default","site-content-layout":"","ast-site-content-layout":"default","site-content-style":"default","site-sidebar-style":"default","ast-global-header-display":"","ast-banner-title-visibility":"","ast-main-header-display":"","ast-hfb-above-header-display":"","ast-hfb-below-header-display":"","ast-hfb-mobile-header-display":"","site-post-title":"","ast-breadcrumbs-content":"","ast-featured-img":"","footer-sml-layout":"","ast-disable-related-posts":"","theme-transparent-header-meta":"","adv-header-id-meta":"","stick-header-meta":"","header-above-stick-meta":"","header-main-stick-meta":"","header-below-stick-meta":"","astra-migrate-meta-layouts":"default","ast-page-background-enabled":"default","ast-page-background-meta":{"desktop":{"background-color":"var(--ast-global-color-4)","background-image":"","background-repeat":"repeat","background-position":"center center","background-size":"auto","background-attachment":"scroll","background-type":"","background-media":"","overlay-type":"","overlay-color":"","overlay-opacity":"","overlay-gradient":""},"tablet":{"background-color":"","background-image":"","background-repeat":"repeat","background-position":"center center","background-size":"auto","background-attachment":"scroll","background-type":"","background-media":"","overlay-type":"","overlay-color":"","overlay-opacity":"","overlay-gradient":""},"mobile":{"background-color":"","background-image":"","background-repeat":"repeat","background-position":"center center","background-size":"auto","background-attachment":"scroll","background-type":"","background-media":"","overlay-type":"","overlay-color":"","overlay-opacity":"","overlay-gradient":""}},"ast-content-background-meta":{"desktop":{"background-color":"var(--ast-global-color-5)","background-image":"","background-repeat":"repeat","background-position":"center center","background-size":"auto","background-attachment":"scroll","background-type":"","background-media":"","overlay-type":"","overlay-color":"","overlay-opacity":"","overlay-gradient":""},"tablet":{"background-color":"var(--ast-global-color-5)","background-image":"","background-repeat":"repeat","background-position":"center center","background-size":"auto","background-attachment":"scroll","background-type":"","background-media":"","overlay-type":"","overlay-color":"","overlay-opacity":"","overlay-gradient":""},"mobile":{"background-color":"var(--ast-global-color-5)","background-image":"","background-repeat":"repeat","background-position":"center center","background-size":"auto","background-attachment":"scroll","background-type":"","background-media":"","overlay-type":"","overlay-color":"","overlay-opacity":"","overlay-gradient":""}}},"product_brand":[],"product_cat":[62,28,95],"product_tag":[],"class_list":{"0":"post-6083","1":"product","2":"type-product","3":"status-publish","4":"has-post-thumbnail","6":"product_cat-alle-producten","7":"product_cat-kalvervoeding","8":"product_cat-melkpoeders","9":"desktop-align-center","10":"tablet-align-left","11":"mobile-align-left","12":"ast-product-gallery-layout-horizontal","13":"ast-product-tabs-layout-horizontal","15":"first","16":"instock","17":"taxable","18":"shipping-taxable","19":"product-type-simple"},"_links":{"self":[{"href":"https:\/\/dairytop.eu\/de\/wp-json\/wp\/v2\/product\/6083","targetHints":{"allow":["GET"]}}],"collection":[{"href":"https:\/\/dairytop.eu\/de\/wp-json\/wp\/v2\/product"}],"about":[{"href":"https:\/\/dairytop.eu\/de\/wp-json\/wp\/v2\/types\/product"}],"version-history":[{"count":1,"href":"https:\/\/dairytop.eu\/de\/wp-json\/wp\/v2\/product\/6083\/revisions"}],"predecessor-version":[{"id":7805,"href":"https:\/\/dairytop.eu\/de\/wp-json\/wp\/v2\/product\/6083\/revisions\/7805"}],"wp:featuredmedia":[{"embeddable":true,"href":"https:\/\/dairytop.eu\/de\/wp-json\/wp\/v2\/media\/5858"}],"wp:attachment":[{"href":"https:\/\/dairytop.eu\/de\/wp-json\/wp\/v2\/media?parent=6083"}],"wp:term":[{"taxonomy":"product_brand","embeddable":true,"href":"https:\/\/dairytop.eu\/de\/wp-json\/wp\/v2\/product_brand?post=6083"},{"taxonomy":"product_cat","embeddable":true,"href":"https:\/\/dairytop.eu\/de\/wp-json\/wp\/v2\/product_cat?post=6083"},{"taxonomy":"product_tag","embeddable":true,"href":"https:\/\/dairytop.eu\/de\/wp-json\/wp\/v2\/product_tag?post=6083"}],"curies":[{"name":"wp","href":"https:\/\/api.w.org\/{rel}","templated":true}]}}