{"id":6087,"date":"2026-02-11T16:21:32","date_gmt":"2026-02-11T15:21:32","guid":{"rendered":"https:\/\/new.dairytop.eu\/product\/premium\/"},"modified":"2026-03-20T22:24:49","modified_gmt":"2026-03-20T21:24:49","slug":"premium","status":"publish","type":"product","link":"https:\/\/dairytop.eu\/de\/product\/premium\/","title":{"rendered":"Premium"},"content":{"rendered":"","protected":false},"excerpt":{"rendered":"<p><strong>DairyTop Premium<\/strong> ist unser hochwertigstes Molkenmilchpulver. Es handelt sich um ein anges\u00e4uertes Produkt. Dank des sehr hohen Kokos\u00f6lanteils ist Premium ab 20 \u00b0C l\u00f6slich und leicht verdaulich. Die hochwertigen organischen S\u00e4uren in Kombination mit sorgf\u00e4ltig ausgew\u00e4hlten Milchprodukten machen Premium zu einer besonders schmackhaften und leicht verdaulichen S\u00e4uglingsnahrung. Es bleibt bis zu 20 Stunden in L\u00f6sung stabil und eignet sich daher ideal f\u00fcr die F\u00fctterung gr\u00f6\u00dferer Mengen. Premium ist auch ideal f\u00fcr die Verwendung in automatischen F\u00fctterungsautomaten.     <\/p>\n<table id=\"product-attribute-specs-table\" class=\"data-table\">\n<tbody>\n<tr class=\"first odd\">\n<th class=\"label\">Gewicht<\/th>\n<td class=\"data last\">25 kg<\/td>\n<\/tr>\n<tr class=\"even\">\n<th class=\"label\">Rohprotein<\/th>\n<td class=\"data last\">21,0 %<\/td>\n<\/tr>\n<tr class=\"odd\">\n<th class=\"label\">Rohfett<\/th>\n<td class=\"data last\">17,0 %<\/td>\n<\/tr>\n<tr class=\"even\">\n<th class=\"label\">Rohfaser<\/th>\n<td class=\"data last\">0,1 %<\/td>\n<\/tr>\n<tr class=\"last odd\">\n<th class=\"label\">Rohasche<\/th>\n<td class=\"data last\">8,5 %<\/td>\n<\/tr>\n<\/tbody>\n<\/table>\n","protected":false},"featured_media":6089,"template":"","meta":{"site-sidebar-layout":"default","site-content-layout":"","ast-site-content-layout":"default","site-content-style":"default","site-sidebar-style":"default","ast-global-header-display":"","ast-banner-title-visibility":"","ast-main-header-display":"","ast-hfb-above-header-display":"","ast-hfb-below-header-display":"","ast-hfb-mobile-header-display":"","site-post-title":"","ast-breadcrumbs-content":"","ast-featured-img":"","footer-sml-layout":"","ast-disable-related-posts":"","theme-transparent-header-meta":"default","adv-header-id-meta":"","stick-header-meta":"default","header-above-stick-meta":"","header-main-stick-meta":"","header-below-stick-meta":"","astra-migrate-meta-layouts":"default","ast-page-background-enabled":"default","ast-page-background-meta":{"desktop":{"background-color":"var(--ast-global-color-4)","background-image":"","background-repeat":"repeat","background-position":"center center","background-size":"auto","background-attachment":"scroll","background-type":"","background-media":"","overlay-type":"","overlay-color":"","overlay-opacity":"","overlay-gradient":""},"tablet":{"background-color":"","background-image":"","background-repeat":"repeat","background-position":"center center","background-size":"auto","background-attachment":"scroll","background-type":"","background-media":"","overlay-type":"","overlay-color":"","overlay-opacity":"","overlay-gradient":""},"mobile":{"background-color":"","background-image":"","background-repeat":"repeat","background-position":"center center","background-size":"auto","background-attachment":"scroll","background-type":"","background-media":"","overlay-type":"","overlay-color":"","overlay-opacity":"","overlay-gradient":""}},"ast-content-background-meta":{"desktop":{"background-color":"var(--ast-global-color-5)","background-image":"","background-repeat":"repeat","background-position":"center center","background-size":"auto","background-attachment":"scroll","background-type":"","background-media":"","overlay-type":"","overlay-color":"","overlay-opacity":"","overlay-gradient":""},"tablet":{"background-color":"var(--ast-global-color-5)","background-image":"","background-repeat":"repeat","background-position":"center center","background-size":"auto","background-attachment":"scroll","background-type":"","background-media":"","overlay-type":"","overlay-color":"","overlay-opacity":"","overlay-gradient":""},"mobile":{"background-color":"var(--ast-global-color-5)","background-image":"","background-repeat":"repeat","background-position":"center center","background-size":"auto","background-attachment":"scroll","background-type":"","background-media":"","overlay-type":"","overlay-color":"","overlay-opacity":"","overlay-gradient":""}}},"product_brand":[],"product_cat":[62,28,95],"product_tag":[],"class_list":{"0":"post-6087","1":"product","2":"type-product","3":"status-publish","4":"has-post-thumbnail","6":"product_cat-alle-producten","7":"product_cat-kalvervoeding","8":"product_cat-melkpoeders","9":"desktop-align-center","10":"tablet-align-left","11":"mobile-align-left","12":"ast-product-gallery-layout-horizontal","13":"ast-product-gallery-with-no-image","14":"ast-product-tabs-layout-horizontal","16":"first","17":"instock","18":"virtual","19":"taxable","20":"product-type-simple"},"_links":{"self":[{"href":"https:\/\/dairytop.eu\/de\/wp-json\/wp\/v2\/product\/6087","targetHints":{"allow":["GET"]}}],"collection":[{"href":"https:\/\/dairytop.eu\/de\/wp-json\/wp\/v2\/product"}],"about":[{"href":"https:\/\/dairytop.eu\/de\/wp-json\/wp\/v2\/types\/product"}],"version-history":[{"count":2,"href":"https:\/\/dairytop.eu\/de\/wp-json\/wp\/v2\/product\/6087\/revisions"}],"predecessor-version":[{"id":7772,"href":"https:\/\/dairytop.eu\/de\/wp-json\/wp\/v2\/product\/6087\/revisions\/7772"}],"wp:featuredmedia":[{"embeddable":true,"href":"https:\/\/dairytop.eu\/de\/wp-json\/wp\/v2\/media\/6089"}],"wp:attachment":[{"href":"https:\/\/dairytop.eu\/de\/wp-json\/wp\/v2\/media?parent=6087"}],"wp:term":[{"taxonomy":"product_brand","embeddable":true,"href":"https:\/\/dairytop.eu\/de\/wp-json\/wp\/v2\/product_brand?post=6087"},{"taxonomy":"product_cat","embeddable":true,"href":"https:\/\/dairytop.eu\/de\/wp-json\/wp\/v2\/product_cat?post=6087"},{"taxonomy":"product_tag","embeddable":true,"href":"https:\/\/dairytop.eu\/de\/wp-json\/wp\/v2\/product_tag?post=6087"}],"curies":[{"name":"wp","href":"https:\/\/api.w.org\/{rel}","templated":true}]}}