{"id":6302,"date":"2026-02-11T16:26:07","date_gmt":"2026-02-11T15:26:07","guid":{"rendered":"https:\/\/new.dairytop.eu\/product\/calfotel-plus-mit-schwelle\/"},"modified":"2026-04-08T09:25:03","modified_gmt":"2026-04-08T07:25:03","slug":"calfotel-plus-mit-schwelle","status":"publish","type":"product","link":"https:\/\/dairytop.eu\/de\/product\/calfotel-plus-mit-schwelle\/","title":{"rendered":"CalfOtel Plus mit Schwelle"},"content":{"rendered":"<h2>Vorteile<\/h2>\n<ul>\n<li>Hergestellt aus glasfaserverst\u00e4rktem Polyester, was eine lange Lebensdauer und Schattentemperaturen im Sommer garantiert<\/li>\n<li>Die glatte Innenschicht und die Kunststoffschwelle verhindern Bakterienbildung und sind leicht zu reinigen<\/li>\n<li>Hervorragende Bel\u00fcftung durch die \u00d6ffnungen im vorderen Dachbereich<\/li>\n<\/ul>\n","protected":false},"excerpt":{"rendered":"<p>Der CalfOTel\u00ae Plus eignet sich f\u00fcr die Au\u00dfenaufzucht von K\u00e4lbern im Alter von 0 bis 6 Wochen. Der CalfOTel\u00ae Plus hat eine \u00e4hnliche H\u00f6he wie der CalfOTel\u00ae Small. Durch die zus\u00e4tzliche L\u00e4nge der H\u00fctte hat das Kalb mehr Platz und ist besser gesch\u00fctzt. Die L\u00e4nge ist vergleichbar mit dem CalfOTel\u00ae Comfort. Die drei Bel\u00fcftungs\u00f6ffnungen sorgen f\u00fcr ein besseres Klima und eine komfortable Bel\u00fcftung ohne Zugluft.   <\/p>\n<p>Das K\u00e4lberiglu besteht aus langlebigem, glasfaserverst\u00e4rktem Polyester \u2013 in der gewohnten Qualit\u00e4t all unserer K\u00e4lberh\u00fctten.<\/p>\n<h2>Abmessungen<\/h2>\n<p>H\u00fctte mit Schwelle<br \/>\nAbmessungen: (L x B x H)<br \/>\nH\u00fctte: 196 x 115 x 128 cm<\/p>\n<p>Abmessungen sind Au\u00dfenma\u00dfe\/Transportma\u00dfe und k\u00f6nnen je H\u00fctte variieren.<\/p>\n","protected":false},"featured_media":6303,"template":"","meta":{"site-sidebar-layout":"default","site-content-layout":"","ast-site-content-layout":"default","site-content-style":"default","site-sidebar-style":"default","ast-global-header-display":"","ast-banner-title-visibility":"","ast-main-header-display":"","ast-hfb-above-header-display":"","ast-hfb-below-header-display":"","ast-hfb-mobile-header-display":"","site-post-title":"","ast-breadcrumbs-content":"","ast-featured-img":"","footer-sml-layout":"","ast-disable-related-posts":"","theme-transparent-header-meta":"","adv-header-id-meta":"","stick-header-meta":"","header-above-stick-meta":"","header-main-stick-meta":"","header-below-stick-meta":"","astra-migrate-meta-layouts":"default","ast-page-background-enabled":"default","ast-page-background-meta":{"desktop":{"background-color":"var(--ast-global-color-4)","background-image":"","background-repeat":"repeat","background-position":"center center","background-size":"auto","background-attachment":"scroll","background-type":"","background-media":"","overlay-type":"","overlay-color":"","overlay-opacity":"","overlay-gradient":""},"tablet":{"background-color":"","background-image":"","background-repeat":"repeat","background-position":"center center","background-size":"auto","background-attachment":"scroll","background-type":"","background-media":"","overlay-type":"","overlay-color":"","overlay-opacity":"","overlay-gradient":""},"mobile":{"background-color":"","background-image":"","background-repeat":"repeat","background-position":"center center","background-size":"auto","background-attachment":"scroll","background-type":"","background-media":"","overlay-type":"","overlay-color":"","overlay-opacity":"","overlay-gradient":""}},"ast-content-background-meta":{"desktop":{"background-color":"var(--ast-global-color-5)","background-image":"","background-repeat":"repeat","background-position":"center center","background-size":"auto","background-attachment":"scroll","background-type":"","background-media":"","overlay-type":"","overlay-color":"","overlay-opacity":"","overlay-gradient":""},"tablet":{"background-color":"var(--ast-global-color-5)","background-image":"","background-repeat":"repeat","background-position":"center center","background-size":"auto","background-attachment":"scroll","background-type":"","background-media":"","overlay-type":"","overlay-color":"","overlay-opacity":"","overlay-gradient":""},"mobile":{"background-color":"var(--ast-global-color-5)","background-image":"","background-repeat":"repeat","background-position":"center center","background-size":"auto","background-attachment":"scroll","background-type":"","background-media":"","overlay-type":"","overlay-color":"","overlay-opacity":"","overlay-gradient":""}}},"product_brand":[],"product_cat":[256,201,275],"product_tag":[184],"class_list":{"0":"post-6302","1":"product","2":"type-product","3":"status-publish","4":"has-post-thumbnail","6":"product_cat-alle-produkten-3","7":"product_cat-calfotel","8":"product_cat-plus","9":"product_tag-dynamic","10":"desktop-align-center","11":"tablet-align-left","12":"mobile-align-left","13":"ast-product-gallery-layout-horizontal","14":"ast-product-gallery-with-no-image","15":"ast-product-tabs-layout-horizontal","17":"first","18":"instock","19":"taxable","20":"shipping-taxable","21":"purchasable","22":"product-type-simple"},"_links":{"self":[{"href":"https:\/\/dairytop.eu\/de\/wp-json\/wp\/v2\/product\/6302","targetHints":{"allow":["GET"]}}],"collection":[{"href":"https:\/\/dairytop.eu\/de\/wp-json\/wp\/v2\/product"}],"about":[{"href":"https:\/\/dairytop.eu\/de\/wp-json\/wp\/v2\/types\/product"}],"version-history":[{"count":1,"href":"https:\/\/dairytop.eu\/de\/wp-json\/wp\/v2\/product\/6302\/revisions"}],"predecessor-version":[{"id":8774,"href":"https:\/\/dairytop.eu\/de\/wp-json\/wp\/v2\/product\/6302\/revisions\/8774"}],"wp:featuredmedia":[{"embeddable":true,"href":"https:\/\/dairytop.eu\/de\/wp-json\/wp\/v2\/media\/6303"}],"wp:attachment":[{"href":"https:\/\/dairytop.eu\/de\/wp-json\/wp\/v2\/media?parent=6302"}],"wp:term":[{"taxonomy":"product_brand","embeddable":true,"href":"https:\/\/dairytop.eu\/de\/wp-json\/wp\/v2\/product_brand?post=6302"},{"taxonomy":"product_cat","embeddable":true,"href":"https:\/\/dairytop.eu\/de\/wp-json\/wp\/v2\/product_cat?post=6302"},{"taxonomy":"product_tag","embeddable":true,"href":"https:\/\/dairytop.eu\/de\/wp-json\/wp\/v2\/product_tag?post=6302"}],"curies":[{"name":"wp","href":"https:\/\/api.w.org\/{rel}","templated":true}]}}