{"id":6325,"date":"2026-02-11T15:20:11","date_gmt":"2026-02-11T14:20:11","guid":{"rendered":"https:\/\/new.dairytop.eu\/product\/perfect-udder-pasteurisierer-10g\/"},"modified":"2026-03-19T10:07:56","modified_gmt":"2026-03-19T09:07:56","slug":"perfect-udder-pasteurisierer-10g","status":"publish","type":"product","link":"https:\/\/dairytop.eu\/de\/product\/perfect-udder-pasteurisierer-10g\/","title":{"rendered":"Perfect Udder Pasteurisierer 10G"},"content":{"rendered":"","protected":false},"excerpt":{"rendered":"<p>Der Perfect Udder\u00ae Combi Pasteurisierer 10G eignet sich hervorragend zum Pasteurisieren oder Erw\u00e4rmen von Kolostrum f\u00fcr Ihre neugeborenen Tiere.<\/p>\n<p>Die Maschine verf\u00fcgt \u00fcber einen Edelstahltank mit einem Fassungsverm\u00f6gen von 37 l (10G), der durch einen gro\u00dfen Deckel an der Oberseite leicht zu verschlie\u00dfen ist.<br \/>\nAn der Unterseite befindet sich ein Edelstahl-Ablasshahn, mit dem Sie das Kolostrum oder die Milch bequem in Kolostrumbeutel, Flaschen oder Eimer abf\u00fcllen k\u00f6nnen.<br \/>\nDieser Edelstahl-Ablasshahn ist f\u00fcr eine gr\u00fcndliche Reinigung leicht demontierbar.<\/p>\n<p>Die Pasteurisierung des Kolostrums wird durch einen integrierten Computer mit Betriebssystem gesteuert.<br \/>\nDas System h\u00e4lt jederzeit die korrekten Werte und Zeiten ein, um wissenschaftlich belegte Ergebnisse zu garantieren.<br \/>\nW\u00e4hrend der exakt festgelegten Zeit wird das Produkt kontinuierlich ger\u00fchrt und gleichzeitig erhitzt. Die Maschine k\u00fchlt oder erw\u00e4rmt das Kolostrum oder die Milch automatisch auf die gew\u00fcnschte Temperatur. <\/p>\n<p>Die Biosicherheit auf dem Milchmarkt wird durch die Pasteurisierung der Milch erheblich verbessert.<br \/>\nDie Gefahr der Verbreitung pathogener Bakterien und Viren durch Kolostrum oder Milch wird mittels Pasteurisierung eliminiert.<\/p>\n<p>Der Perfect Udder\u00ae Combi Pasteurisierer 10G t\u00f6tet die folgenden Zielpathogene ab, w\u00e4hrend das Immunglobulin G (IgG) gesch\u00fctzt wird:<\/p>\n<ul>\n<li>Mycobacterium avium subsp. paratuberculosis (Johne&#8217;sche Krankheit) <\/li>\n<li>Salmonella spp.<\/li>\n<li>Listeria monocytogenes<\/li>\n<li>Escherichia coli<\/li>\n<li>Campylobacter spp.<\/li>\n<li>Staphylococcus aureus<\/li>\n<li>Mycoplasma<\/li>\n<\/ul>\n<p><strong>EIGENSCHAFTEN DES PERFECT UDDER\u00ae COMBI PASTEURISIERERS 10G:<\/strong><\/p>\n<ul>\n<li>Verbraucht nur 3 kW pro Charge<\/li>\n<li>Vollst\u00e4ndig montiert und bereit zur Installation durch Anschluss an Abfluss und Kaltwasser<\/li>\n<li>W\u00e4hlen Sie aus 6 automatisierten Behandlungsprofilen oder passen Sie diese an Ihren Zeitplan an<\/li>\n<li>2 Sprachoptionen zur Minimierung von Verwechslungen beim Personal<\/li>\n<li>Digitale Grafikdarstellung mit herunterladbaren Daten zur \u00dcberwachung der Ger\u00e4te- und Personalleistung<\/li>\n<li>8-Zoll-Edelstahltank<\/li>\n<li>Keine Rohre oder verborgenen Bereiche, um den Reinigungsprozess einfach und effektiv zu halten<\/li>\n<li>Pasteurisieren oder erw\u00e4rmen Sie Ihr Kolostrum direkt im Perfect Udder\u00ae-Beutel unter Verwendung des \u201eBag Guard\u201c (im Lieferumfang enthalten)<\/li>\n<li>Leicht verst\u00e4ndliches Benutzerhandbuch mit einfacher Fehlerbehebung<\/li>\n<\/ul>\n","protected":false},"featured_media":6326,"template":"","meta":{"site-sidebar-layout":"default","site-content-layout":"","ast-site-content-layout":"default","site-content-style":"default","site-sidebar-style":"default","ast-global-header-display":"","ast-banner-title-visibility":"","ast-main-header-display":"","ast-hfb-above-header-display":"","ast-hfb-below-header-display":"","ast-hfb-mobile-header-display":"","site-post-title":"","ast-breadcrumbs-content":"","ast-featured-img":"","footer-sml-layout":"","ast-disable-related-posts":"","theme-transparent-header-meta":"default","adv-header-id-meta":"","stick-header-meta":"default","header-above-stick-meta":"","header-main-stick-meta":"","header-below-stick-meta":"","astra-migrate-meta-layouts":"default","ast-page-background-enabled":"default","ast-page-background-meta":{"desktop":{"background-color":"var(--ast-global-color-4)","background-image":"","background-repeat":"repeat","background-position":"center center","background-size":"auto","background-attachment":"scroll","background-type":"","background-media":"","overlay-type":"","overlay-color":"","overlay-opacity":"","overlay-gradient":""},"tablet":{"background-color":"","background-image":"","background-repeat":"repeat","background-position":"center center","background-size":"auto","background-attachment":"scroll","background-type":"","background-media":"","overlay-type":"","overlay-color":"","overlay-opacity":"","overlay-gradient":""},"mobile":{"background-color":"","background-image":"","background-repeat":"repeat","background-position":"center center","background-size":"auto","background-attachment":"scroll","background-type":"","background-media":"","overlay-type":"","overlay-color":"","overlay-opacity":"","overlay-gradient":""}},"ast-content-background-meta":{"desktop":{"background-color":"var(--ast-global-color-5)","background-image":"","background-repeat":"repeat","background-position":"center center","background-size":"auto","background-attachment":"scroll","background-type":"","background-media":"","overlay-type":"","overlay-color":"","overlay-opacity":"","overlay-gradient":""},"tablet":{"background-color":"var(--ast-global-color-5)","background-image":"","background-repeat":"repeat","background-position":"center center","background-size":"auto","background-attachment":"scroll","background-type":"","background-media":"","overlay-type":"","overlay-color":"","overlay-opacity":"","overlay-gradient":""},"mobile":{"background-color":"var(--ast-global-color-5)","background-image":"","background-repeat":"repeat","background-position":"center center","background-size":"auto","background-attachment":"scroll","background-type":"","background-media":"","overlay-type":"","overlay-color":"","overlay-opacity":"","overlay-gradient":""}}},"product_brand":[],"product_cat":[256,216,277,214],"product_tag":[],"class_list":{"0":"post-6325","1":"product","2":"type-product","3":"status-publish","4":"has-post-thumbnail","6":"product_cat-alle-produkten-3","7":"product_cat-lammerprodukte","8":"product_cat-pasteurisierungssysteme","9":"product_cat-perfect-udder-kolostrum-management-2","10":"desktop-align-center","11":"tablet-align-left","12":"mobile-align-left","13":"ast-product-gallery-layout-horizontal","14":"ast-product-gallery-with-no-image","15":"ast-product-tabs-layout-horizontal","17":"first","18":"instock","19":"taxable","20":"shipping-taxable","21":"product-type-simple"},"_links":{"self":[{"href":"https:\/\/dairytop.eu\/de\/wp-json\/wp\/v2\/product\/6325","targetHints":{"allow":["GET"]}}],"collection":[{"href":"https:\/\/dairytop.eu\/de\/wp-json\/wp\/v2\/product"}],"about":[{"href":"https:\/\/dairytop.eu\/de\/wp-json\/wp\/v2\/types\/product"}],"version-history":[{"count":1,"href":"https:\/\/dairytop.eu\/de\/wp-json\/wp\/v2\/product\/6325\/revisions"}],"predecessor-version":[{"id":7799,"href":"https:\/\/dairytop.eu\/de\/wp-json\/wp\/v2\/product\/6325\/revisions\/7799"}],"wp:featuredmedia":[{"embeddable":true,"href":"https:\/\/dairytop.eu\/de\/wp-json\/wp\/v2\/media\/6326"}],"wp:attachment":[{"href":"https:\/\/dairytop.eu\/de\/wp-json\/wp\/v2\/media?parent=6325"}],"wp:term":[{"taxonomy":"product_brand","embeddable":true,"href":"https:\/\/dairytop.eu\/de\/wp-json\/wp\/v2\/product_brand?post=6325"},{"taxonomy":"product_cat","embeddable":true,"href":"https:\/\/dairytop.eu\/de\/wp-json\/wp\/v2\/product_cat?post=6325"},{"taxonomy":"product_tag","embeddable":true,"href":"https:\/\/dairytop.eu\/de\/wp-json\/wp\/v2\/product_tag?post=6325"}],"curies":[{"name":"wp","href":"https:\/\/api.w.org\/{rel}","templated":true}]}}