{"id":6329,"date":"2026-02-11T15:20:11","date_gmt":"2026-02-11T14:20:11","guid":{"rendered":"https:\/\/new.dairytop.eu\/product\/perfect-udder-pasteurisierer-30g\/"},"modified":"2026-04-14T11:59:12","modified_gmt":"2026-04-14T09:59:12","slug":"perfect-udder-pasteurisierer-30g","status":"publish","type":"product","link":"https:\/\/dairytop.eu\/de\/product\/perfect-udder-pasteurisierer-30g\/","title":{"rendered":"Perfect Udder Pasteurisierer 30G"},"content":{"rendered":"","protected":false},"excerpt":{"rendered":"<p>Der DairyTech Inc.\u00ae Perfect Udder\u00ae Combi Pasteurisierer 30G ist ein vollautomatischer 30-Gallonen-Kolostrum- und Vollmilchpasteurisierer. Die Verarbeitung der Milch oder des Kolostrums erfolgt \u00fcber ein fortschrittliches Steuerungssystem. Dieses h\u00e4lt die korrekten Temperaturen und Zeiten ein, um wissenschaftlich belegte Ergebnisse zu garantieren. W\u00e4hrend der exakt festgelegten Zeit wird das Produkt kontinuierlich ger\u00fchrt und gleichzeitig erhitzt. Die Maschine k\u00fchlt das Kolostrum oder die Milch automatisch auf die gew\u00fcnschte Temperatur ab.<\/p>\n<p>Der Perfect Udder\u00ae Combi Pasteurisierer 30G kann bis zu acht (8) 4-Liter Perfect Udder\u00ae Beutel erw\u00e4rmen, k\u00fchlen und\/oder pasteurisieren.<\/p>\n<p>Die Biosicherheit auf dem Milchmarkt wird durch Pasteurisierung erheblich verbessert. Die Gefahr der Verbreitung pathogener Bakterien und Viren durch Kolostrum oder Milch wird eliminiert. <\/p>\n<p>Der Perfect Udder\u00ae Combi Pasteurisierer 30G t\u00f6tet die folgenden Zielpathogene ab, w\u00e4hrend das Immunglobulin G (IgG) gesch\u00fctzt wird:<\/p>\n<ul>\n<li>Mycobacterium avium subsp. paratuberculosis (Johne&#8217;sche Krankheit) <\/li>\n<li>Salmonella spp.<\/li>\n<li>Listeria monocytogenes<\/li>\n<li>Escherichia coli<\/li>\n<li>Campylobacter spp.<\/li>\n<li>Staphylococcus aureus<\/li>\n<\/ul>\n","protected":false},"featured_media":6330,"template":"","meta":{"site-sidebar-layout":"default","site-content-layout":"","ast-site-content-layout":"default","site-content-style":"default","site-sidebar-style":"default","ast-global-header-display":"","ast-banner-title-visibility":"","ast-main-header-display":"","ast-hfb-above-header-display":"","ast-hfb-below-header-display":"","ast-hfb-mobile-header-display":"","site-post-title":"","ast-breadcrumbs-content":"","ast-featured-img":"","footer-sml-layout":"","ast-disable-related-posts":"","theme-transparent-header-meta":"default","adv-header-id-meta":"","stick-header-meta":"default","header-above-stick-meta":"","header-main-stick-meta":"","header-below-stick-meta":"","astra-migrate-meta-layouts":"default","ast-page-background-enabled":"default","ast-page-background-meta":{"desktop":{"background-color":"var(--ast-global-color-4)","background-image":"","background-repeat":"repeat","background-position":"center center","background-size":"auto","background-attachment":"scroll","background-type":"","background-media":"","overlay-type":"","overlay-color":"","overlay-opacity":"","overlay-gradient":""},"tablet":{"background-color":"","background-image":"","background-repeat":"repeat","background-position":"center center","background-size":"auto","background-attachment":"scroll","background-type":"","background-media":"","overlay-type":"","overlay-color":"","overlay-opacity":"","overlay-gradient":""},"mobile":{"background-color":"","background-image":"","background-repeat":"repeat","background-position":"center center","background-size":"auto","background-attachment":"scroll","background-type":"","background-media":"","overlay-type":"","overlay-color":"","overlay-opacity":"","overlay-gradient":""}},"ast-content-background-meta":{"desktop":{"background-color":"var(--ast-global-color-5)","background-image":"","background-repeat":"repeat","background-position":"center center","background-size":"auto","background-attachment":"scroll","background-type":"","background-media":"","overlay-type":"","overlay-color":"","overlay-opacity":"","overlay-gradient":""},"tablet":{"background-color":"var(--ast-global-color-5)","background-image":"","background-repeat":"repeat","background-position":"center center","background-size":"auto","background-attachment":"scroll","background-type":"","background-media":"","overlay-type":"","overlay-color":"","overlay-opacity":"","overlay-gradient":""},"mobile":{"background-color":"var(--ast-global-color-5)","background-image":"","background-repeat":"repeat","background-position":"center center","background-size":"auto","background-attachment":"scroll","background-type":"","background-media":"","overlay-type":"","overlay-color":"","overlay-opacity":"","overlay-gradient":""}}},"product_brand":[],"product_cat":[62,86],"product_tag":[],"class_list":{"0":"post-6329","1":"product","2":"type-product","3":"status-publish","4":"has-post-thumbnail","6":"product_cat-alle-producten","7":"product_cat-pasteuriseersystemen","8":"desktop-align-center","9":"tablet-align-left","10":"mobile-align-left","11":"ast-product-gallery-layout-horizontal","12":"ast-product-gallery-with-no-image","13":"ast-product-tabs-layout-horizontal","15":"first","16":"instock","17":"taxable","18":"shipping-taxable","19":"product-type-simple"},"_links":{"self":[{"href":"https:\/\/dairytop.eu\/de\/wp-json\/wp\/v2\/product\/6329","targetHints":{"allow":["GET"]}}],"collection":[{"href":"https:\/\/dairytop.eu\/de\/wp-json\/wp\/v2\/product"}],"about":[{"href":"https:\/\/dairytop.eu\/de\/wp-json\/wp\/v2\/types\/product"}],"version-history":[{"count":2,"href":"https:\/\/dairytop.eu\/de\/wp-json\/wp\/v2\/product\/6329\/revisions"}],"predecessor-version":[{"id":10087,"href":"https:\/\/dairytop.eu\/de\/wp-json\/wp\/v2\/product\/6329\/revisions\/10087"}],"wp:featuredmedia":[{"embeddable":true,"href":"https:\/\/dairytop.eu\/de\/wp-json\/wp\/v2\/media\/6330"}],"wp:attachment":[{"href":"https:\/\/dairytop.eu\/de\/wp-json\/wp\/v2\/media?parent=6329"}],"wp:term":[{"taxonomy":"product_brand","embeddable":true,"href":"https:\/\/dairytop.eu\/de\/wp-json\/wp\/v2\/product_brand?post=6329"},{"taxonomy":"product_cat","embeddable":true,"href":"https:\/\/dairytop.eu\/de\/wp-json\/wp\/v2\/product_cat?post=6329"},{"taxonomy":"product_tag","embeddable":true,"href":"https:\/\/dairytop.eu\/de\/wp-json\/wp\/v2\/product_tag?post=6329"}],"curies":[{"name":"wp","href":"https:\/\/api.w.org\/{rel}","templated":true}]}}