{"id":6332,"date":"2026-02-11T15:20:11","date_gmt":"2026-02-11T14:20:11","guid":{"rendered":"https:\/\/new.dairytop.eu\/product\/perfect-udder-pasteurisierer-60g\/"},"modified":"2026-04-14T12:04:43","modified_gmt":"2026-04-14T10:04:43","slug":"perfect-udder-pasteurisierer-60g","status":"publish","type":"product","link":"https:\/\/dairytop.eu\/de\/product\/perfect-udder-pasteurisierer-60g\/","title":{"rendered":"Perfect Udder Pasteurisierer 60G"},"content":{"rendered":"","protected":false},"excerpt":{"rendered":"<p>Der Perfect Udder\u00ae Combi Pasteurisierer 60G eignet sich ideal zum Pasteurisieren oder Erw\u00e4rmen von Kolostrum.<br \/>\n Der PU60G eignet sich ideal zum Pasteurisieren und Aufbewahren von Kolostrum f\u00fcr Ihre neugeborenen Tiere.<br \/>\n Die Maschine verf\u00fcgt \u00fcber einen Edelstahlbeh\u00e4lter mit einem Fassungsverm\u00f6gen von 220 Litern (60 g), der sich \u00fcber einen gro\u00dfen Deckel an der Oberseite leicht bef\u00fcllen l\u00e4sst.<br \/>\n Am Boden befindet sich ein Ablasshahn aus Edelstahl, mit dem Sie das Kolostrum oder die Milch einfach in die Kolostrumbeutel, Flaschen oder Eimer aus PU ablassen k\u00f6nnen.<br \/>\n Dieses Ablassventil aus Edelstahl l\u00e4sst sich zur gr\u00fcndlichen Reinigung leicht abnehmen.<br \/>\n Der PU60G eignet sich auch zum Pasteurisieren oder Erw\u00e4rmen von PU-Kolostrumbeuteln oder Milch.<br \/>\n Kurz\u00fcbersicht<\/p>\n<p>Die Verarbeitung der Milch oder des Kolostrums erfolgt \u00fcber ein fortschrittliches Steuerungssystem. Dieses h\u00e4lt die korrekten Temperaturen und Zeiten ein, um wissenschaftlich belegte Ergebnisse zu garantieren. W\u00e4hrend der exakt festgelegten Zeit wird das Produkt kontinuierlich ger\u00fchrt und gleichzeitig erhitzt. Die Maschine erw\u00e4rmt oder k\u00fchlt das Kolostrum oder die Milch automatisch auf die gew\u00fcnschte Temperatur.   <\/p>\n<p>Die Biosicherheit auf dem Milchmarkt wird durch die Pasteurisierung der Milch erheblich verbessert. Die Gefahr der Verbreitung pathogener Bakterien und Viren durch Kolostrum oder Milch wird durch die Pasteurisierung eliminiert. <\/p>\n<p>Der Perfect Udder\u00ae Combi Pasteurisierer 60G t\u00f6tet die folgenden Zielpathogene ab, w\u00e4hrend das Immunglobulin G (IgG) gesch\u00fctzt wird:<\/p>\n<ul>\n<li>Mycobacterium avium subsp. paratuberculosis (Johne&#8217;sche Krankheit) <\/li>\n<li>Salmonella spp.<\/li>\n<li>Listeria monocytogenes<\/li>\n<li>Escherichia coli<\/li>\n<li>Campylobacter spp.<\/li>\n<li>Staphylococcus aureus<\/li>\n<li>Mycoplasma<\/li>\n<\/ul>\n","protected":false},"featured_media":6330,"template":"","meta":{"site-sidebar-layout":"default","site-content-layout":"","ast-site-content-layout":"default","site-content-style":"default","site-sidebar-style":"default","ast-global-header-display":"","ast-banner-title-visibility":"","ast-main-header-display":"","ast-hfb-above-header-display":"","ast-hfb-below-header-display":"","ast-hfb-mobile-header-display":"","site-post-title":"","ast-breadcrumbs-content":"","ast-featured-img":"","footer-sml-layout":"","ast-disable-related-posts":"","theme-transparent-header-meta":"default","adv-header-id-meta":"","stick-header-meta":"default","header-above-stick-meta":"","header-main-stick-meta":"","header-below-stick-meta":"","astra-migrate-meta-layouts":"default","ast-page-background-enabled":"default","ast-page-background-meta":{"desktop":{"background-color":"var(--ast-global-color-4)","background-image":"","background-repeat":"repeat","background-position":"center center","background-size":"auto","background-attachment":"scroll","background-type":"","background-media":"","overlay-type":"","overlay-color":"","overlay-opacity":"","overlay-gradient":""},"tablet":{"background-color":"","background-image":"","background-repeat":"repeat","background-position":"center center","background-size":"auto","background-attachment":"scroll","background-type":"","background-media":"","overlay-type":"","overlay-color":"","overlay-opacity":"","overlay-gradient":""},"mobile":{"background-color":"","background-image":"","background-repeat":"repeat","background-position":"center center","background-size":"auto","background-attachment":"scroll","background-type":"","background-media":"","overlay-type":"","overlay-color":"","overlay-opacity":"","overlay-gradient":""}},"ast-content-background-meta":{"desktop":{"background-color":"var(--ast-global-color-5)","background-image":"","background-repeat":"repeat","background-position":"center center","background-size":"auto","background-attachment":"scroll","background-type":"","background-media":"","overlay-type":"","overlay-color":"","overlay-opacity":"","overlay-gradient":""},"tablet":{"background-color":"var(--ast-global-color-5)","background-image":"","background-repeat":"repeat","background-position":"center center","background-size":"auto","background-attachment":"scroll","background-type":"","background-media":"","overlay-type":"","overlay-color":"","overlay-opacity":"","overlay-gradient":""},"mobile":{"background-color":"var(--ast-global-color-5)","background-image":"","background-repeat":"repeat","background-position":"center center","background-size":"auto","background-attachment":"scroll","background-type":"","background-media":"","overlay-type":"","overlay-color":"","overlay-opacity":"","overlay-gradient":""}}},"product_brand":[],"product_cat":[256,216,277,214],"product_tag":[],"class_list":{"0":"post-6332","1":"product","2":"type-product","3":"status-publish","4":"has-post-thumbnail","6":"product_cat-alle-produkten-3","7":"product_cat-lammerprodukte","8":"product_cat-pasteurisierungssysteme","9":"product_cat-perfect-udder-kolostrum-management-2","10":"desktop-align-center","11":"tablet-align-left","12":"mobile-align-left","13":"ast-product-gallery-layout-horizontal","14":"ast-product-gallery-with-no-image","15":"ast-product-tabs-layout-horizontal","17":"first","18":"instock","19":"taxable","20":"shipping-taxable","21":"product-type-simple"},"_links":{"self":[{"href":"https:\/\/dairytop.eu\/de\/wp-json\/wp\/v2\/product\/6332","targetHints":{"allow":["GET"]}}],"collection":[{"href":"https:\/\/dairytop.eu\/de\/wp-json\/wp\/v2\/product"}],"about":[{"href":"https:\/\/dairytop.eu\/de\/wp-json\/wp\/v2\/types\/product"}],"version-history":[{"count":2,"href":"https:\/\/dairytop.eu\/de\/wp-json\/wp\/v2\/product\/6332\/revisions"}],"predecessor-version":[{"id":10094,"href":"https:\/\/dairytop.eu\/de\/wp-json\/wp\/v2\/product\/6332\/revisions\/10094"}],"wp:featuredmedia":[{"embeddable":true,"href":"https:\/\/dairytop.eu\/de\/wp-json\/wp\/v2\/media\/6330"}],"wp:attachment":[{"href":"https:\/\/dairytop.eu\/de\/wp-json\/wp\/v2\/media?parent=6332"}],"wp:term":[{"taxonomy":"product_brand","embeddable":true,"href":"https:\/\/dairytop.eu\/de\/wp-json\/wp\/v2\/product_brand?post=6332"},{"taxonomy":"product_cat","embeddable":true,"href":"https:\/\/dairytop.eu\/de\/wp-json\/wp\/v2\/product_cat?post=6332"},{"taxonomy":"product_tag","embeddable":true,"href":"https:\/\/dairytop.eu\/de\/wp-json\/wp\/v2\/product_tag?post=6332"}],"curies":[{"name":"wp","href":"https:\/\/api.w.org\/{rel}","templated":true}]}}