{"id":6337,"date":"2026-02-11T15:20:11","date_gmt":"2026-02-11T14:20:11","guid":{"rendered":"https:\/\/new.dairytop.eu\/product\/calfotel-hybrid\/"},"modified":"2026-03-18T10:03:54","modified_gmt":"2026-03-18T09:03:54","slug":"calfotel-hybrid","status":"publish","type":"product","link":"https:\/\/dairytop.eu\/de\/product\/calfotel-hybrid\/","title":{"rendered":"CalfOtel Hybrid"},"content":{"rendered":"","protected":false},"excerpt":{"rendered":"<p><strong>Die beste Bucht f\u00fcr einen guten Start<\/strong><\/p>\n<p>F\u00fcr eine effiziente und erfolgreiche Milchviehhaltung wird eine gute K\u00e4lberaufzucht immer wichtiger. Um die K\u00e4lberaufzucht weiter zu optimieren, hat VDK Products den \u201eCalfOTel Hybrid\u201c entwickelt. Ein einzigartiges, neues Haltungskonzept f\u00fcr K\u00e4lber, bei dem die K\u00e4lber sowohl einzeln als auch in kleinen Gruppen \u201edrau\u00dfen\u201c untergebracht werden. So k\u00f6nnen die K\u00e4lber vom ersten Tag bis zum Alter von drei Monaten in derselben Bucht bleiben.   <\/p>\n<p>Bei der Entwicklung des Systems standen Arbeit, Hygiene und Tiergesundheit im Mittelpunkt.<\/p>\n<ul>\n<li>Speziell f\u00fcr die Au\u00dfenhaltung von K\u00e4lbern konzipiert<\/li>\n<li>Hergestellt aus glasfaserverst\u00e4rktem Polyester, was eine lange Lebensdauer und Schattentemperaturen im Sommer garantiert<\/li>\n<li>Die herausnehmbaren Trennw\u00e4nde bestehen aus Polyethylen<\/li>\n<li>Ein gutes Mikroklima durch die Form der Bucht und die verstellbare Klappe<\/li>\n<li>Die Tiere bleiben vom ersten Tag bis zum dritten Monat in derselben Bucht mit derselben Gruppe<\/li>\n<li>Flexible Einteilung durch herausnehmbare Trennw\u00e4nde<\/li>\n<li>Einzel- und Gruppenhaltung in einem<\/li>\n<li>Teilbare Umz\u00e4unung<\/li>\n<\/ul>\n<p>Ma\u00dfe Bucht (L x B x H): 450 x 227,5 x 189 cm<br \/>\nMa\u00dfe der Boxen: 100 x 170 cm<\/p>\n<p>H\u00f6he Umz\u00e4unung: 105 cm<br \/>\nH\u00f6he Trennw\u00e4nde: 98 cm<br \/>\nTiefe Bucht am Boden: 172 cm<br \/>\nH\u00f6he Unterkante Schn\u00fcffel\u00f6ffnungen ab Boden: 85 cm<\/p>\n","protected":false},"featured_media":6338,"template":"","meta":{"site-sidebar-layout":"default","site-content-layout":"","ast-site-content-layout":"default","site-content-style":"default","site-sidebar-style":"default","ast-global-header-display":"","ast-banner-title-visibility":"","ast-main-header-display":"","ast-hfb-above-header-display":"","ast-hfb-below-header-display":"","ast-hfb-mobile-header-display":"","site-post-title":"","ast-breadcrumbs-content":"","ast-featured-img":"","footer-sml-layout":"","ast-disable-related-posts":"","theme-transparent-header-meta":"default","adv-header-id-meta":"","stick-header-meta":"default","header-above-stick-meta":"","header-main-stick-meta":"","header-below-stick-meta":"","astra-migrate-meta-layouts":"default","ast-page-background-enabled":"default","ast-page-background-meta":{"desktop":{"background-color":"var(--ast-global-color-4)","background-image":"","background-repeat":"repeat","background-position":"center center","background-size":"auto","background-attachment":"scroll","background-type":"","background-media":"","overlay-type":"","overlay-color":"","overlay-opacity":"","overlay-gradient":""},"tablet":{"background-color":"","background-image":"","background-repeat":"repeat","background-position":"center center","background-size":"auto","background-attachment":"scroll","background-type":"","background-media":"","overlay-type":"","overlay-color":"","overlay-opacity":"","overlay-gradient":""},"mobile":{"background-color":"","background-image":"","background-repeat":"repeat","background-position":"center center","background-size":"auto","background-attachment":"scroll","background-type":"","background-media":"","overlay-type":"","overlay-color":"","overlay-opacity":"","overlay-gradient":""}},"ast-content-background-meta":{"desktop":{"background-color":"var(--ast-global-color-5)","background-image":"","background-repeat":"repeat","background-position":"center center","background-size":"auto","background-attachment":"scroll","background-type":"","background-media":"","overlay-type":"","overlay-color":"","overlay-opacity":"","overlay-gradient":""},"tablet":{"background-color":"var(--ast-global-color-5)","background-image":"","background-repeat":"repeat","background-position":"center center","background-size":"auto","background-attachment":"scroll","background-type":"","background-media":"","overlay-type":"","overlay-color":"","overlay-opacity":"","overlay-gradient":""},"mobile":{"background-color":"var(--ast-global-color-5)","background-image":"","background-repeat":"repeat","background-position":"center center","background-size":"auto","background-attachment":"scroll","background-type":"","background-media":"","overlay-type":"","overlay-color":"","overlay-opacity":"","overlay-gradient":""}}},"product_brand":[],"product_cat":[256,240,193,242],"product_tag":[184],"class_list":{"0":"post-6337","1":"product","2":"type-product","3":"status-publish","4":"has-post-thumbnail","6":"product_cat-alle-produkten-3","7":"product_cat-gruppenbuchten","8":"product_cat-gruppeniglus","9":"product_cat-hybrid","10":"product_tag-dynamic","11":"desktop-align-center","12":"tablet-align-left","13":"mobile-align-left","14":"ast-product-gallery-layout-horizontal","15":"ast-product-tabs-layout-horizontal","17":"first","18":"instock","19":"taxable","20":"shipping-taxable","21":"purchasable","22":"product-type-simple"},"_links":{"self":[{"href":"https:\/\/dairytop.eu\/de\/wp-json\/wp\/v2\/product\/6337","targetHints":{"allow":["GET"]}}],"collection":[{"href":"https:\/\/dairytop.eu\/de\/wp-json\/wp\/v2\/product"}],"about":[{"href":"https:\/\/dairytop.eu\/de\/wp-json\/wp\/v2\/types\/product"}],"version-history":[{"count":1,"href":"https:\/\/dairytop.eu\/de\/wp-json\/wp\/v2\/product\/6337\/revisions"}],"predecessor-version":[{"id":7666,"href":"https:\/\/dairytop.eu\/de\/wp-json\/wp\/v2\/product\/6337\/revisions\/7666"}],"wp:featuredmedia":[{"embeddable":true,"href":"https:\/\/dairytop.eu\/de\/wp-json\/wp\/v2\/media\/6338"}],"wp:attachment":[{"href":"https:\/\/dairytop.eu\/de\/wp-json\/wp\/v2\/media?parent=6337"}],"wp:term":[{"taxonomy":"product_brand","embeddable":true,"href":"https:\/\/dairytop.eu\/de\/wp-json\/wp\/v2\/product_brand?post=6337"},{"taxonomy":"product_cat","embeddable":true,"href":"https:\/\/dairytop.eu\/de\/wp-json\/wp\/v2\/product_cat?post=6337"},{"taxonomy":"product_tag","embeddable":true,"href":"https:\/\/dairytop.eu\/de\/wp-json\/wp\/v2\/product_tag?post=6337"}],"curies":[{"name":"wp","href":"https:\/\/api.w.org\/{rel}","templated":true}]}}