{"id":6343,"date":"2026-02-11T15:20:10","date_gmt":"2026-02-11T14:20:10","guid":{"rendered":"https:\/\/new.dairytop.eu\/product\/calfotel-open-top-mit-absperrgitter\/"},"modified":"2026-03-18T10:03:55","modified_gmt":"2026-03-18T09:03:55","slug":"calfotel-open-top-mit-absperrgitter","status":"publish","type":"product","link":"https:\/\/dairytop.eu\/de\/product\/calfotel-open-top-mit-absperrgitter\/","title":{"rendered":"CalfOTel Open Top mit Absperrgitter"},"content":{"rendered":"","protected":false},"excerpt":{"rendered":"<p>Dieses Aufzuchtsystem verf\u00fcgt \u00fcber ein markantes offenes Dach f\u00fcr die Aufstellung im Stall oder im Au\u00dfenbereich unter einer \u00dcberdachung. F\u00fcr den Viehhalter, der seine K\u00e4lber drinnen oder drau\u00dfen unter Dach aufziehen m\u00f6chte, ist dies ein unglaublich praktisches und flexibles System. <\/p>\n<p>Ausgestattet mit 2 festen R\u00e4dern an der Vorderseite der Bucht.<\/p>\n<p>Die Wahl eines Systems mit oder ohne Rahmen ist rein individuell. Die Bucht mit Rahmen auf Lenkrollen bietet mehr Flexibilit\u00e4t und eine noch bessere Mobilit\u00e4t. Der Rahmen ist mit einem Rost ausgestattet, wodurch das Stroh trockener bleibt. Zudem liegt die Arbeitsh\u00f6he durch diesen Rahmen etwa 25 cm h\u00f6her. \u00dcbrigens ist auch die Basisvariante mit R\u00e4dern ausgestattet, also ebenfalls gut beweglich und zum Reinigen kippbar.    <\/p>\n<p>https:\/\/youtu.be\/spA4jJNw3L8<\/p>\n<div class=\"box-collateral box-description\">\n<div class=\"box-collateral-content\">\n<div class=\"std\">\n<h2>St\u00e4rken<\/h2>\n<ul>\n<li>Hergestellt aus glasfaserverst\u00e4rktem Polyester, was eine lange Lebensdauer garantiert<\/li>\n<li>Aus einem St\u00fcck gefertigt, also nahtlos; verringert das Risiko der Bakterienbildung und ist sehr leicht zu reinigen<\/li>\n<li>Ausgestattet mit robusten, wartungsfreien R\u00e4dern, daher leicht zu bewegen<\/li>\n<li>Durch den praktischen Griff ist die Bucht gut kippbar und einfach zu reinigen<\/li>\n<li>Durch das schwenkbare Absperrgitter ist die Bucht gut zug\u00e4nglich<\/li>\n<li>Die Bucht ist leicht kippbar, wodurch das Stroh schnell gewechselt werden kann<\/li>\n<li>Durch \u201eOpen Top\u201c gute \u00dcbersicht \u00fcber die K\u00e4lber<\/li>\n<\/ul>\n<p>&nbsp;<\/p>\n<h2>CalfOTel Open Top Standard<\/h2>\n<p>Open Top Bucht, Absperrgitter und 1 Eimerring<br \/>\nAbmessungen: (L x B x H)<br \/>\nBucht: 150 cm x 100 cm x 115 cm (ohne Griff)<br \/>\nH\u00f6he inkl. Griff: 130 cm <\/p>\n<p>Abmessungen sind Au\u00dfenma\u00dfe\/Transportma\u00dfe und k\u00f6nnen je H\u00fctte variieren.<\/p>\n<\/div>\n<\/div>\n<\/div>\n<div class=\"box-collateral box-additional\">\n<h2>Zus\u00e4tzliche Informationen<\/h2>\n<div class=\"box-collateral-content\">\n<table id=\"product-attribute-specs-table\" class=\"data-table\">\n<colgroup>\n<col width=\"25%\">\n<col><\/colgroup>\n<tbody>\n<tr class=\"first odd\">\n<th class=\"label\">H\u00f6he<\/th>\n<td class=\"data last\">Griff: 130 cm<\/td>\n<\/tr>\n<tr class=\"last even\">\n<th class=\"label\">Abmessungen K\u00e4lberiglu<\/th>\n<td class=\"data last\">150 cm x 100 cm x 115 cm<\/td>\n<\/tr>\n<\/tbody>\n<\/table>\n<\/div>\n<\/div>\n","protected":false},"featured_media":6344,"template":"","meta":{"site-sidebar-layout":"default","site-content-layout":"","ast-site-content-layout":"default","site-content-style":"default","site-sidebar-style":"default","ast-global-header-display":"","ast-banner-title-visibility":"","ast-main-header-display":"","ast-hfb-above-header-display":"","ast-hfb-below-header-display":"","ast-hfb-mobile-header-display":"","site-post-title":"","ast-breadcrumbs-content":"","ast-featured-img":"","footer-sml-layout":"","ast-disable-related-posts":"","theme-transparent-header-meta":"","adv-header-id-meta":"","stick-header-meta":"","header-above-stick-meta":"","header-main-stick-meta":"","header-below-stick-meta":"","astra-migrate-meta-layouts":"default","ast-page-background-enabled":"default","ast-page-background-meta":{"desktop":{"background-color":"var(--ast-global-color-4)","background-image":"","background-repeat":"repeat","background-position":"center center","background-size":"auto","background-attachment":"scroll","background-type":"","background-media":"","overlay-type":"","overlay-color":"","overlay-opacity":"","overlay-gradient":""},"tablet":{"background-color":"","background-image":"","background-repeat":"repeat","background-position":"center center","background-size":"auto","background-attachment":"scroll","background-type":"","background-media":"","overlay-type":"","overlay-color":"","overlay-opacity":"","overlay-gradient":""},"mobile":{"background-color":"","background-image":"","background-repeat":"repeat","background-position":"center center","background-size":"auto","background-attachment":"scroll","background-type":"","background-media":"","overlay-type":"","overlay-color":"","overlay-opacity":"","overlay-gradient":""}},"ast-content-background-meta":{"desktop":{"background-color":"var(--ast-global-color-5)","background-image":"","background-repeat":"repeat","background-position":"center center","background-size":"auto","background-attachment":"scroll","background-type":"","background-media":"","overlay-type":"","overlay-color":"","overlay-opacity":"","overlay-gradient":""},"tablet":{"background-color":"var(--ast-global-color-5)","background-image":"","background-repeat":"repeat","background-position":"center center","background-size":"auto","background-attachment":"scroll","background-type":"","background-media":"","overlay-type":"","overlay-color":"","overlay-opacity":"","overlay-gradient":""},"mobile":{"background-color":"var(--ast-global-color-5)","background-image":"","background-repeat":"repeat","background-position":"center center","background-size":"auto","background-attachment":"scroll","background-type":"","background-media":"","overlay-type":"","overlay-color":"","overlay-opacity":"","overlay-gradient":""}}},"product_brand":[],"product_cat":[130,62,85,69],"product_tag":[],"class_list":{"0":"post-6343","1":"product","2":"type-product","3":"status-publish","4":"has-post-thumbnail","6":"product_cat-alle-produkten","7":"product_cat-alle-producten","8":"product_cat-eenlingiglos","9":"product_cat-open-top","10":"desktop-align-center","11":"tablet-align-left","12":"mobile-align-left","13":"ast-product-gallery-layout-horizontal","14":"ast-product-gallery-with-no-image","15":"ast-product-tabs-layout-horizontal","17":"first","18":"instock","19":"taxable","20":"shipping-taxable","21":"purchasable","22":"product-type-simple"},"_links":{"self":[{"href":"https:\/\/dairytop.eu\/de\/wp-json\/wp\/v2\/product\/6343","targetHints":{"allow":["GET"]}}],"collection":[{"href":"https:\/\/dairytop.eu\/de\/wp-json\/wp\/v2\/product"}],"about":[{"href":"https:\/\/dairytop.eu\/de\/wp-json\/wp\/v2\/types\/product"}],"version-history":[{"count":1,"href":"https:\/\/dairytop.eu\/de\/wp-json\/wp\/v2\/product\/6343\/revisions"}],"predecessor-version":[{"id":7681,"href":"https:\/\/dairytop.eu\/de\/wp-json\/wp\/v2\/product\/6343\/revisions\/7681"}],"wp:featuredmedia":[{"embeddable":true,"href":"https:\/\/dairytop.eu\/de\/wp-json\/wp\/v2\/media\/6344"}],"wp:attachment":[{"href":"https:\/\/dairytop.eu\/de\/wp-json\/wp\/v2\/media?parent=6343"}],"wp:term":[{"taxonomy":"product_brand","embeddable":true,"href":"https:\/\/dairytop.eu\/de\/wp-json\/wp\/v2\/product_brand?post=6343"},{"taxonomy":"product_cat","embeddable":true,"href":"https:\/\/dairytop.eu\/de\/wp-json\/wp\/v2\/product_cat?post=6343"},{"taxonomy":"product_tag","embeddable":true,"href":"https:\/\/dairytop.eu\/de\/wp-json\/wp\/v2\/product_tag?post=6343"}],"curies":[{"name":"wp","href":"https:\/\/api.w.org\/{rel}","templated":true}]}}